{"id":1209,"date":"2023-03-02T12:18:22","date_gmt":"2023-03-02T12:18:22","guid":{"rendered":"https:\/\/spielwiese-werbetechnik.net\/?page_id=1209"},"modified":"2023-03-06T13:55:21","modified_gmt":"2023-03-06T13:55:21","slug":"1209-2","status":"publish","type":"page","link":"https:\/\/spielwiese-werbetechnik.net\/index.php\/1209-2\/","title":{"rendered":"Buchstaben Profil 05 S"},"content":{"rendered":"\n<div id=\"wp-block-themeisle-blocks-advanced-columns-a2946a77\" class=\"wp-block-themeisle-blocks-advanced-columns alignfull has-2-columns has-desktop-equal-layout has-tablet-equal-layout has-mobile-collapsedRows-layout has-vertical-center ticss-a2946a77 has-dark-bg coblocks-animate\" data-coblocks-animation=\"slideInBottom\"><div class=\"wp-block-themeisle-blocks-advanced-columns-overlay\"><\/div><div class=\"innerblocks-wrap\">\n<div id=\"wp-block-themeisle-blocks-advanced-column-bbddf55b\" class=\"wp-block-themeisle-blocks-advanced-column\"><div class=\"wp-block-image\">\n<figure class=\"aligncenter size-large is-resized\"><img loading=\"lazy\" decoding=\"async\" src=\"https:\/\/spielwiese-werbetechnik.net\/wp-content\/uploads\/2023\/03\/Profil-5S-630x1024.png\" alt=\"\" class=\"wp-image-1217\" width=\"315\" height=\"512\" srcset=\"https:\/\/spielwiese-werbetechnik.net\/wp-content\/uploads\/2023\/03\/Profil-5S-630x1024.png 630w, https:\/\/spielwiese-werbetechnik.net\/wp-content\/uploads\/2023\/03\/Profil-5S-185x300.png 185w, https:\/\/spielwiese-werbetechnik.net\/wp-content\/uploads\/2023\/03\/Profil-5S-768x1248.png 768w, https:\/\/spielwiese-werbetechnik.net\/wp-content\/uploads\/2023\/03\/Profil-5S.png 828w\" sizes=\"auto, (max-width: 315px) 100vw, 315px\" \/><\/figure>\n<\/div><\/div>\n\n\n\n<div id=\"wp-block-themeisle-blocks-advanced-column-92b2db05\" class=\"wp-block-themeisle-blocks-advanced-column\">\n<h2 id=\"wp-block-themeisle-blocks-advanced-heading-8f1f2647\" class=\"wp-block-themeisle-blocks-advanced-heading wp-block-themeisle-blocks-advanced-heading-8f1f2647\">Profil 05 S<\/h2>\n\n\n\n<p class=\"has-white-color has-text-color\">Der Profil 5s Leuchtbuchstabe ist ein frontseitig leuchtender Aluminiumbuchstabe. Die Zarge und der Boden bestehen aus Aluminiumblech, welches in Ihrem Wunschfarbton lackiert wird. Von Innen sind die Bleche wei\u00df lackiert zur Erh\u00f6hung der Leuchtkraft. Hochwertige LEDs sorgen f\u00fcr eine gleichm\u00e4\u00dfige Ausleuchtung mit hoher Leuchtkraft. Die Acrylglasfront wird ohne sichtbare Befestigungselemente an den Zargen befestigt.<\/p>\n<\/div>\n<\/div><\/div>\n\n\n\n<div style=\"height:30px\" aria-hidden=\"true\" class=\"wp-block-spacer\"><\/div>\n\n\n\n<div class=\"wp-block-columns coblocks-animate is-layout-flex wp-container-core-columns-is-layout-9d6595d7 wp-block-columns-is-layout-flex\" data-coblocks-animation=\"slideInBottom\">\n<div class=\"wp-block-column is-layout-flow wp-block-column-is-layout-flow\">\n<figure class=\"wp-block-image size-full is-resized\"><img loading=\"lazy\" decoding=\"async\" src=\"https:\/\/spielwiese-werbetechnik.net\/wp-content\/uploads\/2023\/03\/Profil-5S_detail.png\" alt=\"\" class=\"wp-image-1218\" width=\"403\" height=\"251\" srcset=\"https:\/\/spielwiese-werbetechnik.net\/wp-content\/uploads\/2023\/03\/Profil-5S_detail.png 805w, https:\/\/spielwiese-werbetechnik.net\/wp-content\/uploads\/2023\/03\/Profil-5S_detail-300x187.png 300w, https:\/\/spielwiese-werbetechnik.net\/wp-content\/uploads\/2023\/03\/Profil-5S_detail-768x479.png 768w\" sizes=\"auto, (max-width: 403px) 100vw, 403px\" \/><\/figure>\n<\/div>\n\n\n\n<div class=\"wp-block-column is-vertically-aligned-center is-layout-flow wp-block-column-is-layout-flow\">\n<p>Korpus: Aluminium nach RAL beschichtet<br>Boden: Aluminium nach RAL beschichtet<br>Front: Acrylglas ohne frontseitig sichtbare Befestigungselemente<br>Beleuchtung: LED<br>mit und ohne Leuchtmittel lieferbar<\/p>\n<\/div>\n<\/div>\n\n\n\n<div style=\"height:30px\" aria-hidden=\"true\" class=\"wp-block-spacer\"><\/div>\n\n\n\n<div class=\"wp-block-columns coblocks-animate is-layout-flex wp-container-core-columns-is-layout-9d6595d7 wp-block-columns-is-layout-flex\" data-coblocks-animation=\"slideInBottom\">\n<div class=\"wp-block-column coblocks-animate is-layout-flow wp-block-column-is-layout-flow\" data-coblocks-animation=\"slideInBottom\">\n<p class=\"has-text-align-center has-large-font-size has-custom-weight\" style=\"font-weight:bold\">Preis\u00fcbersicht<\/p>\n\n\n\n<p class=\"has-text-align-center has-small-font-size\">Immer nach Gro\u00dfbuchstaben kalkuliert. Wenn breiter als hoch, dann nach Breite.<br>Serifenschriften&nbsp;+15%, Schreibschrift auf Anfrage.<br>Kabelkanal +60,00 Euro \/ Lfm.<br>Auf Ger\u00e4ten vormontiert ab 120,00 Euro \/ Lfm.<br>Daten\u00fcbernahme: 28,00 Euro \/ Motiv<\/p>\n\n\n\n<table id=\"tablepress-29\" class=\"tablepress tablepress-id-29\">\n<tbody class=\"row-striping row-hover\">\n<tr class=\"row-1\">\n\t<td class=\"column-1\"><strong>Profil 05 S<\/strong><\/td><td class=\"column-2\"><\/td>\n<\/tr>\n<tr class=\"row-2\">\n\t<td class=\"column-1\"><strong>Versalh\u00f6he [mm]<\/strong><\/td><td class=\"column-2\"><strong>Ink.LED Ausleuchtung<\/strong><\/td>\n<\/tr>\n<tr class=\"row-3\">\n\t<td class=\"column-1\"><strong>bis 200<\/strong><\/td><td class=\"column-2\">90,00\u00a0\u20ac<\/td>\n<\/tr>\n<tr class=\"row-4\">\n\t<td class=\"column-1\"><strong>bis 300<\/strong><\/td><td class=\"column-2\">135,00\u00a0\u20ac<\/td>\n<\/tr>\n<tr class=\"row-5\">\n\t<td class=\"column-1\"><strong>bis 400<\/strong><\/td><td class=\"column-2\">180,00\u00a0\u20ac<\/td>\n<\/tr>\n<tr class=\"row-6\">\n\t<td class=\"column-1\"><strong>bis 500<\/strong><\/td><td class=\"column-2\">225,00\u00a0\u20ac<\/td>\n<\/tr>\n<tr class=\"row-7\">\n\t<td class=\"column-1\"><strong>bis 600<\/strong><\/td><td class=\"column-2\">270,00\u00a0\u20ac<\/td>\n<\/tr>\n<tr class=\"row-8\">\n\t<td class=\"column-1\"><strong>bis 700<\/strong><\/td><td class=\"column-2\">315,00\u00a0\u20ac<\/td>\n<\/tr>\n<tr class=\"row-9\">\n\t<td class=\"column-1\"><strong>bis 800<\/strong><\/td><td class=\"column-2\">360,00\u00a0\u20ac<\/td>\n<\/tr>\n<tr class=\"row-10\">\n\t<td class=\"column-1\"><strong>bis 900<\/strong><\/td><td class=\"column-2\">405,00 \u20ac<\/td>\n<\/tr>\n<tr class=\"row-11\">\n\t<td class=\"column-1\"><strong>bis 1000<\/strong><\/td><td class=\"column-2\">450,00\u00a0\u20ac<\/td>\n<\/tr>\n<\/tbody>\n<\/table>\n<!-- #tablepress-29 from cache --><\/div>\n<\/div>\n","protected":false},"excerpt":{"rendered":"<p>Korpus: Aluminium nach RAL beschichtetBoden: Aluminium nach RAL beschichtetFront: Acrylglas ohne frontseitig sichtbare BefestigungselementeBeleuchtung: LEDmit und ohne Leuchtmittel lieferbar Preis\u00fcbersicht Immer nach Gro\u00dfbuchstaben kalkuliert. Wenn breiter als hoch, dann nach Breite.Serifenschriften&nbsp;+15%, Schreibschrift auf Anfrage.Kabelkanal +60,00 Euro \/ Lfm.Auf Ger\u00e4ten vormontiert ab 120,00 Euro \/ Lfm.Daten\u00fcbernahme: 28,00 Euro \/ Motiv<\/p>\n","protected":false},"author":2,"featured_media":0,"parent":0,"menu_order":0,"comment_status":"closed","ping_status":"closed","template":"","meta":{"_coblocks_attr":"","_coblocks_dimensions":"","_coblocks_responsive_height":"","_coblocks_accordion_ie_support":"","_eb_attr":"","neve_meta_sidebar":"","neve_meta_container":"","neve_meta_enable_content_width":"","neve_meta_content_width":0,"neve_meta_title_alignment":"","neve_meta_author_avatar":"","neve_post_elements_order":"","neve_meta_disable_header":"","neve_meta_disable_footer":"","neve_meta_disable_title":"","_themeisle_gutenberg_block_has_review":false,"footnotes":""},"class_list":["post-1209","page","type-page","status-publish","hentry"],"yoast_head":"<!-- This site is optimized with the Yoast SEO plugin v26.9 - https:\/\/yoast.com\/product\/yoast-seo-wordpress\/ -->\n<title>Buchstaben Profil 05 S - Hoffschmidt Werbeteam<\/title>\n<meta name=\"robots\" content=\"noindex, follow, max-snippet:-1, max-image-preview:large, max-video-preview:-1\" \/>\n<meta property=\"og:locale\" content=\"de_DE\" \/>\n<meta property=\"og:type\" content=\"article\" \/>\n<meta property=\"og:title\" content=\"Buchstaben Profil 05 S - Hoffschmidt Werbeteam\" \/>\n<meta property=\"og:description\" content=\"Korpus: Aluminium nach RAL beschichtetBoden: Aluminium nach RAL beschichtetFront: Acrylglas ohne frontseitig sichtbare BefestigungselementeBeleuchtung: LEDmit und ohne Leuchtmittel lieferbar Preis\u00fcbersicht Immer nach Gro\u00dfbuchstaben kalkuliert. Wenn breiter als hoch, dann nach Breite.Serifenschriften&nbsp;+15%, Schreibschrift auf Anfrage.Kabelkanal +60,00 Euro \/ Lfm.Auf Ger\u00e4ten vormontiert ab 120,00 Euro \/ Lfm.Daten\u00fcbernahme: 28,00 Euro \/ Motiv\" \/>\n<meta property=\"og:url\" content=\"https:\/\/spielwiese-werbetechnik.net\/index.php\/1209-2\/\" \/>\n<meta property=\"og:site_name\" content=\"Hoffschmidt Werbeteam\" \/>\n<meta property=\"article:publisher\" content=\"https:\/\/www.facebook.com\/people\/Hoffschmidt-Werbeteam\" \/>\n<meta property=\"article:modified_time\" content=\"2023-03-06T13:55:21+00:00\" \/>\n<meta property=\"og:image\" content=\"https:\/\/spielwiese-werbetechnik.net\/wp-content\/uploads\/2023\/03\/Profil-5S-630x1024.png\" \/>\n<meta name=\"twitter:card\" content=\"summary_large_image\" \/>\n<meta name=\"twitter:label1\" content=\"Gesch\u00e4tzte Lesezeit\" \/>\n\t<meta name=\"twitter:data1\" content=\"2\u00a0Minuten\" \/>\n<script type=\"application\/ld+json\" class=\"yoast-schema-graph\">{\"@context\":\"https:\/\/schema.org\",\"@graph\":[{\"@type\":\"WebPage\",\"@id\":\"https:\/\/spielwiese-werbetechnik.net\/index.php\/1209-2\/\",\"url\":\"https:\/\/spielwiese-werbetechnik.net\/index.php\/1209-2\/\",\"name\":\"Buchstaben Profil 05 S - Hoffschmidt Werbeteam\",\"isPartOf\":{\"@id\":\"https:\/\/spielwiese-werbetechnik.net\/#website\"},\"primaryImageOfPage\":{\"@id\":\"https:\/\/spielwiese-werbetechnik.net\/index.php\/1209-2\/#primaryimage\"},\"image\":{\"@id\":\"https:\/\/spielwiese-werbetechnik.net\/index.php\/1209-2\/#primaryimage\"},\"thumbnailUrl\":\"https:\/\/spielwiese-werbetechnik.net\/wp-content\/uploads\/2023\/03\/Profil-5S-630x1024.png\",\"datePublished\":\"2023-03-02T12:18:22+00:00\",\"dateModified\":\"2023-03-06T13:55:21+00:00\",\"breadcrumb\":{\"@id\":\"https:\/\/spielwiese-werbetechnik.net\/index.php\/1209-2\/#breadcrumb\"},\"inLanguage\":\"de\",\"potentialAction\":[{\"@type\":\"ReadAction\",\"target\":[\"https:\/\/spielwiese-werbetechnik.net\/index.php\/1209-2\/\"]}]},{\"@type\":\"ImageObject\",\"inLanguage\":\"de\",\"@id\":\"https:\/\/spielwiese-werbetechnik.net\/index.php\/1209-2\/#primaryimage\",\"url\":\"https:\/\/spielwiese-werbetechnik.net\/wp-content\/uploads\/2023\/03\/Profil-5S.png\",\"contentUrl\":\"https:\/\/spielwiese-werbetechnik.net\/wp-content\/uploads\/2023\/03\/Profil-5S.png\",\"width\":828,\"height\":1346},{\"@type\":\"BreadcrumbList\",\"@id\":\"https:\/\/spielwiese-werbetechnik.net\/index.php\/1209-2\/#breadcrumb\",\"itemListElement\":[{\"@type\":\"ListItem\",\"position\":1,\"name\":\"Startseite\",\"item\":\"https:\/\/spielwiese-werbetechnik.net\/\"},{\"@type\":\"ListItem\",\"position\":2,\"name\":\"Buchstaben Profil 05 S\"}]},{\"@type\":\"WebSite\",\"@id\":\"https:\/\/spielwiese-werbetechnik.net\/#website\",\"url\":\"https:\/\/spielwiese-werbetechnik.net\/\",\"name\":\"Hoffschmidt Werbeteam\",\"description\":\"sichtbar bessere Werbung!\",\"potentialAction\":[{\"@type\":\"SearchAction\",\"target\":{\"@type\":\"EntryPoint\",\"urlTemplate\":\"https:\/\/spielwiese-werbetechnik.net\/?s={search_term_string}\"},\"query-input\":{\"@type\":\"PropertyValueSpecification\",\"valueRequired\":true,\"valueName\":\"search_term_string\"}}],\"inLanguage\":\"de\"}]}<\/script>\n<!-- \/ Yoast SEO plugin. -->","yoast_head_json":{"title":"Buchstaben Profil 05 S - Hoffschmidt Werbeteam","robots":{"index":"noindex","follow":"follow","max-snippet":"max-snippet:-1","max-image-preview":"max-image-preview:large","max-video-preview":"max-video-preview:-1"},"og_locale":"de_DE","og_type":"article","og_title":"Buchstaben Profil 05 S - Hoffschmidt Werbeteam","og_description":"Korpus: Aluminium nach RAL beschichtetBoden: Aluminium nach RAL beschichtetFront: Acrylglas ohne frontseitig sichtbare BefestigungselementeBeleuchtung: LEDmit und ohne Leuchtmittel lieferbar Preis\u00fcbersicht Immer nach Gro\u00dfbuchstaben kalkuliert. Wenn breiter als hoch, dann nach Breite.Serifenschriften&nbsp;+15%, Schreibschrift auf Anfrage.Kabelkanal +60,00 Euro \/ Lfm.Auf Ger\u00e4ten vormontiert ab 120,00 Euro \/ Lfm.Daten\u00fcbernahme: 28,00 Euro \/ Motiv","og_url":"https:\/\/spielwiese-werbetechnik.net\/index.php\/1209-2\/","og_site_name":"Hoffschmidt Werbeteam","article_publisher":"https:\/\/www.facebook.com\/people\/Hoffschmidt-Werbeteam","article_modified_time":"2023-03-06T13:55:21+00:00","og_image":[{"url":"https:\/\/spielwiese-werbetechnik.net\/wp-content\/uploads\/2023\/03\/Profil-5S-630x1024.png","type":"","width":"","height":""}],"twitter_card":"summary_large_image","twitter_misc":{"Gesch\u00e4tzte Lesezeit":"2\u00a0Minuten"},"schema":{"@context":"https:\/\/schema.org","@graph":[{"@type":"WebPage","@id":"https:\/\/spielwiese-werbetechnik.net\/index.php\/1209-2\/","url":"https:\/\/spielwiese-werbetechnik.net\/index.php\/1209-2\/","name":"Buchstaben Profil 05 S - Hoffschmidt Werbeteam","isPartOf":{"@id":"https:\/\/spielwiese-werbetechnik.net\/#website"},"primaryImageOfPage":{"@id":"https:\/\/spielwiese-werbetechnik.net\/index.php\/1209-2\/#primaryimage"},"image":{"@id":"https:\/\/spielwiese-werbetechnik.net\/index.php\/1209-2\/#primaryimage"},"thumbnailUrl":"https:\/\/spielwiese-werbetechnik.net\/wp-content\/uploads\/2023\/03\/Profil-5S-630x1024.png","datePublished":"2023-03-02T12:18:22+00:00","dateModified":"2023-03-06T13:55:21+00:00","breadcrumb":{"@id":"https:\/\/spielwiese-werbetechnik.net\/index.php\/1209-2\/#breadcrumb"},"inLanguage":"de","potentialAction":[{"@type":"ReadAction","target":["https:\/\/spielwiese-werbetechnik.net\/index.php\/1209-2\/"]}]},{"@type":"ImageObject","inLanguage":"de","@id":"https:\/\/spielwiese-werbetechnik.net\/index.php\/1209-2\/#primaryimage","url":"https:\/\/spielwiese-werbetechnik.net\/wp-content\/uploads\/2023\/03\/Profil-5S.png","contentUrl":"https:\/\/spielwiese-werbetechnik.net\/wp-content\/uploads\/2023\/03\/Profil-5S.png","width":828,"height":1346},{"@type":"BreadcrumbList","@id":"https:\/\/spielwiese-werbetechnik.net\/index.php\/1209-2\/#breadcrumb","itemListElement":[{"@type":"ListItem","position":1,"name":"Startseite","item":"https:\/\/spielwiese-werbetechnik.net\/"},{"@type":"ListItem","position":2,"name":"Buchstaben Profil 05 S"}]},{"@type":"WebSite","@id":"https:\/\/spielwiese-werbetechnik.net\/#website","url":"https:\/\/spielwiese-werbetechnik.net\/","name":"Hoffschmidt Werbeteam","description":"sichtbar bessere Werbung!","potentialAction":[{"@type":"SearchAction","target":{"@type":"EntryPoint","urlTemplate":"https:\/\/spielwiese-werbetechnik.net\/?s={search_term_string}"},"query-input":{"@type":"PropertyValueSpecification","valueRequired":true,"valueName":"search_term_string"}}],"inLanguage":"de"}]}},"_links":{"self":[{"href":"https:\/\/spielwiese-werbetechnik.net\/index.php\/wp-json\/wp\/v2\/pages\/1209","targetHints":{"allow":["GET"]}}],"collection":[{"href":"https:\/\/spielwiese-werbetechnik.net\/index.php\/wp-json\/wp\/v2\/pages"}],"about":[{"href":"https:\/\/spielwiese-werbetechnik.net\/index.php\/wp-json\/wp\/v2\/types\/page"}],"author":[{"embeddable":true,"href":"https:\/\/spielwiese-werbetechnik.net\/index.php\/wp-json\/wp\/v2\/users\/2"}],"replies":[{"embeddable":true,"href":"https:\/\/spielwiese-werbetechnik.net\/index.php\/wp-json\/wp\/v2\/comments?post=1209"}],"version-history":[{"count":10,"href":"https:\/\/spielwiese-werbetechnik.net\/index.php\/wp-json\/wp\/v2\/pages\/1209\/revisions"}],"predecessor-version":[{"id":1455,"href":"https:\/\/spielwiese-werbetechnik.net\/index.php\/wp-json\/wp\/v2\/pages\/1209\/revisions\/1455"}],"wp:attachment":[{"href":"https:\/\/spielwiese-werbetechnik.net\/index.php\/wp-json\/wp\/v2\/media?parent=1209"}],"curies":[{"name":"wp","href":"https:\/\/api.w.org\/{rel}","templated":true}]}}