{"id":146,"date":"2023-02-09T07:48:52","date_gmt":"2023-02-09T07:48:52","guid":{"rendered":"https:\/\/spielwiese-werbetechnik.net\/?page_id=146"},"modified":"2023-03-06T09:42:38","modified_gmt":"2023-03-06T09:42:38","slug":"werbepylone-standard","status":"publish","type":"page","link":"https:\/\/spielwiese-werbetechnik.net\/index.php\/werbepylone-standard\/","title":{"rendered":"Werbepylone Standard"},"content":{"rendered":"\n<div id=\"wp-block-themeisle-blocks-advanced-columns-a2946a77\" class=\"wp-block-themeisle-blocks-advanced-columns alignfull has-2-columns has-desktop-equal-layout has-tablet-equal-layout has-mobile-collapsedRows-layout has-vertical-center ticss-a2946a77 has-dark-bg coblocks-animate\" data-coblocks-animation=\"slideInBottom\"><div class=\"wp-block-themeisle-blocks-advanced-columns-overlay\"><\/div><div class=\"innerblocks-wrap\">\n<div id=\"wp-block-themeisle-blocks-advanced-column-bbddf55b\" class=\"wp-block-themeisle-blocks-advanced-column\"><div class=\"wp-block-image\">\n<figure class=\"aligncenter size-full is-resized\"><img loading=\"lazy\" decoding=\"async\" src=\"https:\/\/spielwiese-werbetechnik.net\/wp-content\/uploads\/2023\/03\/Pylon.png\" alt=\"\" class=\"wp-image-1198\" width=\"248\" height=\"751\" srcset=\"https:\/\/spielwiese-werbetechnik.net\/wp-content\/uploads\/2023\/03\/Pylon.png 330w, https:\/\/spielwiese-werbetechnik.net\/wp-content\/uploads\/2023\/03\/Pylon-99x300.png 99w\" sizes=\"auto, (max-width: 248px) 100vw, 248px\" \/><\/figure>\n<\/div><\/div>\n\n\n\n<div id=\"wp-block-themeisle-blocks-advanced-column-92b2db05\" class=\"wp-block-themeisle-blocks-advanced-column\">\n<p class=\"has-nv-site-bg-color has-text-color has-x-large-font-size has-custom-weight\" style=\"font-weight:bold\">Werbepylone in Standardfassung<\/p>\n\n\n\n<p class=\"has-nv-site-bg-color has-text-color\">F\u00fcr den Au\u00dfenbereich ideale Standards finden Sie hier<br>Spezielle, bew\u00e4hrte Formen bieten einen hohen Wiedererkennungswert. Gedacht f\u00fcr die Orientierung im Verkehr, k\u00f6nnen Werbepylone Autofahrern den Weg weisen und sind selbst aus weiter Entfernung gut sichtbar.<\/p>\n\n\n\n<p class=\"has-nv-site-bg-color has-text-color\">Werbepylone werden von uns vormontiert, unbeschriftet und anschlussfertig geliefert. Auf Anfrage \u00fcbernehmen wir die Befestigung und Installation der Anlage.<\/p>\n\n\n\n<div class=\"wp-block-buttons is-layout-flex wp-block-buttons-is-layout-flex\">\n<div class=\"wp-block-button is-style-3d\"><a class=\"wp-block-button__link has-background wp-element-button\" href=\"\" style=\"background:linear-gradient(180deg,rgb(57,228,54) 0%,rgb(44,144,57) 100%)\">Ab 1079,10\u20ac<\/a><\/div>\n<\/div>\n<\/div>\n<\/div><\/div>\n\n\n\n<div style=\"height:30px\" aria-hidden=\"true\" class=\"wp-block-spacer\"><\/div>\n\n\n\n<div class=\"wp-block-columns coblocks-animate is-layout-flex wp-container-core-columns-is-layout-9d6595d7 wp-block-columns-is-layout-flex\" data-coblocks-animation=\"slideInBottom\">\n<div class=\"wp-block-column is-layout-flow wp-block-column-is-layout-flow\">\n<p class=\"has-text-align-center has-large-font-size has-custom-weight\" style=\"font-weight:bold\">Preis\u00fcbersicht<\/p>\n\n\n\n<table id=\"tablepress-5\" class=\"tablepress tablepress-id-5\">\n<tbody class=\"row-striping row-hover\">\n<tr class=\"row-1\">\n\t<td class=\"column-1\"><strong>Pylone konvex\/plano silber<\/strong><\/td><td class=\"column-2\"><strong>unbeleuchtet<\/strong><\/td><td class=\"column-3\"><strong>LSR Ausleuchtung<\/strong><\/td><td class=\"column-4\"><strong>LED Ausleuchtung<\/strong><\/td>\n<\/tr>\n<tr class=\"row-2\">\n\t<td class=\"column-1\"><strong>Breite x H\u00f6he mm<\/strong><\/td><td class=\"column-2\"><\/td><td class=\"column-3\"><\/td><td class=\"column-4\"><\/td>\n<\/tr>\n<tr class=\"row-3\">\n\t<td class=\"column-1\"><strong>1000 x 2000<\/strong><\/td><td class=\"column-2\">1079,10 \u20ac<\/td><td class=\"column-3\">1523,82\u00a0\u20ac<\/td><td class=\"column-4\">2060,10\u00a0\u20ac<\/td>\n<\/tr>\n<tr class=\"row-4\">\n\t<td class=\"column-1\"><strong>1200 x 2000<\/strong><\/td><td class=\"column-2\">1253,50\u00a0\u20ac<\/td><td class=\"column-3\">1777,79\u00a0\u20ac<\/td><td class=\"column-4\">2343,50\u00a0\u20ac<\/td>\n<\/tr>\n<tr class=\"row-5\">\n\t<td class=\"column-1\"><strong>1500 x 2000<\/strong><\/td><td class=\"column-2\">1406,10\u00a0\u20ac<\/td><td class=\"column-3\">2060,10\u00a0\u20ac<\/td><td class=\"column-4\">2714,10\u00a0\u20ac<\/td>\n<\/tr>\n<tr class=\"row-6\">\n\t<td class=\"column-1\"><strong>1000 x 3000<\/strong><\/td><td class=\"column-2\">1547,80\u00a0\u20ac<\/td><td class=\"column-3\">2047,02\u00a0\u20ac<\/td><td class=\"column-4\">2604,01\u00a0\u20ac<\/td>\n<\/tr>\n<tr class=\"row-7\">\n\t<td class=\"column-1\"><strong>1200 x 3000<\/strong><\/td><td class=\"column-2\">1842,10\u00a0\u20ac<\/td><td class=\"column-3\">2387,10\u00a0\u20ac<\/td><td class=\"column-4\">3187,16\u00a0\u20ac<\/td>\n<\/tr>\n<tr class=\"row-8\">\n\t<td class=\"column-1\"><strong>1500 x 3000<\/strong><\/td><td class=\"column-2\">2169,10\u00a0\u20ac<\/td><td class=\"column-3\">2823,10\u00a0\u20ac<\/td><td class=\"column-4\">3368,10\u00a0\u20ac<\/td>\n<\/tr>\n<tr class=\"row-9\">\n\t<td class=\"column-1\"><strong>1000 x 4000<\/strong><\/td><td class=\"column-2\">1820,30\u00a0\u20ac<\/td><td class=\"column-3\">2496,10\u00a0\u20ac<\/td><td class=\"column-4\">3268,91\u00a0\u20ac<\/td>\n<\/tr>\n<tr class=\"row-10\">\n\t<td class=\"column-1\"><strong>1200 x 4000<\/strong><\/td><td class=\"column-2\">2278,10\u00a0\u20ac<\/td><td class=\"column-3\">3018,21\u00a0\u20ac<\/td><td class=\"column-4\">3695,92\u00a0\u20ac<\/td>\n<\/tr>\n<tr class=\"row-11\">\n\t<td class=\"column-1\"><strong>1500 x 4000<\/strong><\/td><td class=\"column-2\">2655,24\u00a0\u20ac<\/td><td class=\"column-3\">3542,50\u00a0\u20ac<\/td><td class=\"column-4\">4564,92\u00a0\u20ac<\/td>\n<\/tr>\n<\/tbody>\n<\/table>\n<!-- #tablepress-5 from cache -->\n\n\n<p class=\"has-text-align-center has-small-font-size\">Zzgl. Verpackung und Versand<\/p>\n<\/div>\n<\/div>\n\n\n\n<div class=\"wp-block-essential-blocks-image-gallery\"><div class=\"eb-parent-wrapper eb-parent-eb-image-gallery-2mdg9py \"><div class=\"eb-gallery-img-wrapper eb-image-gallery-2mdg9py grid zoom caption-style-0  \" data-id=\"eb-image-gallery-2mdg9py\"><a href=\"https:\/\/spielwiese-werbetechnik.net\/wp-content\/uploads\/2023\/02\/DSC_7537-scaled.jpg\" id=\"eb-gallery-img-content\" data-fslightbox=\"gallery\" data-type=\"image\" class=\"eb-gallery-img-content eb-filter-img-\"><span class=\"eb-gallery-link-wrapper\"><img decoding=\"async\" class=\"eb-gallery-img\" src=\"https:\/\/spielwiese-werbetechnik.net\/wp-content\/uploads\/2023\/02\/DSC_7537-scaled.jpg\" image-index=\"0\"\/><\/span><\/a><a href=\"https:\/\/spielwiese-werbetechnik.net\/wp-content\/uploads\/2023\/02\/DSC_7535-scaled.jpg\" id=\"eb-gallery-img-content\" data-fslightbox=\"gallery\" data-type=\"image\" class=\"eb-gallery-img-content eb-filter-img-\"><span class=\"eb-gallery-link-wrapper\"><img decoding=\"async\" class=\"eb-gallery-img\" src=\"https:\/\/spielwiese-werbetechnik.net\/wp-content\/uploads\/2023\/02\/DSC_7535-scaled.jpg\" image-index=\"1\"\/><\/span><\/a><a href=\"https:\/\/spielwiese-werbetechnik.net\/wp-content\/uploads\/2023\/02\/DSC_7468-scaled.jpg\" id=\"eb-gallery-img-content\" data-fslightbox=\"gallery\" data-type=\"image\" class=\"eb-gallery-img-content eb-filter-img-\"><span class=\"eb-gallery-link-wrapper\"><img decoding=\"async\" class=\"eb-gallery-img\" src=\"https:\/\/spielwiese-werbetechnik.net\/wp-content\/uploads\/2023\/02\/DSC_7468-scaled.jpg\" image-index=\"2\"\/><\/span><\/a><a href=\"https:\/\/spielwiese-werbetechnik.net\/wp-content\/uploads\/2023\/02\/DSC_7472-scaled.jpg\" id=\"eb-gallery-img-content\" data-fslightbox=\"gallery\" data-type=\"image\" class=\"eb-gallery-img-content eb-filter-img-\"><span class=\"eb-gallery-link-wrapper\"><img decoding=\"async\" class=\"eb-gallery-img\" src=\"https:\/\/spielwiese-werbetechnik.net\/wp-content\/uploads\/2023\/02\/DSC_7472-scaled.jpg\" image-index=\"3\"\/><\/span><\/a><a href=\"https:\/\/spielwiese-werbetechnik.net\/wp-content\/uploads\/2023\/02\/DSC_7490-scaled.jpg\" id=\"eb-gallery-img-content\" data-fslightbox=\"gallery\" data-type=\"image\" class=\"eb-gallery-img-content eb-filter-img-\"><span class=\"eb-gallery-link-wrapper\"><img decoding=\"async\" class=\"eb-gallery-img\" src=\"https:\/\/spielwiese-werbetechnik.net\/wp-content\/uploads\/2023\/02\/DSC_7490-scaled.jpg\" image-index=\"4\"\/><\/span><\/a><a href=\"https:\/\/spielwiese-werbetechnik.net\/wp-content\/uploads\/2023\/02\/DSC_7445-scaled.jpg\" id=\"eb-gallery-img-content\" data-fslightbox=\"gallery\" data-type=\"image\" class=\"eb-gallery-img-content eb-filter-img-\"><span class=\"eb-gallery-link-wrapper\"><img decoding=\"async\" class=\"eb-gallery-img\" src=\"https:\/\/spielwiese-werbetechnik.net\/wp-content\/uploads\/2023\/02\/DSC_7445-scaled.jpg\" image-index=\"5\"\/><\/span><\/a><a href=\"https:\/\/spielwiese-werbetechnik.net\/wp-content\/uploads\/2023\/02\/DSC_6957-1-scaled.jpg\" id=\"eb-gallery-img-content\" data-fslightbox=\"gallery\" data-type=\"image\" class=\"eb-gallery-img-content eb-filter-img-\"><span class=\"eb-gallery-link-wrapper\"><img decoding=\"async\" class=\"eb-gallery-img\" src=\"https:\/\/spielwiese-werbetechnik.net\/wp-content\/uploads\/2023\/02\/DSC_6957-1-scaled.jpg\" image-index=\"6\"\/><\/span><\/a><a href=\"https:\/\/spielwiese-werbetechnik.net\/wp-content\/uploads\/2023\/02\/DSC_5957-scaled.jpg\" id=\"eb-gallery-img-content\" data-fslightbox=\"gallery\" data-type=\"image\" class=\"eb-gallery-img-content eb-filter-img-\"><span class=\"eb-gallery-link-wrapper\"><img decoding=\"async\" class=\"eb-gallery-img\" src=\"https:\/\/spielwiese-werbetechnik.net\/wp-content\/uploads\/2023\/02\/DSC_5957-scaled.jpg\" image-index=\"7\"\/><\/span><\/a><a href=\"https:\/\/spielwiese-werbetechnik.net\/wp-content\/uploads\/2023\/02\/DSC_5818-scaled.jpg\" id=\"eb-gallery-img-content\" data-fslightbox=\"gallery\" data-type=\"image\" class=\"eb-gallery-img-content eb-filter-img-\"><span class=\"eb-gallery-link-wrapper\"><img decoding=\"async\" class=\"eb-gallery-img\" src=\"https:\/\/spielwiese-werbetechnik.net\/wp-content\/uploads\/2023\/02\/DSC_5818-scaled.jpg\" image-index=\"8\"\/><\/span><\/a><a href=\"https:\/\/spielwiese-werbetechnik.net\/wp-content\/uploads\/2023\/02\/DSC_3729-scaled.jpg\" id=\"eb-gallery-img-content\" data-fslightbox=\"gallery\" data-type=\"image\" class=\"eb-gallery-img-content eb-filter-img-\"><span class=\"eb-gallery-link-wrapper\"><img decoding=\"async\" class=\"eb-gallery-img\" src=\"https:\/\/spielwiese-werbetechnik.net\/wp-content\/uploads\/2023\/02\/DSC_3729-scaled.jpg\" image-index=\"9\"\/><\/span><\/a><a href=\"https:\/\/spielwiese-werbetechnik.net\/wp-content\/uploads\/2023\/02\/DSC_3160-scaled.jpg\" id=\"eb-gallery-img-content\" data-fslightbox=\"gallery\" data-type=\"image\" class=\"eb-gallery-img-content eb-filter-img-\"><span class=\"eb-gallery-link-wrapper\"><img decoding=\"async\" class=\"eb-gallery-img\" src=\"https:\/\/spielwiese-werbetechnik.net\/wp-content\/uploads\/2023\/02\/DSC_3160-scaled.jpg\" image-index=\"10\"\/><\/span><\/a><\/div><\/div><\/div>\n","protected":false},"excerpt":{"rendered":"<p>Preis\u00fcbersicht Zzgl. Verpackung und Versand<\/p>\n","protected":false},"author":2,"featured_media":0,"parent":0,"menu_order":0,"comment_status":"closed","ping_status":"closed","template":"","meta":{"_coblocks_attr":"","_coblocks_dimensions":"","_coblocks_responsive_height":"","_coblocks_accordion_ie_support":"","_eb_attr":"","neve_meta_sidebar":"","neve_meta_container":"","neve_meta_enable_content_width":"","neve_meta_content_width":0,"neve_meta_title_alignment":"","neve_meta_author_avatar":"","neve_post_elements_order":"","neve_meta_disable_header":"","neve_meta_disable_footer":"","neve_meta_disable_title":"","_themeisle_gutenberg_block_has_review":false,"footnotes":""},"class_list":["post-146","page","type-page","status-publish","hentry"],"yoast_head":"<!-- This site is optimized with the Yoast SEO plugin v26.9 - https:\/\/yoast.com\/product\/yoast-seo-wordpress\/ -->\n<title>Werbepylone Standard - Hoffschmidt Werbeteam<\/title>\n<meta name=\"description\" content=\"F\u00fcr den Au\u00dfenbereich ideale Standards finden Sie hierSpezielle, bew\u00e4hrte Formen bieten einen hohen Wiedererkennungswert. Gedacht f\u00fcr die Orientierung im Verkehr, k\u00f6nnen Werbepylone Autofahrern den Weg weisen und sind selbst aus weiter Entfernung gut sichtbar.Werbepylone werden von uns vormontiert, unbeschriftet und anschlussfertig geliefert. Auf Anfrage \u00fcbernehmen wir die Befestigung und Installation der Anlage.\" \/>\n<meta name=\"robots\" content=\"noindex, follow, max-snippet:-1, max-image-preview:large, max-video-preview:-1\" \/>\n<meta property=\"og:locale\" content=\"de_DE\" \/>\n<meta property=\"og:type\" content=\"article\" \/>\n<meta property=\"og:title\" content=\"Werbepylone Standard - Hoffschmidt Werbeteam\" \/>\n<meta property=\"og:description\" content=\"F\u00fcr den Au\u00dfenbereich ideale Standards finden Sie hierSpezielle, bew\u00e4hrte Formen bieten einen hohen Wiedererkennungswert. Gedacht f\u00fcr die Orientierung im Verkehr, k\u00f6nnen Werbepylone Autofahrern den Weg weisen und sind selbst aus weiter Entfernung gut sichtbar.Werbepylone werden von uns vormontiert, unbeschriftet und anschlussfertig geliefert. Auf Anfrage \u00fcbernehmen wir die Befestigung und Installation der Anlage.\" \/>\n<meta property=\"og:url\" content=\"https:\/\/spielwiese-werbetechnik.net\/index.php\/werbepylone-standard\/\" \/>\n<meta property=\"og:site_name\" content=\"Hoffschmidt Werbeteam\" \/>\n<meta property=\"article:publisher\" content=\"https:\/\/www.facebook.com\/people\/Hoffschmidt-Werbeteam\" \/>\n<meta property=\"article:modified_time\" content=\"2023-03-06T09:42:38+00:00\" \/>\n<meta property=\"og:image\" content=\"https:\/\/spielwiese-werbetechnik.net\/wp-content\/uploads\/2023\/03\/Pylon.png\" \/>\n<meta name=\"twitter:card\" content=\"summary_large_image\" \/>\n<meta name=\"twitter:label1\" content=\"Gesch\u00e4tzte Lesezeit\" \/>\n\t<meta name=\"twitter:data1\" content=\"3\u00a0Minuten\" \/>\n<script type=\"application\/ld+json\" class=\"yoast-schema-graph\">{\"@context\":\"https:\/\/schema.org\",\"@graph\":[{\"@type\":\"WebPage\",\"@id\":\"https:\/\/spielwiese-werbetechnik.net\/index.php\/werbepylone-standard\/\",\"url\":\"https:\/\/spielwiese-werbetechnik.net\/index.php\/werbepylone-standard\/\",\"name\":\"Werbepylone Standard - Hoffschmidt Werbeteam\",\"isPartOf\":{\"@id\":\"https:\/\/spielwiese-werbetechnik.net\/#website\"},\"primaryImageOfPage\":{\"@id\":\"https:\/\/spielwiese-werbetechnik.net\/index.php\/werbepylone-standard\/#primaryimage\"},\"image\":{\"@id\":\"https:\/\/spielwiese-werbetechnik.net\/index.php\/werbepylone-standard\/#primaryimage\"},\"thumbnailUrl\":\"https:\/\/spielwiese-werbetechnik.net\/wp-content\/uploads\/2023\/03\/Pylon.png\",\"datePublished\":\"2023-02-09T07:48:52+00:00\",\"dateModified\":\"2023-03-06T09:42:38+00:00\",\"description\":\"F\u00fcr den Au\u00dfenbereich ideale Standards finden Sie hierSpezielle, bew\u00e4hrte Formen bieten einen hohen Wiedererkennungswert. Gedacht f\u00fcr die Orientierung im Verkehr, k\u00f6nnen Werbepylone Autofahrern den Weg weisen und sind selbst aus weiter Entfernung gut sichtbar.Werbepylone werden von uns vormontiert, unbeschriftet und anschlussfertig geliefert. Auf Anfrage \u00fcbernehmen wir die Befestigung und Installation der Anlage.\",\"breadcrumb\":{\"@id\":\"https:\/\/spielwiese-werbetechnik.net\/index.php\/werbepylone-standard\/#breadcrumb\"},\"inLanguage\":\"de\",\"potentialAction\":[{\"@type\":\"ReadAction\",\"target\":[\"https:\/\/spielwiese-werbetechnik.net\/index.php\/werbepylone-standard\/\"]}]},{\"@type\":\"ImageObject\",\"inLanguage\":\"de\",\"@id\":\"https:\/\/spielwiese-werbetechnik.net\/index.php\/werbepylone-standard\/#primaryimage\",\"url\":\"https:\/\/spielwiese-werbetechnik.net\/wp-content\/uploads\/2023\/03\/Pylon.png\",\"contentUrl\":\"https:\/\/spielwiese-werbetechnik.net\/wp-content\/uploads\/2023\/03\/Pylon.png\",\"width\":330,\"height\":1001},{\"@type\":\"BreadcrumbList\",\"@id\":\"https:\/\/spielwiese-werbetechnik.net\/index.php\/werbepylone-standard\/#breadcrumb\",\"itemListElement\":[{\"@type\":\"ListItem\",\"position\":1,\"name\":\"Startseite\",\"item\":\"https:\/\/spielwiese-werbetechnik.net\/\"},{\"@type\":\"ListItem\",\"position\":2,\"name\":\"Werbepylone Standard\"}]},{\"@type\":\"WebSite\",\"@id\":\"https:\/\/spielwiese-werbetechnik.net\/#website\",\"url\":\"https:\/\/spielwiese-werbetechnik.net\/\",\"name\":\"Hoffschmidt Werbeteam\",\"description\":\"sichtbar bessere Werbung!\",\"potentialAction\":[{\"@type\":\"SearchAction\",\"target\":{\"@type\":\"EntryPoint\",\"urlTemplate\":\"https:\/\/spielwiese-werbetechnik.net\/?s={search_term_string}\"},\"query-input\":{\"@type\":\"PropertyValueSpecification\",\"valueRequired\":true,\"valueName\":\"search_term_string\"}}],\"inLanguage\":\"de\"}]}<\/script>\n<!-- \/ Yoast SEO plugin. -->","yoast_head_json":{"title":"Werbepylone Standard - Hoffschmidt Werbeteam","description":"F\u00fcr den Au\u00dfenbereich ideale Standards finden Sie hierSpezielle, bew\u00e4hrte Formen bieten einen hohen Wiedererkennungswert. Gedacht f\u00fcr die Orientierung im Verkehr, k\u00f6nnen Werbepylone Autofahrern den Weg weisen und sind selbst aus weiter Entfernung gut sichtbar.Werbepylone werden von uns vormontiert, unbeschriftet und anschlussfertig geliefert. Auf Anfrage \u00fcbernehmen wir die Befestigung und Installation der Anlage.","robots":{"index":"noindex","follow":"follow","max-snippet":"max-snippet:-1","max-image-preview":"max-image-preview:large","max-video-preview":"max-video-preview:-1"},"og_locale":"de_DE","og_type":"article","og_title":"Werbepylone Standard - Hoffschmidt Werbeteam","og_description":"F\u00fcr den Au\u00dfenbereich ideale Standards finden Sie hierSpezielle, bew\u00e4hrte Formen bieten einen hohen Wiedererkennungswert. Gedacht f\u00fcr die Orientierung im Verkehr, k\u00f6nnen Werbepylone Autofahrern den Weg weisen und sind selbst aus weiter Entfernung gut sichtbar.Werbepylone werden von uns vormontiert, unbeschriftet und anschlussfertig geliefert. Auf Anfrage \u00fcbernehmen wir die Befestigung und Installation der Anlage.","og_url":"https:\/\/spielwiese-werbetechnik.net\/index.php\/werbepylone-standard\/","og_site_name":"Hoffschmidt Werbeteam","article_publisher":"https:\/\/www.facebook.com\/people\/Hoffschmidt-Werbeteam","article_modified_time":"2023-03-06T09:42:38+00:00","og_image":[{"url":"https:\/\/spielwiese-werbetechnik.net\/wp-content\/uploads\/2023\/03\/Pylon.png","type":"","width":"","height":""}],"twitter_card":"summary_large_image","twitter_misc":{"Gesch\u00e4tzte Lesezeit":"3\u00a0Minuten"},"schema":{"@context":"https:\/\/schema.org","@graph":[{"@type":"WebPage","@id":"https:\/\/spielwiese-werbetechnik.net\/index.php\/werbepylone-standard\/","url":"https:\/\/spielwiese-werbetechnik.net\/index.php\/werbepylone-standard\/","name":"Werbepylone Standard - Hoffschmidt Werbeteam","isPartOf":{"@id":"https:\/\/spielwiese-werbetechnik.net\/#website"},"primaryImageOfPage":{"@id":"https:\/\/spielwiese-werbetechnik.net\/index.php\/werbepylone-standard\/#primaryimage"},"image":{"@id":"https:\/\/spielwiese-werbetechnik.net\/index.php\/werbepylone-standard\/#primaryimage"},"thumbnailUrl":"https:\/\/spielwiese-werbetechnik.net\/wp-content\/uploads\/2023\/03\/Pylon.png","datePublished":"2023-02-09T07:48:52+00:00","dateModified":"2023-03-06T09:42:38+00:00","description":"F\u00fcr den Au\u00dfenbereich ideale Standards finden Sie hierSpezielle, bew\u00e4hrte Formen bieten einen hohen Wiedererkennungswert. Gedacht f\u00fcr die Orientierung im Verkehr, k\u00f6nnen Werbepylone Autofahrern den Weg weisen und sind selbst aus weiter Entfernung gut sichtbar.Werbepylone werden von uns vormontiert, unbeschriftet und anschlussfertig geliefert. Auf Anfrage \u00fcbernehmen wir die Befestigung und Installation der Anlage.","breadcrumb":{"@id":"https:\/\/spielwiese-werbetechnik.net\/index.php\/werbepylone-standard\/#breadcrumb"},"inLanguage":"de","potentialAction":[{"@type":"ReadAction","target":["https:\/\/spielwiese-werbetechnik.net\/index.php\/werbepylone-standard\/"]}]},{"@type":"ImageObject","inLanguage":"de","@id":"https:\/\/spielwiese-werbetechnik.net\/index.php\/werbepylone-standard\/#primaryimage","url":"https:\/\/spielwiese-werbetechnik.net\/wp-content\/uploads\/2023\/03\/Pylon.png","contentUrl":"https:\/\/spielwiese-werbetechnik.net\/wp-content\/uploads\/2023\/03\/Pylon.png","width":330,"height":1001},{"@type":"BreadcrumbList","@id":"https:\/\/spielwiese-werbetechnik.net\/index.php\/werbepylone-standard\/#breadcrumb","itemListElement":[{"@type":"ListItem","position":1,"name":"Startseite","item":"https:\/\/spielwiese-werbetechnik.net\/"},{"@type":"ListItem","position":2,"name":"Werbepylone Standard"}]},{"@type":"WebSite","@id":"https:\/\/spielwiese-werbetechnik.net\/#website","url":"https:\/\/spielwiese-werbetechnik.net\/","name":"Hoffschmidt Werbeteam","description":"sichtbar bessere Werbung!","potentialAction":[{"@type":"SearchAction","target":{"@type":"EntryPoint","urlTemplate":"https:\/\/spielwiese-werbetechnik.net\/?s={search_term_string}"},"query-input":{"@type":"PropertyValueSpecification","valueRequired":true,"valueName":"search_term_string"}}],"inLanguage":"de"}]}},"_links":{"self":[{"href":"https:\/\/spielwiese-werbetechnik.net\/index.php\/wp-json\/wp\/v2\/pages\/146","targetHints":{"allow":["GET"]}}],"collection":[{"href":"https:\/\/spielwiese-werbetechnik.net\/index.php\/wp-json\/wp\/v2\/pages"}],"about":[{"href":"https:\/\/spielwiese-werbetechnik.net\/index.php\/wp-json\/wp\/v2\/types\/page"}],"author":[{"embeddable":true,"href":"https:\/\/spielwiese-werbetechnik.net\/index.php\/wp-json\/wp\/v2\/users\/2"}],"replies":[{"embeddable":true,"href":"https:\/\/spielwiese-werbetechnik.net\/index.php\/wp-json\/wp\/v2\/comments?post=146"}],"version-history":[{"count":15,"href":"https:\/\/spielwiese-werbetechnik.net\/index.php\/wp-json\/wp\/v2\/pages\/146\/revisions"}],"predecessor-version":[{"id":1373,"href":"https:\/\/spielwiese-werbetechnik.net\/index.php\/wp-json\/wp\/v2\/pages\/146\/revisions\/1373"}],"wp:attachment":[{"href":"https:\/\/spielwiese-werbetechnik.net\/index.php\/wp-json\/wp\/v2\/media?parent=146"}],"curies":[{"name":"wp","href":"https:\/\/api.w.org\/{rel}","templated":true}]}}