{"id":192,"date":"2023-02-09T08:46:55","date_gmt":"2023-02-09T08:46:55","guid":{"rendered":"https:\/\/spielwiese-werbetechnik.net\/?page_id=192"},"modified":"2023-03-06T10:35:31","modified_gmt":"2023-03-06T10:35:31","slug":"gefraeste-buchstaben","status":"publish","type":"page","link":"https:\/\/spielwiese-werbetechnik.net\/index.php\/gefraeste-buchstaben\/","title":{"rendered":"Gefr\u00e4ste Buchstaben"},"content":{"rendered":"\n<div id=\"wp-block-themeisle-blocks-advanced-columns-a2946a77\" class=\"wp-block-themeisle-blocks-advanced-columns alignfull has-2-columns has-desktop-equal-layout has-tablet-equal-layout has-mobile-collapsedRows-layout has-vertical-center ticss-a2946a77 has-dark-bg coblocks-animate\" data-coblocks-animation=\"slideInBottom\"><div class=\"wp-block-themeisle-blocks-advanced-columns-overlay\"><\/div><div class=\"innerblocks-wrap\">\n<div id=\"wp-block-themeisle-blocks-advanced-column-bbddf55b\" class=\"wp-block-themeisle-blocks-advanced-column\"><div class=\"wp-block-image\">\n<figure class=\"aligncenter size-large\"><img loading=\"lazy\" decoding=\"async\" width=\"1024\" height=\"683\" src=\"https:\/\/spielwiese-werbetechnik.net\/wp-content\/uploads\/2023\/02\/gefraeste-buchstaben-auf-edelstahl-1024x683.png\" alt=\"Mit Leuchtstoffr\u00f6hren oder LED als Leuchtelemente. Perfekt f\u00fcr Banner, verschiedene Schilder und anderweitig unbeleuchtete Werbung.\" class=\"wp-image-845\" srcset=\"https:\/\/spielwiese-werbetechnik.net\/wp-content\/uploads\/2023\/02\/gefraeste-buchstaben-auf-edelstahl-1024x683.png 1024w, https:\/\/spielwiese-werbetechnik.net\/wp-content\/uploads\/2023\/02\/gefraeste-buchstaben-auf-edelstahl-300x200.png 300w, https:\/\/spielwiese-werbetechnik.net\/wp-content\/uploads\/2023\/02\/gefraeste-buchstaben-auf-edelstahl-768x512.png 768w, https:\/\/spielwiese-werbetechnik.net\/wp-content\/uploads\/2023\/02\/gefraeste-buchstaben-auf-edelstahl-930x620.png 930w, https:\/\/spielwiese-werbetechnik.net\/wp-content\/uploads\/2023\/02\/gefraeste-buchstaben-auf-edelstahl.png 1171w\" sizes=\"auto, (max-width: 1024px) 100vw, 1024px\" \/><figcaption class=\"wp-element-caption\">Sandwichbuchstaben&nbsp;<br>10mm klar + 3mm schwarz<br>in Edelstahl durchsteckt<\/figcaption><\/figure>\n<\/div><\/div>\n\n\n\n<div id=\"wp-block-themeisle-blocks-advanced-column-92b2db05\" class=\"wp-block-themeisle-blocks-advanced-column\">\n<h2 id=\"wp-block-themeisle-blocks-advanced-heading-8f1f2647\" class=\"wp-block-themeisle-blocks-advanced-heading wp-block-themeisle-blocks-advanced-heading-8f1f2647\">Gefr\u00e4ste&nbsp;Buchstaben<\/h2>\n\n\n\n<p class=\"has-white-color has-text-color\">Unsere Buchstaben fr\u00e4sen&nbsp;wir ausschlie\u00dflich aus original PLEXIGLAS. Fragen Sie auch nach Sandwichbuchstaben. Sonst gelten die gleichen Konditionen, wie bei unseren&nbsp;<a href=\"https:\/\/spielwiese-werbetechnik.net\/index.php\/gelasert\/\">gelaserten&nbsp;Buchstaben<\/a>.<\/p>\n<\/div>\n<\/div><\/div>\n\n\n\n<div style=\"height:30px\" aria-hidden=\"true\" class=\"wp-block-spacer\"><\/div>\n\n\n\n<div class=\"wp-block-columns coblocks-animate is-layout-flex wp-container-core-columns-is-layout-9d6595d7 wp-block-columns-is-layout-flex\" data-coblocks-animation=\"slideInBottom\">\n<div class=\"wp-block-column is-layout-flow wp-block-column-is-layout-flow\">\n<p class=\"has-text-align-center has-large-font-size has-custom-weight\" style=\"font-weight:bold\">Preis\u00fcbersicht<\/p>\n\n\n\n<p class=\"has-text-align-center has-small-font-size\">Unbeleuchtete Fr\u00e4sbuchstaben bereits&nbsp;ab 4,75 \u20ac. Auch in Edelstahl erh\u00e4ltlich.<\/p>\n\n\n\n<table id=\"tablepress-6\" class=\"tablepress tablepress-id-6\">\n<tbody class=\"row-striping row-hover\">\n<tr class=\"row-1\">\n\t<td class=\"column-1\"><strong>Versallh\u00f6he<\/strong><\/td><td class=\"column-2\"><\/td><td class=\"column-3\"><\/td><td class=\"column-4\"><\/td><td class=\"column-5\"><\/td><td class=\"column-6\"><\/td><td class=\"column-7\"><\/td>\n<\/tr>\n<tr class=\"row-2\">\n\t<td class=\"column-1\"><strong>in\u00a0[mm]<\/strong><\/td><td class=\"column-2\"><strong>PVC 5mm wei\u00df<\/strong><\/td><td class=\"column-3\"><strong>PVC 10mm wei\u00df<\/strong><\/td><td class=\"column-4\"><strong>PVC 15mm wei\u00df<\/strong><\/td><td class=\"column-5\"><strong>Plexiglas 3mm<\/strong><\/td><td class=\"column-6\"><strong>Plexiglas 8mm<\/strong><\/td><td class=\"column-7\"><strong>Dibond 3mm\u00a0\/\u00a0Alublech<\/strong><\/td>\n<\/tr>\n<tr class=\"row-3\">\n\t<td class=\"column-1\"><strong>50 bis 100<\/strong><\/td><td class=\"column-2\">4,75\u00a0\u20ac<\/td><td class=\"column-3\">5,70\u00a0\u20ac<\/td><td class=\"column-4\">7,60\u00a0\u20ac<\/td><td class=\"column-5\">4,18\u00a0\u20ac<\/td><td class=\"column-6\">11,69\u00a0\u20ac<\/td><td class=\"column-7\">10,02\u00a0\u20ac<\/td>\n<\/tr>\n<tr class=\"row-4\">\n\t<td class=\"column-1\"><strong>110 bis 150<\/strong><\/td><td class=\"column-2\">5,70\u00a0\u20ac<\/td><td class=\"column-3\">6,65\u00a0\u20ac<\/td><td class=\"column-4\">9,50\u00a0\u20ac<\/td><td class=\"column-5\">5,01\u00a0\u20ac<\/td><td class=\"column-6\">16,70\u00a0\u20ac<\/td><td class=\"column-7\">15,03\u00a0\u20ac<\/td>\n<\/tr>\n<tr class=\"row-5\">\n\t<td class=\"column-1\"><strong>160 bis 200<\/strong><\/td><td class=\"column-2\">6,65\u00a0\u20ac<\/td><td class=\"column-3\">7,60\u00a0\u20ac<\/td><td class=\"column-4\">11,40\u00a0\u20ac<\/td><td class=\"column-5\">6,68\u00a0\u20ac<\/td><td class=\"column-6\">25,05\u00a0\u20ac<\/td><td class=\"column-7\">23,38\u00a0\u20ac<\/td>\n<\/tr>\n<tr class=\"row-6\">\n\t<td class=\"column-1\"><strong>210 bis 250<\/strong><\/td><td class=\"column-2\">7,60\u00a0\u20ac<\/td><td class=\"column-3\">8,55\u00a0\u20ac<\/td><td class=\"column-4\">15,20\u00a0\u20ac<\/td><td class=\"column-5\">8,35\u00a0\u20ac<\/td><td class=\"column-6\">33,40\u00a0\u20ac<\/td><td class=\"column-7\">30,06\u00a0\u20ac<\/td>\n<\/tr>\n<tr class=\"row-7\">\n\t<td class=\"column-1\"><strong>260 bis 300<\/strong><\/td><td class=\"column-2\">9,50\u00a0\u20ac<\/td><td class=\"column-3\">11,40\u00a0\u20ac<\/td><td class=\"column-4\">19,00\u00a0\u20ac<\/td><td class=\"column-5\">10,02\u00a0\u20ac<\/td><td class=\"column-6\">38,41\u00a0\u20ac<\/td><td class=\"column-7\">35,07\u00a0\u20ac<\/td>\n<\/tr>\n<tr class=\"row-8\">\n\t<td class=\"column-1\"><strong>310 bis 350<\/strong><\/td><td class=\"column-2\">11,40\u00a0\u20ac<\/td><td class=\"column-3\">13,30\u00a0\u20ac<\/td><td class=\"column-4\">22,80\u00a0\u20ac<\/td><td class=\"column-5\">11,69\u00a0\u20ac<\/td><td class=\"column-6\">43,42\u00a0\u20ac<\/td><td class=\"column-7\">40,08\u00a0\u20ac<\/td>\n<\/tr>\n<tr class=\"row-9\">\n\t<td class=\"column-1\"><strong>360 bis 400<\/strong><\/td><td class=\"column-2\">13,30\u00a0\u20ac<\/td><td class=\"column-3\">15,20\u00a0\u20ac<\/td><td class=\"column-4\">26,60\u00a0\u20ac<\/td><td class=\"column-5\">15,03\u00a0\u20ac<\/td><td class=\"column-6\">50,10\u00a0\u20ac<\/td><td class=\"column-7\">46,76\u00a0\u20ac<\/td>\n<\/tr>\n<tr class=\"row-10\">\n\t<td class=\"column-1\"><strong>410 bis 450<\/strong><\/td><td class=\"column-2\">15,20\u00a0\u20ac<\/td><td class=\"column-3\">19,00\u00a0\u20ac<\/td><td class=\"column-4\">34,20\u00a0\u20ac<\/td><td class=\"column-5\">16,70\u00a0\u20ac<\/td><td class=\"column-6\">58,45\u00a0\u20ac<\/td><td class=\"column-7\">53,44\u00a0\u20ac<\/td>\n<\/tr>\n<tr class=\"row-11\">\n\t<td class=\"column-1\"><strong>460 bis 500<\/strong><\/td><td class=\"column-2\">19,00\u00a0\u20ac<\/td><td class=\"column-3\">22,80\u00a0\u20ac<\/td><td class=\"column-4\">39,90\u00a0\u20ac<\/td><td class=\"column-5\">20,04\u00a0\u20ac<\/td><td class=\"column-6\">66,80\u00a0\u20ac<\/td><td class=\"column-7\">66,80\u00a0\u20ac<\/td>\n<\/tr>\n<tr class=\"row-12\">\n\t<td class=\"column-1\"><strong>510 bis 550<\/strong><\/td><td class=\"column-2\">22,80\u00a0\u20ac<\/td><td class=\"column-3\">26,60\u00a0\u20ac<\/td><td class=\"column-4\">45,60\u00a0\u20ac<\/td><td class=\"column-5\">23,38\u00a0\u20ac<\/td><td class=\"column-6\">75,15\u00a0\u20ac<\/td><td class=\"column-7\">73,48\u00a0\u20ac<\/td>\n<\/tr>\n<tr class=\"row-13\">\n\t<td class=\"column-1\"><strong>560 bis 600<\/strong><\/td><td class=\"column-2\">26,60\u00a0\u20ac<\/td><td class=\"column-3\">30,40\u00a0\u20ac<\/td><td class=\"column-4\">51,30\u00a0\u20ac<\/td><td class=\"column-5\">28,39\u00a0\u20ac<\/td><td class=\"column-6\">85,17\u00a0\u20ac<\/td><td class=\"column-7\">80,16\u00a0\u20ac<\/td>\n<\/tr>\n<tr class=\"row-14\">\n\t<td class=\"column-1\"><strong>610 bis 700<\/strong><\/td><td class=\"column-2\">32,30\u00a0\u20ac<\/td><td class=\"column-3\">36,10\u00a0\u20ac<\/td><td class=\"column-4\">68,40\u00a0\u20ac<\/td><td class=\"column-5\">33,40\u00a0\u20ac<\/td><td class=\"column-6\">95,19\u00a0\u20ac<\/td><td class=\"column-7\">86,84\u00a0\u20ac<\/td>\n<\/tr>\n<tr class=\"row-15\">\n\t<td class=\"column-1\"><strong>710 bis 800<\/strong><\/td><td class=\"column-2\">38,00\u00a0\u20ac<\/td><td class=\"column-3\">45,60\u00a0\u20ac<\/td><td class=\"column-4\">91,20\u00a0\u20ac<\/td><td class=\"column-5\">41,75\u00a0\u20ac<\/td><td class=\"column-6\">105,21\u00a0\u20ac<\/td><td class=\"column-7\">93,52\u00a0\u20ac<\/td>\n<\/tr>\n<tr class=\"row-16\">\n\t<td class=\"column-1\"><strong>810 bis 900<\/strong><\/td><td class=\"column-2\">45,60\u00a0\u20ac<\/td><td class=\"column-3\">57,00\u00a0\u20ac<\/td><td class=\"column-4\">110,20\u00a0\u20ac<\/td><td class=\"column-5\">51,77\u00a0\u20ac<\/td><td class=\"column-6\">120,25\u00a0\u20ac<\/td><td class=\"column-7\">111,89\u00a0\u20ac<\/td>\n<\/tr>\n<tr class=\"row-17\">\n\t<td class=\"column-1\"><strong>910 bis 1000<\/strong><\/td><td class=\"column-2\">53,20\u00a0\u20ac<\/td><td class=\"column-3\">64,60\u00a0\u20ac<\/td><td class=\"column-4\">133,00\u00a0\u20ac<\/td><td class=\"column-5\">65,13\u00a0\u20ac<\/td><td class=\"column-6\">136,94\u00a0\u20ac<\/td><td class=\"column-7\">125,25\u00a0\u20ac<\/td>\n<\/tr>\n<\/tbody>\n<\/table>\n<!-- #tablepress-6 from cache --><\/div>\n<\/div>\n\n\n\n<h2 class=\"has-text-align-center coblocks-animate wp-block-heading\" data-coblocks-animation=\"slideInBottom\">Zusatzleistungen<\/h2>\n\n\n\n<p class=\"has-text-align-center has-small-font-size coblocks-animate\" data-coblocks-animation=\"slideInBottom\">Buchstaben nach RAL lackiert gegen Aufpreis. Serifenschriften + 15% <br>Bei PCV\/Plexi-Buchstaben Montagestopfen hinterkleben oder&nbsp;Aulubuchstaben Bolzen + 1,50 Euro \/ St\u00fcck<br>Auf Schiene + 60,00 Euro<br>Auf Ger\u00e4ten vormontiert + 120,00 Euro \/ Lfm<br>Daten\u00fcbernahmepauschale: 28,00 Euro \/ Motiv<\/p>\n\n\n\n<div class=\"wp-block-essential-blocks-image-gallery coblocks-animate\" data-coblocks-animation=\"slideInBottom\"><div class=\"eb-parent-wrapper eb-parent-eb-image-gallery-tl8ytzb \"><div class=\"eb-gallery-img-wrapper eb-image-gallery-tl8ytzb grid overlay-bottom caption-style-0 caption-on-hover \" data-id=\"eb-image-gallery-tl8ytzb\"><a href=\"https:\/\/spielwiese-werbetechnik.net\/wp-content\/uploads\/2023\/03\/buchstaben-gefraest2.jpg\" id=\"eb-gallery-img-content\" data-fslightbox=\"gallery\" data-type=\"image\" class=\"eb-gallery-img-content eb-filter-img-\"><span class=\"eb-gallery-link-wrapper\"><img decoding=\"async\" class=\"eb-gallery-img\" src=\"https:\/\/spielwiese-werbetechnik.net\/wp-content\/uploads\/2023\/03\/buchstaben-gefraest2.jpg\" image-index=\"0\"\/><\/span><\/a><a href=\"https:\/\/spielwiese-werbetechnik.net\/wp-content\/uploads\/2023\/03\/DSC_4533-scaled.jpg\" id=\"eb-gallery-img-content\" data-fslightbox=\"gallery\" data-type=\"image\" class=\"eb-gallery-img-content eb-filter-img-\"><span class=\"eb-gallery-link-wrapper\"><img decoding=\"async\" class=\"eb-gallery-img\" src=\"https:\/\/spielwiese-werbetechnik.net\/wp-content\/uploads\/2023\/03\/DSC_4533-scaled.jpg\" image-index=\"1\"\/><\/span><\/a><a href=\"https:\/\/spielwiese-werbetechnik.net\/wp-content\/uploads\/2023\/03\/DSC_4542-scaled.jpg\" id=\"eb-gallery-img-content\" data-fslightbox=\"gallery\" data-type=\"image\" class=\"eb-gallery-img-content eb-filter-img-\"><span class=\"eb-gallery-link-wrapper\"><img decoding=\"async\" class=\"eb-gallery-img\" src=\"https:\/\/spielwiese-werbetechnik.net\/wp-content\/uploads\/2023\/03\/DSC_4542-scaled.jpg\" image-index=\"2\"\/><\/span><\/a><a href=\"https:\/\/spielwiese-werbetechnik.net\/wp-content\/uploads\/2023\/03\/eingangsportal-mit-logo-werbung-perry.jpg\" id=\"eb-gallery-img-content\" data-fslightbox=\"gallery\" data-type=\"image\" class=\"eb-gallery-img-content eb-filter-img-\"><span class=\"eb-gallery-link-wrapper\"><img decoding=\"async\" class=\"eb-gallery-img\" src=\"https:\/\/spielwiese-werbetechnik.net\/wp-content\/uploads\/2023\/03\/eingangsportal-mit-logo-werbung-perry.jpg\" image-index=\"3\"\/><\/span><\/a><a href=\"https:\/\/spielwiese-werbetechnik.net\/wp-content\/uploads\/2023\/03\/eingangsportal-mit-logo-werbung.jpg\" id=\"eb-gallery-img-content\" data-fslightbox=\"gallery\" data-type=\"image\" class=\"eb-gallery-img-content eb-filter-img-\"><span class=\"eb-gallery-link-wrapper\"><img decoding=\"async\" class=\"eb-gallery-img\" src=\"https:\/\/spielwiese-werbetechnik.net\/wp-content\/uploads\/2023\/03\/eingangsportal-mit-logo-werbung.jpg\" image-index=\"4\"\/><\/span><\/a><a href=\"https:\/\/spielwiese-werbetechnik.net\/wp-content\/uploads\/2023\/03\/img_3770_1633x1089.jpg\" id=\"eb-gallery-img-content\" data-fslightbox=\"gallery\" data-type=\"image\" class=\"eb-gallery-img-content eb-filter-img-\"><span class=\"eb-gallery-link-wrapper\"><img decoding=\"async\" class=\"eb-gallery-img\" src=\"https:\/\/spielwiese-werbetechnik.net\/wp-content\/uploads\/2023\/03\/img_3770_1633x1089.jpg\" image-index=\"5\"\/><\/span><\/a><\/div><\/div><\/div>\n","protected":false},"excerpt":{"rendered":"<p>Preis\u00fcbersicht Unbeleuchtete Fr\u00e4sbuchstaben bereits&nbsp;ab 4,75 \u20ac. Auch in Edelstahl erh\u00e4ltlich. Zusatzleistungen Buchstaben nach RAL lackiert gegen Aufpreis. Serifenschriften + 15% Bei PCV\/Plexi-Buchstaben Montagestopfen hinterkleben oder&nbsp;Aulubuchstaben Bolzen + 1,50 Euro \/ St\u00fcckAuf Schiene + 60,00 EuroAuf Ger\u00e4ten vormontiert + 120,00 Euro \/ LfmDaten\u00fcbernahmepauschale: 28,00 Euro \/ Motiv<\/p>\n","protected":false},"author":2,"featured_media":0,"parent":0,"menu_order":0,"comment_status":"closed","ping_status":"closed","template":"","meta":{"_coblocks_attr":"","_coblocks_dimensions":"","_coblocks_responsive_height":"","_coblocks_accordion_ie_support":"","_eb_attr":"","neve_meta_sidebar":"","neve_meta_container":"","neve_meta_enable_content_width":"","neve_meta_content_width":0,"neve_meta_title_alignment":"","neve_meta_author_avatar":"","neve_post_elements_order":"","neve_meta_disable_header":"","neve_meta_disable_footer":"","neve_meta_disable_title":"","_themeisle_gutenberg_block_has_review":false,"footnotes":""},"class_list":["post-192","page","type-page","status-publish","hentry"],"yoast_head":"<!-- This site is optimized with the Yoast SEO plugin v26.9 - https:\/\/yoast.com\/product\/yoast-seo-wordpress\/ -->\n<title>Gefr\u00e4ste Buchstaben - Hoffschmidt Werbeteam<\/title>\n<meta name=\"description\" content=\"Unsere Buchstaben fr\u00e4sen wir ausschlie\u00dflich aus original PLEXIGLAS. Fragen Sie auch nach Sandwichbuchstaben.\" \/>\n<meta name=\"robots\" content=\"noindex, follow, max-snippet:-1, max-image-preview:large, max-video-preview:-1\" \/>\n<meta property=\"og:locale\" content=\"de_DE\" \/>\n<meta property=\"og:type\" content=\"article\" \/>\n<meta property=\"og:title\" content=\"Gefr\u00e4ste Buchstaben - Hoffschmidt Werbeteam\" \/>\n<meta property=\"og:description\" content=\"Unsere Buchstaben fr\u00e4sen wir ausschlie\u00dflich aus original PLEXIGLAS. Fragen Sie auch nach Sandwichbuchstaben.\" \/>\n<meta property=\"og:url\" content=\"https:\/\/spielwiese-werbetechnik.net\/index.php\/gefraeste-buchstaben\/\" \/>\n<meta property=\"og:site_name\" content=\"Hoffschmidt Werbeteam\" \/>\n<meta property=\"article:publisher\" content=\"https:\/\/www.facebook.com\/people\/Hoffschmidt-Werbeteam\" \/>\n<meta property=\"article:modified_time\" content=\"2023-03-06T10:35:31+00:00\" \/>\n<meta property=\"og:image\" content=\"https:\/\/spielwiese-werbetechnik.net\/wp-content\/uploads\/2023\/02\/gefraeste-buchstaben-auf-edelstahl-1024x683.png\" \/>\n<meta name=\"twitter:card\" content=\"summary_large_image\" \/>\n<meta name=\"twitter:label1\" content=\"Gesch\u00e4tzte Lesezeit\" \/>\n\t<meta name=\"twitter:data1\" content=\"2\u00a0Minuten\" \/>\n<script type=\"application\/ld+json\" class=\"yoast-schema-graph\">{\"@context\":\"https:\/\/schema.org\",\"@graph\":[{\"@type\":\"WebPage\",\"@id\":\"https:\/\/spielwiese-werbetechnik.net\/index.php\/gefraeste-buchstaben\/\",\"url\":\"https:\/\/spielwiese-werbetechnik.net\/index.php\/gefraeste-buchstaben\/\",\"name\":\"Gefr\u00e4ste Buchstaben - Hoffschmidt Werbeteam\",\"isPartOf\":{\"@id\":\"https:\/\/spielwiese-werbetechnik.net\/#website\"},\"primaryImageOfPage\":{\"@id\":\"https:\/\/spielwiese-werbetechnik.net\/index.php\/gefraeste-buchstaben\/#primaryimage\"},\"image\":{\"@id\":\"https:\/\/spielwiese-werbetechnik.net\/index.php\/gefraeste-buchstaben\/#primaryimage\"},\"thumbnailUrl\":\"https:\/\/spielwiese-werbetechnik.net\/wp-content\/uploads\/2023\/02\/gefraeste-buchstaben-auf-edelstahl-1024x683.png\",\"datePublished\":\"2023-02-09T08:46:55+00:00\",\"dateModified\":\"2023-03-06T10:35:31+00:00\",\"description\":\"Unsere Buchstaben fr\u00e4sen wir ausschlie\u00dflich aus original PLEXIGLAS. Fragen Sie auch nach Sandwichbuchstaben.\",\"breadcrumb\":{\"@id\":\"https:\/\/spielwiese-werbetechnik.net\/index.php\/gefraeste-buchstaben\/#breadcrumb\"},\"inLanguage\":\"de\",\"potentialAction\":[{\"@type\":\"ReadAction\",\"target\":[\"https:\/\/spielwiese-werbetechnik.net\/index.php\/gefraeste-buchstaben\/\"]}]},{\"@type\":\"ImageObject\",\"inLanguage\":\"de\",\"@id\":\"https:\/\/spielwiese-werbetechnik.net\/index.php\/gefraeste-buchstaben\/#primaryimage\",\"url\":\"https:\/\/spielwiese-werbetechnik.net\/wp-content\/uploads\/2023\/02\/gefraeste-buchstaben-auf-edelstahl.png\",\"contentUrl\":\"https:\/\/spielwiese-werbetechnik.net\/wp-content\/uploads\/2023\/02\/gefraeste-buchstaben-auf-edelstahl.png\",\"width\":1171,\"height\":781},{\"@type\":\"BreadcrumbList\",\"@id\":\"https:\/\/spielwiese-werbetechnik.net\/index.php\/gefraeste-buchstaben\/#breadcrumb\",\"itemListElement\":[{\"@type\":\"ListItem\",\"position\":1,\"name\":\"Startseite\",\"item\":\"https:\/\/spielwiese-werbetechnik.net\/\"},{\"@type\":\"ListItem\",\"position\":2,\"name\":\"Gefr\u00e4ste Buchstaben\"}]},{\"@type\":\"WebSite\",\"@id\":\"https:\/\/spielwiese-werbetechnik.net\/#website\",\"url\":\"https:\/\/spielwiese-werbetechnik.net\/\",\"name\":\"Hoffschmidt Werbeteam\",\"description\":\"sichtbar bessere Werbung!\",\"potentialAction\":[{\"@type\":\"SearchAction\",\"target\":{\"@type\":\"EntryPoint\",\"urlTemplate\":\"https:\/\/spielwiese-werbetechnik.net\/?s={search_term_string}\"},\"query-input\":{\"@type\":\"PropertyValueSpecification\",\"valueRequired\":true,\"valueName\":\"search_term_string\"}}],\"inLanguage\":\"de\"}]}<\/script>\n<!-- \/ Yoast SEO plugin. -->","yoast_head_json":{"title":"Gefr\u00e4ste Buchstaben - Hoffschmidt Werbeteam","description":"Unsere Buchstaben fr\u00e4sen wir ausschlie\u00dflich aus original PLEXIGLAS. Fragen Sie auch nach Sandwichbuchstaben.","robots":{"index":"noindex","follow":"follow","max-snippet":"max-snippet:-1","max-image-preview":"max-image-preview:large","max-video-preview":"max-video-preview:-1"},"og_locale":"de_DE","og_type":"article","og_title":"Gefr\u00e4ste Buchstaben - Hoffschmidt Werbeteam","og_description":"Unsere Buchstaben fr\u00e4sen wir ausschlie\u00dflich aus original PLEXIGLAS. Fragen Sie auch nach Sandwichbuchstaben.","og_url":"https:\/\/spielwiese-werbetechnik.net\/index.php\/gefraeste-buchstaben\/","og_site_name":"Hoffschmidt Werbeteam","article_publisher":"https:\/\/www.facebook.com\/people\/Hoffschmidt-Werbeteam","article_modified_time":"2023-03-06T10:35:31+00:00","og_image":[{"url":"https:\/\/spielwiese-werbetechnik.net\/wp-content\/uploads\/2023\/02\/gefraeste-buchstaben-auf-edelstahl-1024x683.png","type":"","width":"","height":""}],"twitter_card":"summary_large_image","twitter_misc":{"Gesch\u00e4tzte Lesezeit":"2\u00a0Minuten"},"schema":{"@context":"https:\/\/schema.org","@graph":[{"@type":"WebPage","@id":"https:\/\/spielwiese-werbetechnik.net\/index.php\/gefraeste-buchstaben\/","url":"https:\/\/spielwiese-werbetechnik.net\/index.php\/gefraeste-buchstaben\/","name":"Gefr\u00e4ste Buchstaben - Hoffschmidt Werbeteam","isPartOf":{"@id":"https:\/\/spielwiese-werbetechnik.net\/#website"},"primaryImageOfPage":{"@id":"https:\/\/spielwiese-werbetechnik.net\/index.php\/gefraeste-buchstaben\/#primaryimage"},"image":{"@id":"https:\/\/spielwiese-werbetechnik.net\/index.php\/gefraeste-buchstaben\/#primaryimage"},"thumbnailUrl":"https:\/\/spielwiese-werbetechnik.net\/wp-content\/uploads\/2023\/02\/gefraeste-buchstaben-auf-edelstahl-1024x683.png","datePublished":"2023-02-09T08:46:55+00:00","dateModified":"2023-03-06T10:35:31+00:00","description":"Unsere Buchstaben fr\u00e4sen wir ausschlie\u00dflich aus original PLEXIGLAS. Fragen Sie auch nach Sandwichbuchstaben.","breadcrumb":{"@id":"https:\/\/spielwiese-werbetechnik.net\/index.php\/gefraeste-buchstaben\/#breadcrumb"},"inLanguage":"de","potentialAction":[{"@type":"ReadAction","target":["https:\/\/spielwiese-werbetechnik.net\/index.php\/gefraeste-buchstaben\/"]}]},{"@type":"ImageObject","inLanguage":"de","@id":"https:\/\/spielwiese-werbetechnik.net\/index.php\/gefraeste-buchstaben\/#primaryimage","url":"https:\/\/spielwiese-werbetechnik.net\/wp-content\/uploads\/2023\/02\/gefraeste-buchstaben-auf-edelstahl.png","contentUrl":"https:\/\/spielwiese-werbetechnik.net\/wp-content\/uploads\/2023\/02\/gefraeste-buchstaben-auf-edelstahl.png","width":1171,"height":781},{"@type":"BreadcrumbList","@id":"https:\/\/spielwiese-werbetechnik.net\/index.php\/gefraeste-buchstaben\/#breadcrumb","itemListElement":[{"@type":"ListItem","position":1,"name":"Startseite","item":"https:\/\/spielwiese-werbetechnik.net\/"},{"@type":"ListItem","position":2,"name":"Gefr\u00e4ste Buchstaben"}]},{"@type":"WebSite","@id":"https:\/\/spielwiese-werbetechnik.net\/#website","url":"https:\/\/spielwiese-werbetechnik.net\/","name":"Hoffschmidt Werbeteam","description":"sichtbar bessere Werbung!","potentialAction":[{"@type":"SearchAction","target":{"@type":"EntryPoint","urlTemplate":"https:\/\/spielwiese-werbetechnik.net\/?s={search_term_string}"},"query-input":{"@type":"PropertyValueSpecification","valueRequired":true,"valueName":"search_term_string"}}],"inLanguage":"de"}]}},"_links":{"self":[{"href":"https:\/\/spielwiese-werbetechnik.net\/index.php\/wp-json\/wp\/v2\/pages\/192","targetHints":{"allow":["GET"]}}],"collection":[{"href":"https:\/\/spielwiese-werbetechnik.net\/index.php\/wp-json\/wp\/v2\/pages"}],"about":[{"href":"https:\/\/spielwiese-werbetechnik.net\/index.php\/wp-json\/wp\/v2\/types\/page"}],"author":[{"embeddable":true,"href":"https:\/\/spielwiese-werbetechnik.net\/index.php\/wp-json\/wp\/v2\/users\/2"}],"replies":[{"embeddable":true,"href":"https:\/\/spielwiese-werbetechnik.net\/index.php\/wp-json\/wp\/v2\/comments?post=192"}],"version-history":[{"count":9,"href":"https:\/\/spielwiese-werbetechnik.net\/index.php\/wp-json\/wp\/v2\/pages\/192\/revisions"}],"predecessor-version":[{"id":1382,"href":"https:\/\/spielwiese-werbetechnik.net\/index.php\/wp-json\/wp\/v2\/pages\/192\/revisions\/1382"}],"wp:attachment":[{"href":"https:\/\/spielwiese-werbetechnik.net\/index.php\/wp-json\/wp\/v2\/media?parent=192"}],"curies":[{"name":"wp","href":"https:\/\/api.w.org\/{rel}","templated":true}]}}