{"id":197,"date":"2023-02-09T08:47:14","date_gmt":"2023-02-09T08:47:14","guid":{"rendered":"https:\/\/spielwiese-werbetechnik.net\/?page_id=197"},"modified":"2023-03-09T07:26:31","modified_gmt":"2023-03-09T07:26:31","slug":"gelaserte-buchstaben","status":"publish","type":"page","link":"https:\/\/spielwiese-werbetechnik.net\/index.php\/gelaserte-buchstaben\/","title":{"rendered":"Gelaserte Buchstaben"},"content":{"rendered":"\n<div id=\"wp-block-themeisle-blocks-advanced-columns-a2946a77\" class=\"wp-block-themeisle-blocks-advanced-columns alignfull has-2-columns has-desktop-equal-layout has-tablet-equal-layout has-mobile-collapsedRows-layout has-vertical-center ticss-a2946a77 has-dark-bg coblocks-animate\" data-coblocks-animation=\"slideInBottom\"><div class=\"wp-block-themeisle-blocks-advanced-columns-overlay\"><\/div><div class=\"innerblocks-wrap\">\n<div id=\"wp-block-themeisle-blocks-advanced-column-bbddf55b\" class=\"wp-block-themeisle-blocks-advanced-column\"><div class=\"wp-block-image\">\n<figure class=\"aligncenter size-large\"><img loading=\"lazy\" decoding=\"async\" width=\"1024\" height=\"768\" src=\"https:\/\/spielwiese-werbetechnik.net\/wp-content\/uploads\/2023\/02\/Gelaserte-Buchstaben-1024x768.jpg\" alt=\"Unsere Buchstaben fr\u00e4sen wir ausschlie\u00dflich aus original PLEXIGLAS. Fragen Sie auch nach Sandwichbuchstaben. Sonst gelten die gleichen Konditionen, wie bei unseren gelaserten Buchstaben.\" class=\"wp-image-849\" srcset=\"https:\/\/spielwiese-werbetechnik.net\/wp-content\/uploads\/2023\/02\/Gelaserte-Buchstaben-1024x768.jpg 1024w, https:\/\/spielwiese-werbetechnik.net\/wp-content\/uploads\/2023\/02\/Gelaserte-Buchstaben-300x225.jpg 300w, https:\/\/spielwiese-werbetechnik.net\/wp-content\/uploads\/2023\/02\/Gelaserte-Buchstaben-768x576.jpg 768w, https:\/\/spielwiese-werbetechnik.net\/wp-content\/uploads\/2023\/02\/Gelaserte-Buchstaben-1536x1152.jpg 1536w, https:\/\/spielwiese-werbetechnik.net\/wp-content\/uploads\/2023\/02\/Gelaserte-Buchstaben-2048x1536.jpg 2048w\" sizes=\"auto, (max-width: 1024px) 100vw, 1024px\" \/><figcaption class=\"wp-element-caption\">Acrylbuchstaben gelasert&nbsp;<\/figcaption><\/figure>\n<\/div><\/div>\n\n\n\n<div id=\"wp-block-themeisle-blocks-advanced-column-92b2db05\" class=\"wp-block-themeisle-blocks-advanced-column\">\n<h2 id=\"wp-block-themeisle-blocks-advanced-heading-8f1f2647\" class=\"wp-block-themeisle-blocks-advanced-heading wp-block-themeisle-blocks-advanced-heading-8f1f2647\">Gelaserte Buchstaben<\/h2>\n\n\n\n<p class=\"has-white-color has-text-color\">Unsere Buchstaben lasern wir ausschlie\u00dflich aus original PLEXIGLAS. Fragen Sie auch nach Sandwichbuchstaben. Sonst gelten die gleichen Konditionen, wie bei unseren&nbsp;<a href=\"https:\/\/spielwiese-werbetechnik.net\/index.php\/gefraest\/\">gefr\u00e4sten Buchstaben<\/a>.<\/p>\n<\/div>\n<\/div><\/div>\n\n\n\n<div style=\"height:30px\" aria-hidden=\"true\" class=\"wp-block-spacer\"><\/div>\n\n\n\n<div class=\"wp-block-columns coblocks-animate is-layout-flex wp-container-core-columns-is-layout-9d6595d7 wp-block-columns-is-layout-flex\" data-coblocks-animation=\"slideInBottom\">\n<div class=\"wp-block-column is-layout-flow wp-block-column-is-layout-flow\">\n<p class=\"has-text-align-center has-large-font-size has-custom-weight\" style=\"font-weight:bold\">Preis\u00fcbersicht<\/p>\n\n\n\n<table id=\"tablepress-7\" class=\"tablepress tablepress-id-7\">\n<tbody class=\"row-striping row-hover\">\n<tr class=\"row-1\">\n\t<td class=\"column-1\"><\/td><td class=\"column-2\"><strong>Acryl klar<\/strong><\/td><td class=\"column-3\"><\/td><td class=\"column-4\"><\/td><td class=\"column-5\"><\/td><td class=\"column-6\"><\/td><td class=\"column-7\"><\/td>\n<\/tr>\n<tr class=\"row-2\">\n\t<td class=\"column-1\"><strong>[mm]<\/strong><\/td><td class=\"column-2\"><strong>3mm<\/strong><\/td><td class=\"column-3\"><strong>5mm<\/strong><\/td><td class=\"column-4\"><strong>8mm<\/strong><\/td><td class=\"column-5\"><strong>10mm<\/strong><\/td><td class=\"column-6\"><strong>15mm<\/strong><\/td><td class=\"column-7\"><strong>20mm<\/strong><\/td>\n<\/tr>\n<tr class=\"row-3\">\n\t<td class=\"column-1\"><strong>100<\/strong><\/td><td class=\"column-2\">7,98\u00a0\u20ac<\/td><td class=\"column-3\">9,43\u00a0\u20ac<\/td><td class=\"column-4\">17,40\u00a0\u20ac<\/td><td class=\"column-5\">19,58\u00a0\u20ac<\/td><td class=\"column-6\">24,65\u00a0\u20ac<\/td><td class=\"column-7\">29,73\u00a0\u20ac<\/td>\n<\/tr>\n<tr class=\"row-4\">\n\t<td class=\"column-1\"><strong>200<\/strong><\/td><td class=\"column-2\">12,33\u00a0\u20ac<\/td><td class=\"column-3\">14,50\u00a0\u20ac<\/td><td class=\"column-4\">25,38\u00a0\u20ac<\/td><td class=\"column-5\">29,73\u00a0\u20ac<\/td><td class=\"column-6\">36,25\u00a0\u20ac<\/td><td class=\"column-7\">45,68\u00a0\u20ac<\/td>\n<\/tr>\n<tr class=\"row-5\">\n\t<td class=\"column-1\"><strong>250<\/strong><\/td><td class=\"column-2\">14,50\u00a0\u20ac<\/td><td class=\"column-3\">15,95\u00a0\u20ac<\/td><td class=\"column-4\">30,45\u00a0\u20ac<\/td><td class=\"column-5\">34,80\u00a0\u20ac<\/td><td class=\"column-6\">43,50\u00a0\u20ac<\/td><td class=\"column-7\">55,10\u00a0\u20ac<\/td>\n<\/tr>\n<tr class=\"row-6\">\n\t<td class=\"column-1\"><strong>300<\/strong><\/td><td class=\"column-2\">15,23\u00a0\u20ac<\/td><td class=\"column-3\">19,58\u00a0\u20ac<\/td><td class=\"column-4\">34,80\u00a0\u20ac<\/td><td class=\"column-5\">39,88\u00a0\u20ac<\/td><td class=\"column-6\">51,48\u00a0\u20ac<\/td><td class=\"column-7\">60,90\u00a0\u20ac<\/td>\n<\/tr>\n<tr class=\"row-7\">\n\t<td class=\"column-1\"><strong>350<\/strong><\/td><td class=\"column-2\">17,40\u00a0\u20ac<\/td><td class=\"column-3\">22,48\u00a0\u20ac<\/td><td class=\"column-4\">39,88\u00a0\u20ac<\/td><td class=\"column-5\">45,68\u00a0\u20ac<\/td><td class=\"column-6\">60,90\u00a0\u20ac<\/td><td class=\"column-7\">71,05\u00a0\u20ac<\/td>\n<\/tr>\n<tr class=\"row-8\">\n\t<td class=\"column-1\"><strong>400<\/strong><\/td><td class=\"column-2\">20,30\u00a0\u20ac<\/td><td class=\"column-3\">25,38\u00a0\u20ac<\/td><td class=\"column-4\">44,95\u00a0\u20ac<\/td><td class=\"column-5\">52,93\u00a0\u20ac<\/td><td class=\"column-6\">68,15\u00a0\u20ac<\/td><td class=\"column-7\">79,03\u00a0\u20ac<\/td>\n<\/tr>\n<tr class=\"row-9\">\n\t<td class=\"column-1\"><strong>500<\/strong><\/td><td class=\"column-2\">30,45\u00a0\u20ac<\/td><td class=\"column-3\">37,70\u00a0\u20ac<\/td><td class=\"column-4\">56,55\u00a0\u20ac<\/td><td class=\"column-5\">65,98\u00a0\u20ac<\/td><td class=\"column-6\">88,45\u00a0\u20ac<\/td><td class=\"column-7\">106,58\u00a0\u20ac<\/td>\n<\/tr>\n<tr class=\"row-10\">\n\t<td class=\"column-1\"><strong>600<\/strong><\/td><td class=\"column-2\">36,25\u00a0\u20ac<\/td><td class=\"column-3\">45,68\u00a0\u20ac<\/td><td class=\"column-4\">68,88\u00a0\u20ac<\/td><td class=\"column-5\">81,93\u00a0\u20ac<\/td><td class=\"column-6\">108,75\u00a0\u20ac<\/td><td class=\"column-7\">132,68\u00a0\u20ac<\/td>\n<\/tr>\n<tr class=\"row-11\">\n\t<td class=\"column-1\"><strong>700<\/strong><\/td><td class=\"column-2\">55,10\u00a0\u20ac<\/td><td class=\"column-3\">68,15\u00a0\u20ac<\/td><td class=\"column-4\">96,43\u00a0\u20ac<\/td><td class=\"column-5\">113,83\u00a0\u20ac<\/td><td class=\"column-6\">152,25\u00a0\u20ac<\/td><td class=\"column-7\">184,88\u00a0\u20ac<\/td>\n<\/tr>\n<tr class=\"row-12\">\n\t<td class=\"column-1\"><strong>800<\/strong><\/td><td class=\"column-2\">61,63\u00a0\u20ac<\/td><td class=\"column-3\">78,30\u00a0\u20ac<\/td><td class=\"column-4\">113,83\u00a0\u20ac<\/td><td class=\"column-5\">134,85\u00a0\u20ac<\/td><td class=\"column-6\">179,80\u00a0\u20ac<\/td><td class=\"column-7\">220,40\u00a0\u20ac<\/td>\n<\/tr>\n<tr class=\"row-13\">\n\t<td class=\"column-1\"><strong>900<\/strong><\/td><td class=\"column-2\">70,33\u00a0\u20ac<\/td><td class=\"column-3\">89,18\u00a0\u20ac<\/td><td class=\"column-4\">129,05\u00a0\u20ac<\/td><td class=\"column-5\">155,15\u00a0\u20ac<\/td><td class=\"column-6\">210,25\u00a0\u20ac<\/td><td class=\"column-7\">258,83\u00a0\u20ac<\/td>\n<\/tr>\n<tr class=\"row-14\">\n\t<td class=\"column-1\"><strong>1000<\/strong><\/td><td class=\"column-2\">76,85\u00a0\u20ac<\/td><td class=\"column-3\">98,60\u00a0\u20ac<\/td><td class=\"column-4\">146,45\u00a0\u20ac<\/td><td class=\"column-5\">175,45\u00a0\u20ac<\/td><td class=\"column-6\">240,70\u00a0\u20ac<\/td><td class=\"column-7\">299,43\u00a0\u20ac<\/td>\n<\/tr>\n<tr class=\"row-15\">\n\t<td class=\"column-1\"><strong>1100<\/strong><\/td><td class=\"column-2\">&#8212;<\/td><td class=\"column-3\">&#8212;<\/td><td class=\"column-4\">&#8212;<\/td><td class=\"column-5\">&#8212;<\/td><td class=\"column-6\">&#8212;<\/td><td class=\"column-7\">&#8212;<\/td>\n<\/tr>\n<tr class=\"row-16\">\n\t<td class=\"column-1\"><strong>1200<\/strong><\/td><td class=\"column-2\">&#8212;<\/td><td class=\"column-3\">&#8212;<\/td><td class=\"column-4\">&#8212;<\/td><td class=\"column-5\">&#8212;<\/td><td class=\"column-6\">&#8212;<\/td><td class=\"column-7\">&#8212;<\/td>\n<\/tr>\n<\/tbody>\n<\/table>\n<!-- #tablepress-7 from cache -->\n\n\n<p class=\"has-text-align-center has-small-font-size\">Fragen Sie bitte alle Formen m\u00f6glicher Konfektionierung an.<br>Nat\u00fcrlich sind auch viele andere Materialien lieferbar.<br>Alle Preise zzgl. MWSt. Verpackung\/Versand<\/p>\n<\/div>\n<\/div>\n\n\n\n<div class=\"wp-block-essential-blocks-image-gallery coblocks-animate\" data-coblocks-animation=\"slideInBottom\"><div class=\"eb-parent-wrapper eb-parent-eb-image-gallery-y7t1xlh \"><div class=\"eb-gallery-img-wrapper eb-image-gallery-y7t1xlh grid overlay-bottom caption-style-0  \" data-id=\"eb-image-gallery-y7t1xlh\"><a href=\"https:\/\/spielwiese-werbetechnik.net\/wp-content\/uploads\/2023\/03\/9c607346-9242-4cb3-950a-3bc18a46e3c4.jpg\" id=\"eb-gallery-img-content\" data-fslightbox=\"gallery\" data-type=\"image\" class=\"eb-gallery-img-content eb-filter-img-\"><span class=\"eb-gallery-link-wrapper\"><img decoding=\"async\" class=\"eb-gallery-img\" src=\"https:\/\/spielwiese-werbetechnik.net\/wp-content\/uploads\/2023\/03\/9c607346-9242-4cb3-950a-3bc18a46e3c4.jpg\" image-index=\"0\"\/><\/span><\/a><a href=\"https:\/\/spielwiese-werbetechnik.net\/wp-content\/uploads\/2023\/03\/img_3770_1633x1089.jpg\" id=\"eb-gallery-img-content\" data-fslightbox=\"gallery\" data-type=\"image\" class=\"eb-gallery-img-content eb-filter-img-\"><span class=\"eb-gallery-link-wrapper\"><img decoding=\"async\" class=\"eb-gallery-img\" src=\"https:\/\/spielwiese-werbetechnik.net\/wp-content\/uploads\/2023\/03\/img_3770_1633x1089.jpg\" image-index=\"1\"\/><\/span><\/a><a href=\"https:\/\/spielwiese-werbetechnik.net\/wp-content\/uploads\/2023\/03\/ATR2.png\" id=\"eb-gallery-img-content\" data-fslightbox=\"gallery\" data-type=\"image\" class=\"eb-gallery-img-content eb-filter-img-\"><span class=\"eb-gallery-link-wrapper\"><img decoding=\"async\" class=\"eb-gallery-img\" src=\"https:\/\/spielwiese-werbetechnik.net\/wp-content\/uploads\/2023\/03\/ATR2.png\" image-index=\"2\"\/><\/span><\/a><a href=\"https:\/\/spielwiese-werbetechnik.net\/wp-content\/uploads\/2023\/03\/Wandtransparent.png\" id=\"eb-gallery-img-content\" data-fslightbox=\"gallery\" data-type=\"image\" class=\"eb-gallery-img-content eb-filter-img-\"><span class=\"eb-gallery-link-wrapper\"><img decoding=\"async\" class=\"eb-gallery-img\" src=\"https:\/\/spielwiese-werbetechnik.net\/wp-content\/uploads\/2023\/03\/Wandtransparent.png\" image-index=\"3\"\/><\/span><\/a><a href=\"https:\/\/spielwiese-werbetechnik.net\/wp-content\/uploads\/2023\/02\/DSC_6963-scaled.jpg\" id=\"eb-gallery-img-content\" data-fslightbox=\"gallery\" data-type=\"image\" class=\"eb-gallery-img-content eb-filter-img-\"><span class=\"eb-gallery-link-wrapper\"><img decoding=\"async\" class=\"eb-gallery-img\" src=\"https:\/\/spielwiese-werbetechnik.net\/wp-content\/uploads\/2023\/02\/DSC_6963-scaled.jpg\" image-index=\"4\"\/><\/span><\/a><a href=\"https:\/\/spielwiese-werbetechnik.net\/wp-content\/uploads\/2023\/02\/DSC_5844-scaled.jpg\" id=\"eb-gallery-img-content\" data-fslightbox=\"gallery\" data-type=\"image\" class=\"eb-gallery-img-content eb-filter-img-\"><span class=\"eb-gallery-link-wrapper\"><img decoding=\"async\" class=\"eb-gallery-img\" src=\"https:\/\/spielwiese-werbetechnik.net\/wp-content\/uploads\/2023\/02\/DSC_5844-scaled.jpg\" image-index=\"5\"\/><\/span><\/a><\/div><\/div><\/div>\n","protected":false},"excerpt":{"rendered":"<p>Preis\u00fcbersicht Fragen Sie bitte alle Formen m\u00f6glicher Konfektionierung an.Nat\u00fcrlich sind auch viele andere Materialien lieferbar.Alle Preise zzgl. MWSt. Verpackung\/Versand<\/p>\n","protected":false},"author":2,"featured_media":0,"parent":0,"menu_order":0,"comment_status":"closed","ping_status":"closed","template":"","meta":{"_coblocks_attr":"","_coblocks_dimensions":"","_coblocks_responsive_height":"","_coblocks_accordion_ie_support":"","_eb_attr":"","neve_meta_sidebar":"","neve_meta_container":"","neve_meta_enable_content_width":"","neve_meta_content_width":0,"neve_meta_title_alignment":"","neve_meta_author_avatar":"","neve_post_elements_order":"","neve_meta_disable_header":"","neve_meta_disable_footer":"","neve_meta_disable_title":"","_themeisle_gutenberg_block_has_review":false,"footnotes":""},"class_list":["post-197","page","type-page","status-publish","hentry"],"yoast_head":"<!-- This site is optimized with the Yoast SEO plugin v26.9 - https:\/\/yoast.com\/product\/yoast-seo-wordpress\/ -->\n<title>Gelaserte Buchstaben - Hoffschmidt Werbeteam<\/title>\n<meta name=\"description\" content=\"Gelaserte BuchstabenUnsere Buchstaben lasern wir ausschlie\u00dflich aus original PLEXIGLAS. Fragen Sie auch nach Sandwichbuchstaben.\" \/>\n<meta name=\"robots\" content=\"noindex, follow, max-snippet:-1, max-image-preview:large, max-video-preview:-1\" \/>\n<meta property=\"og:locale\" content=\"de_DE\" \/>\n<meta property=\"og:type\" content=\"article\" \/>\n<meta property=\"og:title\" content=\"Gelaserte Buchstaben - Hoffschmidt Werbeteam\" \/>\n<meta property=\"og:description\" content=\"Gelaserte BuchstabenUnsere Buchstaben lasern wir ausschlie\u00dflich aus original PLEXIGLAS. Fragen Sie auch nach Sandwichbuchstaben.\" \/>\n<meta property=\"og:url\" content=\"https:\/\/spielwiese-werbetechnik.net\/index.php\/gelaserte-buchstaben\/\" \/>\n<meta property=\"og:site_name\" content=\"Hoffschmidt Werbeteam\" \/>\n<meta property=\"article:publisher\" content=\"https:\/\/www.facebook.com\/people\/Hoffschmidt-Werbeteam\" \/>\n<meta property=\"article:modified_time\" content=\"2023-03-09T07:26:31+00:00\" \/>\n<meta property=\"og:image\" content=\"https:\/\/spielwiese-werbetechnik.net\/wp-content\/uploads\/2023\/02\/Gelaserte-Buchstaben-1024x768.jpg\" \/>\n<meta name=\"twitter:card\" content=\"summary_large_image\" \/>\n<meta name=\"twitter:label1\" content=\"Gesch\u00e4tzte Lesezeit\" \/>\n\t<meta name=\"twitter:data1\" content=\"2\u00a0Minuten\" \/>\n<script type=\"application\/ld+json\" class=\"yoast-schema-graph\">{\"@context\":\"https:\/\/schema.org\",\"@graph\":[{\"@type\":\"WebPage\",\"@id\":\"https:\/\/spielwiese-werbetechnik.net\/index.php\/gelaserte-buchstaben\/\",\"url\":\"https:\/\/spielwiese-werbetechnik.net\/index.php\/gelaserte-buchstaben\/\",\"name\":\"Gelaserte Buchstaben - Hoffschmidt Werbeteam\",\"isPartOf\":{\"@id\":\"https:\/\/spielwiese-werbetechnik.net\/#website\"},\"primaryImageOfPage\":{\"@id\":\"https:\/\/spielwiese-werbetechnik.net\/index.php\/gelaserte-buchstaben\/#primaryimage\"},\"image\":{\"@id\":\"https:\/\/spielwiese-werbetechnik.net\/index.php\/gelaserte-buchstaben\/#primaryimage\"},\"thumbnailUrl\":\"https:\/\/spielwiese-werbetechnik.net\/wp-content\/uploads\/2023\/02\/Gelaserte-Buchstaben-1024x768.jpg\",\"datePublished\":\"2023-02-09T08:47:14+00:00\",\"dateModified\":\"2023-03-09T07:26:31+00:00\",\"description\":\"Gelaserte BuchstabenUnsere Buchstaben lasern wir ausschlie\u00dflich aus original PLEXIGLAS. Fragen Sie auch nach Sandwichbuchstaben.\",\"breadcrumb\":{\"@id\":\"https:\/\/spielwiese-werbetechnik.net\/index.php\/gelaserte-buchstaben\/#breadcrumb\"},\"inLanguage\":\"de\",\"potentialAction\":[{\"@type\":\"ReadAction\",\"target\":[\"https:\/\/spielwiese-werbetechnik.net\/index.php\/gelaserte-buchstaben\/\"]}]},{\"@type\":\"ImageObject\",\"inLanguage\":\"de\",\"@id\":\"https:\/\/spielwiese-werbetechnik.net\/index.php\/gelaserte-buchstaben\/#primaryimage\",\"url\":\"https:\/\/spielwiese-werbetechnik.net\/wp-content\/uploads\/2023\/02\/Gelaserte-Buchstaben-scaled.jpg\",\"contentUrl\":\"https:\/\/spielwiese-werbetechnik.net\/wp-content\/uploads\/2023\/02\/Gelaserte-Buchstaben-scaled.jpg\",\"width\":2560,\"height\":1920},{\"@type\":\"BreadcrumbList\",\"@id\":\"https:\/\/spielwiese-werbetechnik.net\/index.php\/gelaserte-buchstaben\/#breadcrumb\",\"itemListElement\":[{\"@type\":\"ListItem\",\"position\":1,\"name\":\"Startseite\",\"item\":\"https:\/\/spielwiese-werbetechnik.net\/\"},{\"@type\":\"ListItem\",\"position\":2,\"name\":\"Gelaserte Buchstaben\"}]},{\"@type\":\"WebSite\",\"@id\":\"https:\/\/spielwiese-werbetechnik.net\/#website\",\"url\":\"https:\/\/spielwiese-werbetechnik.net\/\",\"name\":\"Hoffschmidt Werbeteam\",\"description\":\"sichtbar bessere Werbung!\",\"potentialAction\":[{\"@type\":\"SearchAction\",\"target\":{\"@type\":\"EntryPoint\",\"urlTemplate\":\"https:\/\/spielwiese-werbetechnik.net\/?s={search_term_string}\"},\"query-input\":{\"@type\":\"PropertyValueSpecification\",\"valueRequired\":true,\"valueName\":\"search_term_string\"}}],\"inLanguage\":\"de\"}]}<\/script>\n<!-- \/ Yoast SEO plugin. -->","yoast_head_json":{"title":"Gelaserte Buchstaben - Hoffschmidt Werbeteam","description":"Gelaserte BuchstabenUnsere Buchstaben lasern wir ausschlie\u00dflich aus original PLEXIGLAS. Fragen Sie auch nach Sandwichbuchstaben.","robots":{"index":"noindex","follow":"follow","max-snippet":"max-snippet:-1","max-image-preview":"max-image-preview:large","max-video-preview":"max-video-preview:-1"},"og_locale":"de_DE","og_type":"article","og_title":"Gelaserte Buchstaben - Hoffschmidt Werbeteam","og_description":"Gelaserte BuchstabenUnsere Buchstaben lasern wir ausschlie\u00dflich aus original PLEXIGLAS. Fragen Sie auch nach Sandwichbuchstaben.","og_url":"https:\/\/spielwiese-werbetechnik.net\/index.php\/gelaserte-buchstaben\/","og_site_name":"Hoffschmidt Werbeteam","article_publisher":"https:\/\/www.facebook.com\/people\/Hoffschmidt-Werbeteam","article_modified_time":"2023-03-09T07:26:31+00:00","og_image":[{"url":"https:\/\/spielwiese-werbetechnik.net\/wp-content\/uploads\/2023\/02\/Gelaserte-Buchstaben-1024x768.jpg","type":"","width":"","height":""}],"twitter_card":"summary_large_image","twitter_misc":{"Gesch\u00e4tzte Lesezeit":"2\u00a0Minuten"},"schema":{"@context":"https:\/\/schema.org","@graph":[{"@type":"WebPage","@id":"https:\/\/spielwiese-werbetechnik.net\/index.php\/gelaserte-buchstaben\/","url":"https:\/\/spielwiese-werbetechnik.net\/index.php\/gelaserte-buchstaben\/","name":"Gelaserte Buchstaben - Hoffschmidt Werbeteam","isPartOf":{"@id":"https:\/\/spielwiese-werbetechnik.net\/#website"},"primaryImageOfPage":{"@id":"https:\/\/spielwiese-werbetechnik.net\/index.php\/gelaserte-buchstaben\/#primaryimage"},"image":{"@id":"https:\/\/spielwiese-werbetechnik.net\/index.php\/gelaserte-buchstaben\/#primaryimage"},"thumbnailUrl":"https:\/\/spielwiese-werbetechnik.net\/wp-content\/uploads\/2023\/02\/Gelaserte-Buchstaben-1024x768.jpg","datePublished":"2023-02-09T08:47:14+00:00","dateModified":"2023-03-09T07:26:31+00:00","description":"Gelaserte BuchstabenUnsere Buchstaben lasern wir ausschlie\u00dflich aus original PLEXIGLAS. Fragen Sie auch nach Sandwichbuchstaben.","breadcrumb":{"@id":"https:\/\/spielwiese-werbetechnik.net\/index.php\/gelaserte-buchstaben\/#breadcrumb"},"inLanguage":"de","potentialAction":[{"@type":"ReadAction","target":["https:\/\/spielwiese-werbetechnik.net\/index.php\/gelaserte-buchstaben\/"]}]},{"@type":"ImageObject","inLanguage":"de","@id":"https:\/\/spielwiese-werbetechnik.net\/index.php\/gelaserte-buchstaben\/#primaryimage","url":"https:\/\/spielwiese-werbetechnik.net\/wp-content\/uploads\/2023\/02\/Gelaserte-Buchstaben-scaled.jpg","contentUrl":"https:\/\/spielwiese-werbetechnik.net\/wp-content\/uploads\/2023\/02\/Gelaserte-Buchstaben-scaled.jpg","width":2560,"height":1920},{"@type":"BreadcrumbList","@id":"https:\/\/spielwiese-werbetechnik.net\/index.php\/gelaserte-buchstaben\/#breadcrumb","itemListElement":[{"@type":"ListItem","position":1,"name":"Startseite","item":"https:\/\/spielwiese-werbetechnik.net\/"},{"@type":"ListItem","position":2,"name":"Gelaserte Buchstaben"}]},{"@type":"WebSite","@id":"https:\/\/spielwiese-werbetechnik.net\/#website","url":"https:\/\/spielwiese-werbetechnik.net\/","name":"Hoffschmidt Werbeteam","description":"sichtbar bessere Werbung!","potentialAction":[{"@type":"SearchAction","target":{"@type":"EntryPoint","urlTemplate":"https:\/\/spielwiese-werbetechnik.net\/?s={search_term_string}"},"query-input":{"@type":"PropertyValueSpecification","valueRequired":true,"valueName":"search_term_string"}}],"inLanguage":"de"}]}},"_links":{"self":[{"href":"https:\/\/spielwiese-werbetechnik.net\/index.php\/wp-json\/wp\/v2\/pages\/197","targetHints":{"allow":["GET"]}}],"collection":[{"href":"https:\/\/spielwiese-werbetechnik.net\/index.php\/wp-json\/wp\/v2\/pages"}],"about":[{"href":"https:\/\/spielwiese-werbetechnik.net\/index.php\/wp-json\/wp\/v2\/types\/page"}],"author":[{"embeddable":true,"href":"https:\/\/spielwiese-werbetechnik.net\/index.php\/wp-json\/wp\/v2\/users\/2"}],"replies":[{"embeddable":true,"href":"https:\/\/spielwiese-werbetechnik.net\/index.php\/wp-json\/wp\/v2\/comments?post=197"}],"version-history":[{"count":9,"href":"https:\/\/spielwiese-werbetechnik.net\/index.php\/wp-json\/wp\/v2\/pages\/197\/revisions"}],"predecessor-version":[{"id":1453,"href":"https:\/\/spielwiese-werbetechnik.net\/index.php\/wp-json\/wp\/v2\/pages\/197\/revisions\/1453"}],"wp:attachment":[{"href":"https:\/\/spielwiese-werbetechnik.net\/index.php\/wp-json\/wp\/v2\/media?parent=197"}],"curies":[{"name":"wp","href":"https:\/\/api.w.org\/{rel}","templated":true}]}}