{"id":207,"date":"2023-02-09T08:48:34","date_gmt":"2023-02-09T08:48:34","guid":{"rendered":"https:\/\/spielwiese-werbetechnik.net\/?page_id=207"},"modified":"2023-03-08T09:34:54","modified_gmt":"2023-03-08T09:34:54","slug":"buchstaben-profil-03","status":"publish","type":"page","link":"https:\/\/spielwiese-werbetechnik.net\/index.php\/buchstaben-profil-03\/","title":{"rendered":"Buchstaben Profil 03"},"content":{"rendered":"\n<div id=\"wp-block-themeisle-blocks-advanced-columns-a2946a77\" class=\"wp-block-themeisle-blocks-advanced-columns alignfull has-2-columns has-desktop-equal-layout has-tablet-equal-layout has-mobile-collapsedRows-layout has-vertical-center ticss-a2946a77 has-dark-bg coblocks-animate\" data-coblocks-animation=\"slideInBottom\"><div class=\"wp-block-themeisle-blocks-advanced-columns-overlay\"><\/div><div class=\"innerblocks-wrap\">\n<div id=\"wp-block-themeisle-blocks-advanced-column-bbddf55b\" class=\"wp-block-themeisle-blocks-advanced-column\"><div class=\"wp-block-image\">\n<figure class=\"aligncenter size-large\"><img loading=\"lazy\" decoding=\"async\" width=\"956\" height=\"1024\" src=\"https:\/\/spielwiese-werbetechnik.net\/wp-content\/uploads\/2023\/03\/Profil-3-956x1024.png\" alt=\"Unbeleuchtete Reliefbuchtaben aus Aluminium.\nBuchstabenk\u00f6rper, Fronten und Stege, aus 1,5 oder 2 mm Aluminiumblech, nach\u00a0RAL\u00a0einbrennlackiert!\nStege in 30, 50, 80 mm.\" class=\"wp-image-1170\" srcset=\"https:\/\/spielwiese-werbetechnik.net\/wp-content\/uploads\/2023\/03\/Profil-3-956x1024.png 956w, https:\/\/spielwiese-werbetechnik.net\/wp-content\/uploads\/2023\/03\/Profil-3-280x300.png 280w, https:\/\/spielwiese-werbetechnik.net\/wp-content\/uploads\/2023\/03\/Profil-3-768x822.png 768w, https:\/\/spielwiese-werbetechnik.net\/wp-content\/uploads\/2023\/03\/Profil-3-1434x1536.png 1434w, https:\/\/spielwiese-werbetechnik.net\/wp-content\/uploads\/2023\/03\/Profil-3-1913x2048.png 1913w\" sizes=\"auto, (max-width: 956px) 100vw, 956px\" \/><\/figure>\n<\/div><\/div>\n\n\n\n<div id=\"wp-block-themeisle-blocks-advanced-column-92b2db05\" class=\"wp-block-themeisle-blocks-advanced-column\">\n<h2 id=\"wp-block-themeisle-blocks-advanced-heading-8f1f2647\" class=\"wp-block-themeisle-blocks-advanced-heading wp-block-themeisle-blocks-advanced-heading-8f1f2647\">Profil 03<\/h2>\n\n\n\n<p class=\"has-white-color has-text-color\">Indirekt zur Wand leuchtender Reliefbuchstabe.<br>Buchstabenk\u00f6rper aus 1,5 oder 2mm Alublech, nach RAL einbrennlackiert!<br>R\u00fcckwand in Plexi, Ausleuchtung 1-reihig LED, ohne Konverter.<\/p>\n<\/div>\n<\/div><\/div>\n\n\n\n<div style=\"height:30px\" aria-hidden=\"true\" class=\"wp-block-spacer\"><\/div>\n\n\n\n<div class=\"wp-block-columns coblocks-animate is-layout-flex wp-container-core-columns-is-layout-9d6595d7 wp-block-columns-is-layout-flex\" data-coblocks-animation=\"slideInBottom\">\n<div class=\"wp-block-column is-layout-flow wp-block-column-is-layout-flow\">\n<figure class=\"wp-block-image size-large\"><img loading=\"lazy\" decoding=\"async\" width=\"1024\" height=\"868\" src=\"https:\/\/spielwiese-werbetechnik.net\/wp-content\/uploads\/2023\/03\/Profil-3-ganz-1024x868.png\" alt=\"\" class=\"wp-image-1172\" srcset=\"https:\/\/spielwiese-werbetechnik.net\/wp-content\/uploads\/2023\/03\/Profil-3-ganz-1024x868.png 1024w, https:\/\/spielwiese-werbetechnik.net\/wp-content\/uploads\/2023\/03\/Profil-3-ganz-300x254.png 300w, https:\/\/spielwiese-werbetechnik.net\/wp-content\/uploads\/2023\/03\/Profil-3-ganz-768x651.png 768w, https:\/\/spielwiese-werbetechnik.net\/wp-content\/uploads\/2023\/03\/Profil-3-ganz-1536x1301.png 1536w, https:\/\/spielwiese-werbetechnik.net\/wp-content\/uploads\/2023\/03\/Profil-3-ganz-2048x1735.png 2048w\" sizes=\"auto, (max-width: 1024px) 100vw, 1024px\" \/><\/figure>\n<\/div>\n\n\n\n<div class=\"wp-block-column is-vertically-aligned-center is-layout-flow wp-block-column-is-layout-flow\">\n<h2 class=\"wp-block-heading\">Das Profil 3<\/h2>\n\n\n\n<p>Reliefk\u00f6rper im Profil 3 werden in einem Abstand von ca. 30 bis 70 mm von einer hellen und m\u00f6glichst matten Geb\u00e4udefassade oder Blende montiert. Sie beleuchten den Hintergrund koronaartig in einem begrenzten Fl\u00e4chenbereich. Man spricht hier auch von einer &#8222;Schattenschrift&#8220;.<br>Diese Profilform wird von vielen \u00f6ffentlichen Gestaltungssatzungen in denkmalgesch\u00fctzten Zonen bzw. an denkmalgesch\u00fctzten Geb\u00e4uden empfohlen oder sogar vorgeschrieben.<br>Die Oberteile der Reliefk\u00f6rper werden meistens aus Metall gefertigt und gegebenenfalls beschichtet, auf klare oder wei\u00df durchscheinende Acrylglas-Unterteile aufgesetzt und seitlich verschraubt. Zur Erzielung eines besseren Wirkungsgrades werden die Oberteile innen mattwei\u00df (RAL 9016) lackiert.<br>Die Leuchtstoffr\u00f6hren oder die LEDs und deren Leitungen und manchmal auch deren Vorschaltger\u00e4te werden innerhalb der Reliefk\u00f6rper auf den R\u00fcckseiten befestigt.<br>Variationen f\u00fcr dieses Profil ergeben sich, nwenn die Frontseiten oder Zargen der Oberteile aus farbigem Acrylglas hergestellt werden und bei Nacht mitleuchten. Gleichfarbigkeit von Frontseiten und Zargen verschlechtert dabei die Lesbarkeit.<\/p>\n<\/div>\n<\/div>\n\n\n\n<div style=\"height:30px\" aria-hidden=\"true\" class=\"wp-block-spacer\"><\/div>\n\n\n\n<div class=\"wp-block-columns coblocks-animate is-layout-flex wp-container-core-columns-is-layout-9d6595d7 wp-block-columns-is-layout-flex\" data-coblocks-animation=\"slideInBottom\">\n<div class=\"wp-block-column is-layout-flow wp-block-column-is-layout-flow\">\n<p class=\"has-text-align-center has-large-font-size has-custom-weight\" style=\"font-weight:bold\">Preis\u00fcbersicht<\/p>\n\n\n\n<p class=\"has-text-align-center has-small-font-size\">Immer nach Gro\u00dfbuchstaben kalkuliert. Wenn breiter als hoch, dann nach Breite.<br>Serifenschriften&nbsp;+15%, Schreibschrift auf Anfrage.<br>Kabelkanal +60,00 Euro \/ Lfm.<br>Auf Ger\u00e4ten vormontiert ab 120,00 Euro \/ Lfm.<br>Daten\u00fcbernahme: 28,00 Euro \/ Motiv<\/p>\n\n\n\n<table id=\"tablepress-9\" class=\"tablepress tablepress-id-9\">\n<tbody class=\"row-striping row-hover\">\n<tr class=\"row-1\">\n\t<td class=\"column-1\"><strong>Profil 03<\/strong><\/td><td class=\"column-2\"><\/td>\n<\/tr>\n<tr class=\"row-2\">\n\t<td class=\"column-1\"><strong>Versalh\u00f6he [mm]<\/strong><\/td><td class=\"column-2\"><strong>Ink.LED Ausleuchtung<\/strong><\/td>\n<\/tr>\n<tr class=\"row-3\">\n\t<td class=\"column-1\"><strong>bis 200<\/strong><\/td><td class=\"column-2\">70,00\u00a0\u20ac<\/td>\n<\/tr>\n<tr class=\"row-4\">\n\t<td class=\"column-1\"><strong>bis 300<\/strong><\/td><td class=\"column-2\">105,00\u00a0\u20ac<\/td>\n<\/tr>\n<tr class=\"row-5\">\n\t<td class=\"column-1\"><strong>bis 400<\/strong><\/td><td class=\"column-2\">140,00\u00a0\u20ac<\/td>\n<\/tr>\n<tr class=\"row-6\">\n\t<td class=\"column-1\"><strong>bis 500<\/strong><\/td><td class=\"column-2\">175,00\u00a0\u20ac<\/td>\n<\/tr>\n<tr class=\"row-7\">\n\t<td class=\"column-1\"><strong>bis 600<\/strong><\/td><td class=\"column-2\">210,00\u00a0\u20ac<\/td>\n<\/tr>\n<tr class=\"row-8\">\n\t<td class=\"column-1\"><strong>bis 700<\/strong><\/td><td class=\"column-2\">245,00 \u20ac<\/td>\n<\/tr>\n<tr class=\"row-9\">\n\t<td class=\"column-1\"><strong>bis 800<\/strong><\/td><td class=\"column-2\">280,00\u00a0\u20ac<\/td>\n<\/tr>\n<tr class=\"row-10\">\n\t<td class=\"column-1\"><strong>bis 900<\/strong><\/td><td class=\"column-2\">315,00\u00a0\u20ac<\/td>\n<\/tr>\n<tr class=\"row-11\">\n\t<td class=\"column-1\"><strong>bis 1000<\/strong><\/td><td class=\"column-2\">350,00\u00a0\u20ac<\/td>\n<\/tr>\n<\/tbody>\n<\/table>\n<!-- #tablepress-9 from cache --><\/div>\n<\/div>\n\n\n\n<div style=\"height:30px\" aria-hidden=\"true\" class=\"wp-block-spacer\"><\/div>\n\n\n\n<div class=\"wp-block-essential-blocks-image-gallery\"><div class=\"eb-parent-wrapper eb-parent-eb-image-gallery-6il90pw eb_animation eb___animated eb___slideInUp\"><div class=\"eb-gallery-img-wrapper eb-image-gallery-6il90pw grid overlay-bottom caption-style-0 caption-on-hover \" data-id=\"eb-image-gallery-6il90pw\"><a href=\"https:\/\/spielwiese-werbetechnik.net\/wp-content\/uploads\/2023\/03\/20221101_102452-scaled.jpg\" id=\"eb-gallery-img-content\" data-fslightbox=\"gallery\" data-type=\"image\" class=\"eb-gallery-img-content eb-filter-img-\"><span class=\"eb-gallery-link-wrapper\"><img decoding=\"async\" class=\"eb-gallery-img\" src=\"https:\/\/spielwiese-werbetechnik.net\/wp-content\/uploads\/2023\/03\/20221101_102452-scaled.jpg\" image-index=\"0\"\/><\/span><\/a><a href=\"https:\/\/spielwiese-werbetechnik.net\/wp-content\/uploads\/2023\/03\/medical-park-profil-03-leuchtschrift-leuchtbuchstaben.jpg\" id=\"eb-gallery-img-content\" data-fslightbox=\"gallery\" data-type=\"image\" class=\"eb-gallery-img-content eb-filter-img-\"><span class=\"eb-gallery-link-wrapper\"><img decoding=\"async\" class=\"eb-gallery-img\" src=\"https:\/\/spielwiese-werbetechnik.net\/wp-content\/uploads\/2023\/03\/medical-park-profil-03-leuchtschrift-leuchtbuchstaben.jpg\" image-index=\"1\"\/><\/span><\/a><a href=\"https:\/\/spielwiese-werbetechnik.net\/wp-content\/uploads\/2023\/03\/maison_1944y1296-1.jpg\" id=\"eb-gallery-img-content\" data-fslightbox=\"gallery\" data-type=\"image\" class=\"eb-gallery-img-content eb-filter-img-\"><span class=\"eb-gallery-link-wrapper\"><img decoding=\"async\" class=\"eb-gallery-img\" src=\"https:\/\/spielwiese-werbetechnik.net\/wp-content\/uploads\/2023\/03\/maison_1944y1296-1.jpg\" image-index=\"2\"\/><\/span><\/a><a href=\"https:\/\/spielwiese-werbetechnik.net\/wp-content\/uploads\/2023\/03\/Tomas-Sabo_2785x1562-1-scaled.jpg\" id=\"eb-gallery-img-content\" data-fslightbox=\"gallery\" data-type=\"image\" class=\"eb-gallery-img-content eb-filter-img-\"><span class=\"eb-gallery-link-wrapper\"><img decoding=\"async\" class=\"eb-gallery-img\" src=\"https:\/\/spielwiese-werbetechnik.net\/wp-content\/uploads\/2023\/03\/Tomas-Sabo_2785x1562-1-scaled.jpg\" image-index=\"3\"\/><\/span><\/a><a href=\"https:\/\/spielwiese-werbetechnik.net\/wp-content\/uploads\/2023\/03\/profil-03-r.jpg\" id=\"eb-gallery-img-content\" data-fslightbox=\"gallery\" data-type=\"image\" class=\"eb-gallery-img-content eb-filter-img-\"><span class=\"eb-gallery-link-wrapper\"><img decoding=\"async\" class=\"eb-gallery-img\" src=\"https:\/\/spielwiese-werbetechnik.net\/wp-content\/uploads\/2023\/03\/profil-03-r.jpg\" image-index=\"4\"\/><\/span><\/a><a href=\"https:\/\/spielwiese-werbetechnik.net\/wp-content\/uploads\/2023\/03\/7ba52000-e494-409e-9357-9414239bca6e.jpg\" id=\"eb-gallery-img-content\" data-fslightbox=\"gallery\" data-type=\"image\" class=\"eb-gallery-img-content eb-filter-img-\"><span class=\"eb-gallery-link-wrapper\"><img decoding=\"async\" class=\"eb-gallery-img\" src=\"https:\/\/spielwiese-werbetechnik.net\/wp-content\/uploads\/2023\/03\/7ba52000-e494-409e-9357-9414239bca6e.jpg\" image-index=\"5\"\/><\/span><\/a><a href=\"https:\/\/spielwiese-werbetechnik.net\/wp-content\/uploads\/2023\/03\/9c607346-9242-4cb3-950a-3bc18a46e3c4.jpg\" id=\"eb-gallery-img-content\" data-fslightbox=\"gallery\" data-type=\"image\" class=\"eb-gallery-img-content eb-filter-img-\"><span class=\"eb-gallery-link-wrapper\"><img decoding=\"async\" class=\"eb-gallery-img\" src=\"https:\/\/spielwiese-werbetechnik.net\/wp-content\/uploads\/2023\/03\/9c607346-9242-4cb3-950a-3bc18a46e3c4.jpg\" image-index=\"6\"\/><\/span><\/a><\/div><\/div><\/div>\n","protected":false},"excerpt":{"rendered":"<p>Das Profil 3 Reliefk\u00f6rper im Profil 3 werden in einem Abstand von ca. 30 bis 70 mm von einer hellen und m\u00f6glichst matten Geb\u00e4udefassade oder Blende montiert. Sie beleuchten den Hintergrund koronaartig in einem begrenzten Fl\u00e4chenbereich. Man spricht hier auch von einer &#8222;Schattenschrift&#8220;.Diese Profilform wird von vielen \u00f6ffentlichen Gestaltungssatzungen in denkmalgesch\u00fctzten Zonen bzw. an denkmalgesch\u00fctzten&hellip;&nbsp;<a href=\"https:\/\/spielwiese-werbetechnik.net\/index.php\/buchstaben-profil-03\/\" rel=\"bookmark\">Weiterlesen &raquo;<span class=\"screen-reader-text\">Buchstaben Profil 03<\/span><\/a><\/p>\n","protected":false},"author":2,"featured_media":0,"parent":0,"menu_order":0,"comment_status":"closed","ping_status":"closed","template":"","meta":{"_coblocks_attr":"","_coblocks_dimensions":"","_coblocks_responsive_height":"","_coblocks_accordion_ie_support":"","_eb_attr":"","neve_meta_sidebar":"","neve_meta_container":"","neve_meta_enable_content_width":"","neve_meta_content_width":0,"neve_meta_title_alignment":"","neve_meta_author_avatar":"","neve_post_elements_order":"","neve_meta_disable_header":"","neve_meta_disable_footer":"","neve_meta_disable_title":"","_themeisle_gutenberg_block_has_review":false,"footnotes":""},"class_list":["post-207","page","type-page","status-publish","hentry"],"yoast_head":"<!-- This site is optimized with the Yoast SEO plugin v26.9 - https:\/\/yoast.com\/product\/yoast-seo-wordpress\/ -->\n<title>Buchstaben Profil 03 - Hoffschmidt Werbeteam<\/title>\n<meta name=\"description\" content=\"Profil 03Indirekt zur Wand leuchtender Reliefbuchstabe.Buchstabenk\u00f6rper aus 1,5 oder 2mm Alublech, nach RAL einbrennlackiert!R\u00fcckwand in Plexi, Ausleuchtung 1-reihig LED, ohne Konverter.\" \/>\n<meta name=\"robots\" content=\"noindex, follow, max-snippet:-1, max-image-preview:large, max-video-preview:-1\" \/>\n<meta property=\"og:locale\" content=\"de_DE\" \/>\n<meta property=\"og:type\" content=\"article\" \/>\n<meta property=\"og:title\" content=\"Buchstaben Profil 03 - Hoffschmidt Werbeteam\" \/>\n<meta property=\"og:description\" content=\"Profil 03Indirekt zur Wand leuchtender Reliefbuchstabe.Buchstabenk\u00f6rper aus 1,5 oder 2mm Alublech, nach RAL einbrennlackiert!R\u00fcckwand in Plexi, Ausleuchtung 1-reihig LED, ohne Konverter.\" \/>\n<meta property=\"og:url\" content=\"https:\/\/spielwiese-werbetechnik.net\/index.php\/buchstaben-profil-03\/\" \/>\n<meta property=\"og:site_name\" content=\"Hoffschmidt Werbeteam\" \/>\n<meta property=\"article:publisher\" content=\"https:\/\/www.facebook.com\/people\/Hoffschmidt-Werbeteam\" \/>\n<meta property=\"article:modified_time\" content=\"2023-03-08T09:34:54+00:00\" \/>\n<meta property=\"og:image\" content=\"https:\/\/spielwiese-werbetechnik.net\/wp-content\/uploads\/2023\/03\/Profil-3-956x1024.png\" \/>\n<meta name=\"twitter:card\" content=\"summary_large_image\" \/>\n<meta name=\"twitter:label1\" content=\"Gesch\u00e4tzte Lesezeit\" \/>\n\t<meta name=\"twitter:data1\" content=\"3\u00a0Minuten\" \/>\n<script type=\"application\/ld+json\" class=\"yoast-schema-graph\">{\"@context\":\"https:\/\/schema.org\",\"@graph\":[{\"@type\":\"WebPage\",\"@id\":\"https:\/\/spielwiese-werbetechnik.net\/index.php\/buchstaben-profil-03\/\",\"url\":\"https:\/\/spielwiese-werbetechnik.net\/index.php\/buchstaben-profil-03\/\",\"name\":\"Buchstaben Profil 03 - Hoffschmidt Werbeteam\",\"isPartOf\":{\"@id\":\"https:\/\/spielwiese-werbetechnik.net\/#website\"},\"primaryImageOfPage\":{\"@id\":\"https:\/\/spielwiese-werbetechnik.net\/index.php\/buchstaben-profil-03\/#primaryimage\"},\"image\":{\"@id\":\"https:\/\/spielwiese-werbetechnik.net\/index.php\/buchstaben-profil-03\/#primaryimage\"},\"thumbnailUrl\":\"https:\/\/spielwiese-werbetechnik.net\/wp-content\/uploads\/2023\/03\/Profil-3-956x1024.png\",\"datePublished\":\"2023-02-09T08:48:34+00:00\",\"dateModified\":\"2023-03-08T09:34:54+00:00\",\"description\":\"Profil 03Indirekt zur Wand leuchtender Reliefbuchstabe.Buchstabenk\u00f6rper aus 1,5 oder 2mm Alublech, nach RAL einbrennlackiert!R\u00fcckwand in Plexi, Ausleuchtung 1-reihig LED, ohne Konverter.\",\"breadcrumb\":{\"@id\":\"https:\/\/spielwiese-werbetechnik.net\/index.php\/buchstaben-profil-03\/#breadcrumb\"},\"inLanguage\":\"de\",\"potentialAction\":[{\"@type\":\"ReadAction\",\"target\":[\"https:\/\/spielwiese-werbetechnik.net\/index.php\/buchstaben-profil-03\/\"]}]},{\"@type\":\"ImageObject\",\"inLanguage\":\"de\",\"@id\":\"https:\/\/spielwiese-werbetechnik.net\/index.php\/buchstaben-profil-03\/#primaryimage\",\"url\":\"https:\/\/spielwiese-werbetechnik.net\/wp-content\/uploads\/2023\/03\/Profil-3.png\",\"contentUrl\":\"https:\/\/spielwiese-werbetechnik.net\/wp-content\/uploads\/2023\/03\/Profil-3.png\",\"width\":2824,\"height\":3024},{\"@type\":\"BreadcrumbList\",\"@id\":\"https:\/\/spielwiese-werbetechnik.net\/index.php\/buchstaben-profil-03\/#breadcrumb\",\"itemListElement\":[{\"@type\":\"ListItem\",\"position\":1,\"name\":\"Startseite\",\"item\":\"https:\/\/spielwiese-werbetechnik.net\/\"},{\"@type\":\"ListItem\",\"position\":2,\"name\":\"Buchstaben Profil 03\"}]},{\"@type\":\"WebSite\",\"@id\":\"https:\/\/spielwiese-werbetechnik.net\/#website\",\"url\":\"https:\/\/spielwiese-werbetechnik.net\/\",\"name\":\"Hoffschmidt Werbeteam\",\"description\":\"sichtbar bessere Werbung!\",\"potentialAction\":[{\"@type\":\"SearchAction\",\"target\":{\"@type\":\"EntryPoint\",\"urlTemplate\":\"https:\/\/spielwiese-werbetechnik.net\/?s={search_term_string}\"},\"query-input\":{\"@type\":\"PropertyValueSpecification\",\"valueRequired\":true,\"valueName\":\"search_term_string\"}}],\"inLanguage\":\"de\"}]}<\/script>\n<!-- \/ Yoast SEO plugin. -->","yoast_head_json":{"title":"Buchstaben Profil 03 - Hoffschmidt Werbeteam","description":"Profil 03Indirekt zur Wand leuchtender Reliefbuchstabe.Buchstabenk\u00f6rper aus 1,5 oder 2mm Alublech, nach RAL einbrennlackiert!R\u00fcckwand in Plexi, Ausleuchtung 1-reihig LED, ohne Konverter.","robots":{"index":"noindex","follow":"follow","max-snippet":"max-snippet:-1","max-image-preview":"max-image-preview:large","max-video-preview":"max-video-preview:-1"},"og_locale":"de_DE","og_type":"article","og_title":"Buchstaben Profil 03 - Hoffschmidt Werbeteam","og_description":"Profil 03Indirekt zur Wand leuchtender Reliefbuchstabe.Buchstabenk\u00f6rper aus 1,5 oder 2mm Alublech, nach RAL einbrennlackiert!R\u00fcckwand in Plexi, Ausleuchtung 1-reihig LED, ohne Konverter.","og_url":"https:\/\/spielwiese-werbetechnik.net\/index.php\/buchstaben-profil-03\/","og_site_name":"Hoffschmidt Werbeteam","article_publisher":"https:\/\/www.facebook.com\/people\/Hoffschmidt-Werbeteam","article_modified_time":"2023-03-08T09:34:54+00:00","og_image":[{"url":"https:\/\/spielwiese-werbetechnik.net\/wp-content\/uploads\/2023\/03\/Profil-3-956x1024.png","type":"","width":"","height":""}],"twitter_card":"summary_large_image","twitter_misc":{"Gesch\u00e4tzte Lesezeit":"3\u00a0Minuten"},"schema":{"@context":"https:\/\/schema.org","@graph":[{"@type":"WebPage","@id":"https:\/\/spielwiese-werbetechnik.net\/index.php\/buchstaben-profil-03\/","url":"https:\/\/spielwiese-werbetechnik.net\/index.php\/buchstaben-profil-03\/","name":"Buchstaben Profil 03 - Hoffschmidt Werbeteam","isPartOf":{"@id":"https:\/\/spielwiese-werbetechnik.net\/#website"},"primaryImageOfPage":{"@id":"https:\/\/spielwiese-werbetechnik.net\/index.php\/buchstaben-profil-03\/#primaryimage"},"image":{"@id":"https:\/\/spielwiese-werbetechnik.net\/index.php\/buchstaben-profil-03\/#primaryimage"},"thumbnailUrl":"https:\/\/spielwiese-werbetechnik.net\/wp-content\/uploads\/2023\/03\/Profil-3-956x1024.png","datePublished":"2023-02-09T08:48:34+00:00","dateModified":"2023-03-08T09:34:54+00:00","description":"Profil 03Indirekt zur Wand leuchtender Reliefbuchstabe.Buchstabenk\u00f6rper aus 1,5 oder 2mm Alublech, nach RAL einbrennlackiert!R\u00fcckwand in Plexi, Ausleuchtung 1-reihig LED, ohne Konverter.","breadcrumb":{"@id":"https:\/\/spielwiese-werbetechnik.net\/index.php\/buchstaben-profil-03\/#breadcrumb"},"inLanguage":"de","potentialAction":[{"@type":"ReadAction","target":["https:\/\/spielwiese-werbetechnik.net\/index.php\/buchstaben-profil-03\/"]}]},{"@type":"ImageObject","inLanguage":"de","@id":"https:\/\/spielwiese-werbetechnik.net\/index.php\/buchstaben-profil-03\/#primaryimage","url":"https:\/\/spielwiese-werbetechnik.net\/wp-content\/uploads\/2023\/03\/Profil-3.png","contentUrl":"https:\/\/spielwiese-werbetechnik.net\/wp-content\/uploads\/2023\/03\/Profil-3.png","width":2824,"height":3024},{"@type":"BreadcrumbList","@id":"https:\/\/spielwiese-werbetechnik.net\/index.php\/buchstaben-profil-03\/#breadcrumb","itemListElement":[{"@type":"ListItem","position":1,"name":"Startseite","item":"https:\/\/spielwiese-werbetechnik.net\/"},{"@type":"ListItem","position":2,"name":"Buchstaben Profil 03"}]},{"@type":"WebSite","@id":"https:\/\/spielwiese-werbetechnik.net\/#website","url":"https:\/\/spielwiese-werbetechnik.net\/","name":"Hoffschmidt Werbeteam","description":"sichtbar bessere Werbung!","potentialAction":[{"@type":"SearchAction","target":{"@type":"EntryPoint","urlTemplate":"https:\/\/spielwiese-werbetechnik.net\/?s={search_term_string}"},"query-input":{"@type":"PropertyValueSpecification","valueRequired":true,"valueName":"search_term_string"}}],"inLanguage":"de"}]}},"_links":{"self":[{"href":"https:\/\/spielwiese-werbetechnik.net\/index.php\/wp-json\/wp\/v2\/pages\/207","targetHints":{"allow":["GET"]}}],"collection":[{"href":"https:\/\/spielwiese-werbetechnik.net\/index.php\/wp-json\/wp\/v2\/pages"}],"about":[{"href":"https:\/\/spielwiese-werbetechnik.net\/index.php\/wp-json\/wp\/v2\/types\/page"}],"author":[{"embeddable":true,"href":"https:\/\/spielwiese-werbetechnik.net\/index.php\/wp-json\/wp\/v2\/users\/2"}],"replies":[{"embeddable":true,"href":"https:\/\/spielwiese-werbetechnik.net\/index.php\/wp-json\/wp\/v2\/comments?post=207"}],"version-history":[{"count":26,"href":"https:\/\/spielwiese-werbetechnik.net\/index.php\/wp-json\/wp\/v2\/pages\/207\/revisions"}],"predecessor-version":[{"id":1450,"href":"https:\/\/spielwiese-werbetechnik.net\/index.php\/wp-json\/wp\/v2\/pages\/207\/revisions\/1450"}],"wp:attachment":[{"href":"https:\/\/spielwiese-werbetechnik.net\/index.php\/wp-json\/wp\/v2\/media?parent=207"}],"curies":[{"name":"wp","href":"https:\/\/api.w.org\/{rel}","templated":true}]}}