{"id":212,"date":"2023-02-09T08:49:26","date_gmt":"2023-02-09T08:49:26","guid":{"rendered":"https:\/\/spielwiese-werbetechnik.net\/?page_id=212"},"modified":"2023-03-06T13:43:34","modified_gmt":"2023-03-06T13:43:34","slug":"buchstaben-profil-05","status":"publish","type":"page","link":"https:\/\/spielwiese-werbetechnik.net\/index.php\/buchstaben-profil-05\/","title":{"rendered":"Buchstaben Profil 05"},"content":{"rendered":"\n<div id=\"wp-block-themeisle-blocks-advanced-columns-a2946a77\" class=\"wp-block-themeisle-blocks-advanced-columns alignfull has-2-columns has-desktop-equal-layout has-tablet-equal-layout has-mobile-collapsedRows-layout has-vertical-center ticss-a2946a77 has-dark-bg coblocks-animate\" data-coblocks-animation=\"slideInBottom\"><div class=\"wp-block-themeisle-blocks-advanced-columns-overlay\"><\/div><div class=\"innerblocks-wrap\">\n<div id=\"wp-block-themeisle-blocks-advanced-column-bbddf55b\" class=\"wp-block-themeisle-blocks-advanced-column\"><div class=\"wp-block-image\">\n<figure class=\"aligncenter size-full\"><img loading=\"lazy\" decoding=\"async\" width=\"723\" height=\"652\" src=\"https:\/\/spielwiese-werbetechnik.net\/wp-content\/uploads\/2023\/03\/Profil-5.png\" alt=\"Durch Front nach vorn leuchtender Reliefbuchstabe.\nBuchstabenk\u00f6rper, Fronten und Stege, aus 1,5 oder 2 mm Aluminiumblech, nach\u00a0RAL\u00a0einbrennlackiert!\nFronten in Plexi, CAB Umleimer, Ausleuchtung 1-reihig LED, ohne Konverter.\" class=\"wp-image-1175\" srcset=\"https:\/\/spielwiese-werbetechnik.net\/wp-content\/uploads\/2023\/03\/Profil-5.png 723w, https:\/\/spielwiese-werbetechnik.net\/wp-content\/uploads\/2023\/03\/Profil-5-300x271.png 300w\" sizes=\"auto, (max-width: 723px) 100vw, 723px\" \/><\/figure>\n<\/div><\/div>\n\n\n\n<div id=\"wp-block-themeisle-blocks-advanced-column-92b2db05\" class=\"wp-block-themeisle-blocks-advanced-column\">\n<h2 id=\"wp-block-themeisle-blocks-advanced-heading-8f1f2647\" class=\"wp-block-themeisle-blocks-advanced-heading wp-block-themeisle-blocks-advanced-heading-8f1f2647\">Profil 05<\/h2>\n\n\n\n<p class=\"has-white-color has-text-color\">Durch Front nach vorn leuchtender Reliefbuchstabe.<br>Buchstabenk\u00f6rper, Fronten und Stege, aus 1,5 oder 2 mm Aluminiumblech, nach&nbsp;<a href=\"https:\/\/de.wikipedia.org\/wiki\/RAL-Farbe\">RAL&nbsp;<\/a>einbrennlackiert!<br>Fronten in Plexi, CAB Umleimer, Ausleuchtung 1-reihig LED, ohne Konverter.<\/p>\n<\/div>\n<\/div><\/div>\n\n\n\n<div style=\"height:30px\" aria-hidden=\"true\" class=\"wp-block-spacer\"><\/div>\n\n\n\n<div class=\"wp-block-columns coblocks-animate is-layout-flex wp-container-core-columns-is-layout-9d6595d7 wp-block-columns-is-layout-flex\" data-coblocks-animation=\"slideInBottom\">\n<div class=\"wp-block-column is-vertically-aligned-center is-layout-flow wp-block-column-is-layout-flow\">\n<figure class=\"wp-block-image size-large\"><img loading=\"lazy\" decoding=\"async\" width=\"1024\" height=\"369\" src=\"https:\/\/spielwiese-werbetechnik.net\/wp-content\/uploads\/2023\/03\/Profil-5-ganz-1024x369.png\" alt=\"\" class=\"wp-image-1177\" srcset=\"https:\/\/spielwiese-werbetechnik.net\/wp-content\/uploads\/2023\/03\/Profil-5-ganz-1024x369.png 1024w, https:\/\/spielwiese-werbetechnik.net\/wp-content\/uploads\/2023\/03\/Profil-5-ganz-300x108.png 300w, https:\/\/spielwiese-werbetechnik.net\/wp-content\/uploads\/2023\/03\/Profil-5-ganz-768x277.png 768w, https:\/\/spielwiese-werbetechnik.net\/wp-content\/uploads\/2023\/03\/Profil-5-ganz-1536x554.png 1536w, https:\/\/spielwiese-werbetechnik.net\/wp-content\/uploads\/2023\/03\/Profil-5-ganz-2048x738.png 2048w\" sizes=\"auto, (max-width: 1024px) 100vw, 1024px\" \/><\/figure>\n<\/div>\n\n\n\n<div class=\"wp-block-column is-vertically-aligned-center is-layout-flow wp-block-column-is-layout-flow\">\n<h2 class=\"wp-block-heading\">Das Profil 5<\/h2>\n\n\n\n<p>Reliefk\u00f6rper im Profil 5 haben zur Befestigung der Acrylglas-Frontscheiben anstelle des Metallrahmens des Profils 4 einen PVC Umleimer (ein biegsames Kunststoffprofil). Dieser Umleimer wird mit der Acrylglas-Frontseite verklebt und an der Zarge befestigt. PVC-Umleimer, die mit einem eingelegten Metallband verst\u00e4rkt sind, gibt es in vielen Farben, die an die Acrylglas-Einf\u00e4rbungen angepasst sind.&nbsp;<br>Die Lichtquellen und deren Leitungen werden auf den R\u00fcckseiten innerhalb der Reliefk\u00f6rper befestigt.<br>Diese kosteng\u00fcnstige Bauweise eignet sich sehr gut f\u00fcr Reliefk\u00f6rper bis zu 70cm H\u00f6he oder Breite; sie hat sich vielf\u00e4ltig bew\u00e4hrt.<\/p>\n<\/div>\n<\/div>\n\n\n\n<div style=\"height:30px\" aria-hidden=\"true\" class=\"wp-block-spacer\"><\/div>\n\n\n\n<div class=\"wp-block-columns coblocks-animate is-layout-flex wp-container-core-columns-is-layout-9d6595d7 wp-block-columns-is-layout-flex\" data-coblocks-animation=\"slideInBottom\">\n<div class=\"wp-block-column is-layout-flow wp-block-column-is-layout-flow\">\n<p class=\"has-text-align-center has-large-font-size has-custom-weight\" style=\"font-weight:bold\">Preis\u00fcbersicht<\/p>\n\n\n\n<p class=\"has-text-align-center has-small-font-size\">Immer nach Gro\u00dfbuchstaben kalkuliert. Wenn breiter als hoch, dann nach Breite.<br>Serifenschriften&nbsp;+15%, Schreibschrift auf Anfrage.<br>Kabelkanal +60,00 Euro \/ Lfm.<br>Auf Ger\u00e4ten vormontiert ab 120,00 Euro \/ Lfm.<br>Daten\u00fcbernahme: 28,00 Euro \/ Motiv<\/p>\n\n\n\n<table id=\"tablepress-10\" class=\"tablepress tablepress-id-10\">\n<tbody class=\"row-striping row-hover\">\n<tr class=\"row-1\">\n\t<td class=\"column-1\"><strong>Profil 05<\/strong><\/td><td class=\"column-2\"><\/td>\n<\/tr>\n<tr class=\"row-2\">\n\t<td class=\"column-1\"><strong>Versalh\u00f6he [mm]<\/strong><\/td><td class=\"column-2\"><strong>Ink.LED Ausleuchtung<\/strong><\/td>\n<\/tr>\n<tr class=\"row-3\">\n\t<td class=\"column-1\"><strong>bis 200<\/strong><\/td><td class=\"column-2\">\u00a080,00 \u20ac<\/td>\n<\/tr>\n<tr class=\"row-4\">\n\t<td class=\"column-1\"><strong>bis 300<\/strong><\/td><td class=\"column-2\">100,00\u00a0\u20ac<\/td>\n<\/tr>\n<tr class=\"row-5\">\n\t<td class=\"column-1\"><strong>bis 400<\/strong><\/td><td class=\"column-2\">120,00\u00a0\u20ac<\/td>\n<\/tr>\n<tr class=\"row-6\">\n\t<td class=\"column-1\"><strong>bis 500<\/strong><\/td><td class=\"column-2\">140,00\u00a0\u20ac<\/td>\n<\/tr>\n<tr class=\"row-7\">\n\t<td class=\"column-1\"><strong>bis 600<\/strong><\/td><td class=\"column-2\">160,00\u00a0\u20ac<\/td>\n<\/tr>\n<tr class=\"row-8\">\n\t<td class=\"column-1\"><strong>bis 700<\/strong><\/td><td class=\"column-2\">180,00\u00a0\u20ac<\/td>\n<\/tr>\n<tr class=\"row-9\">\n\t<td class=\"column-1\"><strong>bis 800<\/strong><\/td><td class=\"column-2\">200,00\u00a0\u20ac<\/td>\n<\/tr>\n<tr class=\"row-10\">\n\t<td class=\"column-1\"><strong>bis 900<\/strong><\/td><td class=\"column-2\">220,00\u00a0\u20ac<\/td>\n<\/tr>\n<tr class=\"row-11\">\n\t<td class=\"column-1\"><strong>bis 1000<\/strong><\/td><td class=\"column-2\">240,00\u00a0\u20ac<\/td>\n<\/tr>\n<\/tbody>\n<\/table>\n<!-- #tablepress-10 from cache --><\/div>\n<\/div>\n\n\n\n<div class=\"wp-block-essential-blocks-image-gallery coblocks-animate\" data-coblocks-animation=\"slideInBottom\"><div class=\"eb-parent-wrapper eb-parent-eb-image-gallery-n5afax8 \"><div class=\"eb-gallery-img-wrapper eb-image-gallery-n5afax8 grid overlay-bottom caption-style-0  \" data-id=\"eb-image-gallery-n5afax8\"><a href=\"https:\/\/spielwiese-werbetechnik.net\/wp-content\/uploads\/2023\/02\/DSC_7890-scaled.jpg\" id=\"eb-gallery-img-content\" data-fslightbox=\"gallery\" data-type=\"image\" class=\"eb-gallery-img-content eb-filter-img-\"><span class=\"eb-gallery-link-wrapper\"><img decoding=\"async\" class=\"eb-gallery-img\" src=\"https:\/\/spielwiese-werbetechnik.net\/wp-content\/uploads\/2023\/02\/DSC_7890-scaled.jpg\" image-index=\"0\"\/><\/span><\/a><a href=\"https:\/\/spielwiese-werbetechnik.net\/wp-content\/uploads\/2023\/02\/DSC_7891-scaled.jpg\" id=\"eb-gallery-img-content\" data-fslightbox=\"gallery\" data-type=\"image\" class=\"eb-gallery-img-content eb-filter-img-\"><span class=\"eb-gallery-link-wrapper\"><img decoding=\"async\" class=\"eb-gallery-img\" src=\"https:\/\/spielwiese-werbetechnik.net\/wp-content\/uploads\/2023\/02\/DSC_7891-scaled.jpg\" image-index=\"1\"\/><\/span><\/a><a href=\"https:\/\/spielwiese-werbetechnik.net\/wp-content\/uploads\/2023\/02\/DSC_7203-scaled.jpg\" id=\"eb-gallery-img-content\" data-fslightbox=\"gallery\" data-type=\"image\" class=\"eb-gallery-img-content eb-filter-img-\"><span class=\"eb-gallery-link-wrapper\"><img decoding=\"async\" class=\"eb-gallery-img\" src=\"https:\/\/spielwiese-werbetechnik.net\/wp-content\/uploads\/2023\/02\/DSC_7203-scaled.jpg\" image-index=\"2\"\/><\/span><\/a><a href=\"https:\/\/spielwiese-werbetechnik.net\/wp-content\/uploads\/2023\/02\/DSC_7198-scaled.jpg\" id=\"eb-gallery-img-content\" data-fslightbox=\"gallery\" data-type=\"image\" class=\"eb-gallery-img-content eb-filter-img-\"><span class=\"eb-gallery-link-wrapper\"><img decoding=\"async\" class=\"eb-gallery-img\" src=\"https:\/\/spielwiese-werbetechnik.net\/wp-content\/uploads\/2023\/02\/DSC_7198-scaled.jpg\" image-index=\"3\"\/><\/span><\/a><a href=\"https:\/\/spielwiese-werbetechnik.net\/wp-content\/uploads\/2023\/02\/DSC_5699-1-scaled.jpg\" id=\"eb-gallery-img-content\" data-fslightbox=\"gallery\" data-type=\"image\" class=\"eb-gallery-img-content eb-filter-img-\"><span class=\"eb-gallery-link-wrapper\"><img decoding=\"async\" class=\"eb-gallery-img\" src=\"https:\/\/spielwiese-werbetechnik.net\/wp-content\/uploads\/2023\/02\/DSC_5699-1-scaled.jpg\" image-index=\"4\"\/><\/span><\/a><a href=\"https:\/\/spielwiese-werbetechnik.net\/wp-content\/uploads\/2023\/03\/20230124_134009-scaled.jpg\" id=\"eb-gallery-img-content\" data-fslightbox=\"gallery\" data-type=\"image\" class=\"eb-gallery-img-content eb-filter-img-\"><span class=\"eb-gallery-link-wrapper\"><img decoding=\"async\" class=\"eb-gallery-img\" src=\"https:\/\/spielwiese-werbetechnik.net\/wp-content\/uploads\/2023\/03\/20230124_134009-scaled.jpg\" image-index=\"5\"\/><\/span><\/a><a href=\"https:\/\/spielwiese-werbetechnik.net\/wp-content\/uploads\/2023\/03\/DSC_5703-scaled.jpg\" id=\"eb-gallery-img-content\" data-fslightbox=\"gallery\" data-type=\"image\" class=\"eb-gallery-img-content eb-filter-img-\"><span class=\"eb-gallery-link-wrapper\"><img decoding=\"async\" class=\"eb-gallery-img\" src=\"https:\/\/spielwiese-werbetechnik.net\/wp-content\/uploads\/2023\/03\/DSC_5703-scaled.jpg\" image-index=\"6\"\/><\/span><\/a><a href=\"https:\/\/spielwiese-werbetechnik.net\/wp-content\/uploads\/2023\/03\/DSC_7208-scaled.jpg\" id=\"eb-gallery-img-content\" data-fslightbox=\"gallery\" data-type=\"image\" class=\"eb-gallery-img-content eb-filter-img-\"><span class=\"eb-gallery-link-wrapper\"><img decoding=\"async\" class=\"eb-gallery-img\" src=\"https:\/\/spielwiese-werbetechnik.net\/wp-content\/uploads\/2023\/03\/DSC_7208-scaled.jpg\" image-index=\"7\"\/><\/span><\/a><a href=\"https:\/\/spielwiese-werbetechnik.net\/wp-content\/uploads\/2023\/03\/DSC_7894-scaled.jpg\" id=\"eb-gallery-img-content\" data-fslightbox=\"gallery\" data-type=\"image\" class=\"eb-gallery-img-content eb-filter-img-\"><span class=\"eb-gallery-link-wrapper\"><img decoding=\"async\" class=\"eb-gallery-img\" src=\"https:\/\/spielwiese-werbetechnik.net\/wp-content\/uploads\/2023\/03\/DSC_7894-scaled.jpg\" image-index=\"8\"\/><\/span><\/a><a href=\"https:\/\/spielwiese-werbetechnik.net\/wp-content\/uploads\/2023\/03\/20221102_173506-scaled.jpg\" id=\"eb-gallery-img-content\" data-fslightbox=\"gallery\" data-type=\"image\" class=\"eb-gallery-img-content eb-filter-img-\"><span class=\"eb-gallery-link-wrapper\"><img decoding=\"async\" class=\"eb-gallery-img\" src=\"https:\/\/spielwiese-werbetechnik.net\/wp-content\/uploads\/2023\/03\/20221102_173506-scaled.jpg\" image-index=\"9\"\/><\/span><\/a><a href=\"https:\/\/spielwiese-werbetechnik.net\/wp-content\/uploads\/2023\/03\/leuchtbuchstaben-05-profil-05-scaled.jpg\" id=\"eb-gallery-img-content\" data-fslightbox=\"gallery\" data-type=\"image\" class=\"eb-gallery-img-content eb-filter-img-\"><span class=\"eb-gallery-link-wrapper\"><img decoding=\"async\" class=\"eb-gallery-img\" src=\"https:\/\/spielwiese-werbetechnik.net\/wp-content\/uploads\/2023\/03\/leuchtbuchstaben-05-profil-05-scaled.jpg\" image-index=\"10\"\/><\/span><\/a><\/div><\/div><\/div>\n","protected":false},"excerpt":{"rendered":"<p>Das Profil 5 Reliefk\u00f6rper im Profil 5 haben zur Befestigung der Acrylglas-Frontscheiben anstelle des Metallrahmens des Profils 4 einen PVC Umleimer (ein biegsames Kunststoffprofil). Dieser Umleimer wird mit der Acrylglas-Frontseite verklebt und an der Zarge befestigt. PVC-Umleimer, die mit einem eingelegten Metallband verst\u00e4rkt sind, gibt es in vielen Farben, die an die Acrylglas-Einf\u00e4rbungen angepasst sind.&nbsp;Die&hellip;&nbsp;<a href=\"https:\/\/spielwiese-werbetechnik.net\/index.php\/buchstaben-profil-05\/\" rel=\"bookmark\">Weiterlesen &raquo;<span class=\"screen-reader-text\">Buchstaben Profil 05<\/span><\/a><\/p>\n","protected":false},"author":2,"featured_media":0,"parent":0,"menu_order":0,"comment_status":"closed","ping_status":"closed","template":"","meta":{"_coblocks_attr":"","_coblocks_dimensions":"","_coblocks_responsive_height":"","_coblocks_accordion_ie_support":"","_eb_attr":"","neve_meta_sidebar":"","neve_meta_container":"","neve_meta_enable_content_width":"","neve_meta_content_width":0,"neve_meta_title_alignment":"","neve_meta_author_avatar":"","neve_post_elements_order":"","neve_meta_disable_header":"","neve_meta_disable_footer":"","neve_meta_disable_title":"","_themeisle_gutenberg_block_has_review":false,"footnotes":""},"class_list":["post-212","page","type-page","status-publish","hentry"],"yoast_head":"<!-- This site is optimized with the Yoast SEO plugin v26.9 - https:\/\/yoast.com\/product\/yoast-seo-wordpress\/ -->\n<title>Buchstaben Profil 05 - Hoffschmidt Werbeteam<\/title>\n<meta name=\"description\" content=\"Durch Front nach vorn leuchtender Reliefbuchstabe.Buchstabenk\u00f6rper, Fronten und Stege, aus 1,5 oder 2 mm Aluminiumblech, nach\u00a0RAL\u00a0einbrennlackiert!Fronten in Plexi, CAB Umleimer, Ausleuchtung 1-reihig LED, ohne Konverter.\" \/>\n<meta name=\"robots\" content=\"noindex, follow, max-snippet:-1, max-image-preview:large, max-video-preview:-1\" \/>\n<meta property=\"og:locale\" content=\"de_DE\" \/>\n<meta property=\"og:type\" content=\"article\" \/>\n<meta property=\"og:title\" content=\"Buchstaben Profil 05 - Hoffschmidt Werbeteam\" \/>\n<meta property=\"og:description\" content=\"Durch Front nach vorn leuchtender Reliefbuchstabe.Buchstabenk\u00f6rper, Fronten und Stege, aus 1,5 oder 2 mm Aluminiumblech, nach\u00a0RAL\u00a0einbrennlackiert!Fronten in Plexi, CAB Umleimer, Ausleuchtung 1-reihig LED, ohne Konverter.\" \/>\n<meta property=\"og:url\" content=\"https:\/\/spielwiese-werbetechnik.net\/index.php\/buchstaben-profil-05\/\" \/>\n<meta property=\"og:site_name\" content=\"Hoffschmidt Werbeteam\" \/>\n<meta property=\"article:publisher\" content=\"https:\/\/www.facebook.com\/people\/Hoffschmidt-Werbeteam\" \/>\n<meta property=\"article:modified_time\" content=\"2023-03-06T13:43:34+00:00\" \/>\n<meta property=\"og:image\" content=\"https:\/\/spielwiese-werbetechnik.net\/wp-content\/uploads\/2023\/03\/Profil-5.png\" \/>\n<meta name=\"twitter:card\" content=\"summary_large_image\" \/>\n<meta name=\"twitter:label1\" content=\"Gesch\u00e4tzte Lesezeit\" \/>\n\t<meta name=\"twitter:data1\" content=\"4\u00a0Minuten\" \/>\n<script type=\"application\/ld+json\" class=\"yoast-schema-graph\">{\"@context\":\"https:\/\/schema.org\",\"@graph\":[{\"@type\":\"WebPage\",\"@id\":\"https:\/\/spielwiese-werbetechnik.net\/index.php\/buchstaben-profil-05\/\",\"url\":\"https:\/\/spielwiese-werbetechnik.net\/index.php\/buchstaben-profil-05\/\",\"name\":\"Buchstaben Profil 05 - Hoffschmidt Werbeteam\",\"isPartOf\":{\"@id\":\"https:\/\/spielwiese-werbetechnik.net\/#website\"},\"primaryImageOfPage\":{\"@id\":\"https:\/\/spielwiese-werbetechnik.net\/index.php\/buchstaben-profil-05\/#primaryimage\"},\"image\":{\"@id\":\"https:\/\/spielwiese-werbetechnik.net\/index.php\/buchstaben-profil-05\/#primaryimage\"},\"thumbnailUrl\":\"https:\/\/spielwiese-werbetechnik.net\/wp-content\/uploads\/2023\/03\/Profil-5.png\",\"datePublished\":\"2023-02-09T08:49:26+00:00\",\"dateModified\":\"2023-03-06T13:43:34+00:00\",\"description\":\"Durch Front nach vorn leuchtender Reliefbuchstabe.Buchstabenk\u00f6rper, Fronten und Stege, aus 1,5 oder 2 mm Aluminiumblech, nach\u00a0RAL\u00a0einbrennlackiert!Fronten in Plexi, CAB Umleimer, Ausleuchtung 1-reihig LED, ohne Konverter.\",\"breadcrumb\":{\"@id\":\"https:\/\/spielwiese-werbetechnik.net\/index.php\/buchstaben-profil-05\/#breadcrumb\"},\"inLanguage\":\"de\",\"potentialAction\":[{\"@type\":\"ReadAction\",\"target\":[\"https:\/\/spielwiese-werbetechnik.net\/index.php\/buchstaben-profil-05\/\"]}]},{\"@type\":\"ImageObject\",\"inLanguage\":\"de\",\"@id\":\"https:\/\/spielwiese-werbetechnik.net\/index.php\/buchstaben-profil-05\/#primaryimage\",\"url\":\"https:\/\/spielwiese-werbetechnik.net\/wp-content\/uploads\/2023\/03\/Profil-5.png\",\"contentUrl\":\"https:\/\/spielwiese-werbetechnik.net\/wp-content\/uploads\/2023\/03\/Profil-5.png\",\"width\":723,\"height\":652},{\"@type\":\"BreadcrumbList\",\"@id\":\"https:\/\/spielwiese-werbetechnik.net\/index.php\/buchstaben-profil-05\/#breadcrumb\",\"itemListElement\":[{\"@type\":\"ListItem\",\"position\":1,\"name\":\"Startseite\",\"item\":\"https:\/\/spielwiese-werbetechnik.net\/\"},{\"@type\":\"ListItem\",\"position\":2,\"name\":\"Buchstaben Profil 05\"}]},{\"@type\":\"WebSite\",\"@id\":\"https:\/\/spielwiese-werbetechnik.net\/#website\",\"url\":\"https:\/\/spielwiese-werbetechnik.net\/\",\"name\":\"Hoffschmidt Werbeteam\",\"description\":\"sichtbar bessere Werbung!\",\"potentialAction\":[{\"@type\":\"SearchAction\",\"target\":{\"@type\":\"EntryPoint\",\"urlTemplate\":\"https:\/\/spielwiese-werbetechnik.net\/?s={search_term_string}\"},\"query-input\":{\"@type\":\"PropertyValueSpecification\",\"valueRequired\":true,\"valueName\":\"search_term_string\"}}],\"inLanguage\":\"de\"}]}<\/script>\n<!-- \/ Yoast SEO plugin. -->","yoast_head_json":{"title":"Buchstaben Profil 05 - Hoffschmidt Werbeteam","description":"Durch Front nach vorn leuchtender Reliefbuchstabe.Buchstabenk\u00f6rper, Fronten und Stege, aus 1,5 oder 2 mm Aluminiumblech, nach\u00a0RAL\u00a0einbrennlackiert!Fronten in Plexi, CAB Umleimer, Ausleuchtung 1-reihig LED, ohne Konverter.","robots":{"index":"noindex","follow":"follow","max-snippet":"max-snippet:-1","max-image-preview":"max-image-preview:large","max-video-preview":"max-video-preview:-1"},"og_locale":"de_DE","og_type":"article","og_title":"Buchstaben Profil 05 - Hoffschmidt Werbeteam","og_description":"Durch Front nach vorn leuchtender Reliefbuchstabe.Buchstabenk\u00f6rper, Fronten und Stege, aus 1,5 oder 2 mm Aluminiumblech, nach\u00a0RAL\u00a0einbrennlackiert!Fronten in Plexi, CAB Umleimer, Ausleuchtung 1-reihig LED, ohne Konverter.","og_url":"https:\/\/spielwiese-werbetechnik.net\/index.php\/buchstaben-profil-05\/","og_site_name":"Hoffschmidt Werbeteam","article_publisher":"https:\/\/www.facebook.com\/people\/Hoffschmidt-Werbeteam","article_modified_time":"2023-03-06T13:43:34+00:00","og_image":[{"url":"https:\/\/spielwiese-werbetechnik.net\/wp-content\/uploads\/2023\/03\/Profil-5.png","type":"","width":"","height":""}],"twitter_card":"summary_large_image","twitter_misc":{"Gesch\u00e4tzte Lesezeit":"4\u00a0Minuten"},"schema":{"@context":"https:\/\/schema.org","@graph":[{"@type":"WebPage","@id":"https:\/\/spielwiese-werbetechnik.net\/index.php\/buchstaben-profil-05\/","url":"https:\/\/spielwiese-werbetechnik.net\/index.php\/buchstaben-profil-05\/","name":"Buchstaben Profil 05 - Hoffschmidt Werbeteam","isPartOf":{"@id":"https:\/\/spielwiese-werbetechnik.net\/#website"},"primaryImageOfPage":{"@id":"https:\/\/spielwiese-werbetechnik.net\/index.php\/buchstaben-profil-05\/#primaryimage"},"image":{"@id":"https:\/\/spielwiese-werbetechnik.net\/index.php\/buchstaben-profil-05\/#primaryimage"},"thumbnailUrl":"https:\/\/spielwiese-werbetechnik.net\/wp-content\/uploads\/2023\/03\/Profil-5.png","datePublished":"2023-02-09T08:49:26+00:00","dateModified":"2023-03-06T13:43:34+00:00","description":"Durch Front nach vorn leuchtender Reliefbuchstabe.Buchstabenk\u00f6rper, Fronten und Stege, aus 1,5 oder 2 mm Aluminiumblech, nach\u00a0RAL\u00a0einbrennlackiert!Fronten in Plexi, CAB Umleimer, Ausleuchtung 1-reihig LED, ohne Konverter.","breadcrumb":{"@id":"https:\/\/spielwiese-werbetechnik.net\/index.php\/buchstaben-profil-05\/#breadcrumb"},"inLanguage":"de","potentialAction":[{"@type":"ReadAction","target":["https:\/\/spielwiese-werbetechnik.net\/index.php\/buchstaben-profil-05\/"]}]},{"@type":"ImageObject","inLanguage":"de","@id":"https:\/\/spielwiese-werbetechnik.net\/index.php\/buchstaben-profil-05\/#primaryimage","url":"https:\/\/spielwiese-werbetechnik.net\/wp-content\/uploads\/2023\/03\/Profil-5.png","contentUrl":"https:\/\/spielwiese-werbetechnik.net\/wp-content\/uploads\/2023\/03\/Profil-5.png","width":723,"height":652},{"@type":"BreadcrumbList","@id":"https:\/\/spielwiese-werbetechnik.net\/index.php\/buchstaben-profil-05\/#breadcrumb","itemListElement":[{"@type":"ListItem","position":1,"name":"Startseite","item":"https:\/\/spielwiese-werbetechnik.net\/"},{"@type":"ListItem","position":2,"name":"Buchstaben Profil 05"}]},{"@type":"WebSite","@id":"https:\/\/spielwiese-werbetechnik.net\/#website","url":"https:\/\/spielwiese-werbetechnik.net\/","name":"Hoffschmidt Werbeteam","description":"sichtbar bessere Werbung!","potentialAction":[{"@type":"SearchAction","target":{"@type":"EntryPoint","urlTemplate":"https:\/\/spielwiese-werbetechnik.net\/?s={search_term_string}"},"query-input":{"@type":"PropertyValueSpecification","valueRequired":true,"valueName":"search_term_string"}}],"inLanguage":"de"}]}},"_links":{"self":[{"href":"https:\/\/spielwiese-werbetechnik.net\/index.php\/wp-json\/wp\/v2\/pages\/212","targetHints":{"allow":["GET"]}}],"collection":[{"href":"https:\/\/spielwiese-werbetechnik.net\/index.php\/wp-json\/wp\/v2\/pages"}],"about":[{"href":"https:\/\/spielwiese-werbetechnik.net\/index.php\/wp-json\/wp\/v2\/types\/page"}],"author":[{"embeddable":true,"href":"https:\/\/spielwiese-werbetechnik.net\/index.php\/wp-json\/wp\/v2\/users\/2"}],"replies":[{"embeddable":true,"href":"https:\/\/spielwiese-werbetechnik.net\/index.php\/wp-json\/wp\/v2\/comments?post=212"}],"version-history":[{"count":11,"href":"https:\/\/spielwiese-werbetechnik.net\/index.php\/wp-json\/wp\/v2\/pages\/212\/revisions"}],"predecessor-version":[{"id":1416,"href":"https:\/\/spielwiese-werbetechnik.net\/index.php\/wp-json\/wp\/v2\/pages\/212\/revisions\/1416"}],"wp:attachment":[{"href":"https:\/\/spielwiese-werbetechnik.net\/index.php\/wp-json\/wp\/v2\/media?parent=212"}],"curies":[{"name":"wp","href":"https:\/\/api.w.org\/{rel}","templated":true}]}}