{"id":217,"date":"2023-02-09T08:49:51","date_gmt":"2023-02-09T08:49:51","guid":{"rendered":"https:\/\/spielwiese-werbetechnik.net\/?page_id=217"},"modified":"2023-03-03T07:44:15","modified_gmt":"2023-03-03T07:44:15","slug":"buchstaben-profil-08","status":"publish","type":"page","link":"https:\/\/spielwiese-werbetechnik.net\/index.php\/buchstaben-profil-08\/","title":{"rendered":"Buchstaben Profil 08"},"content":{"rendered":"\n<div id=\"wp-block-themeisle-blocks-advanced-columns-a2946a77\" class=\"wp-block-themeisle-blocks-advanced-columns alignfull has-2-columns has-desktop-equal-layout has-tablet-equal-layout has-mobile-collapsedRows-layout has-vertical-center ticss-a2946a77 has-dark-bg coblocks-animate\" data-coblocks-animation=\"slideInBottom\"><div class=\"wp-block-themeisle-blocks-advanced-columns-overlay\"><\/div><div class=\"innerblocks-wrap\">\n<div id=\"wp-block-themeisle-blocks-advanced-column-bbddf55b\" class=\"wp-block-themeisle-blocks-advanced-column\"><div class=\"wp-block-image\">\n<figure class=\"aligncenter size-large\"><img loading=\"lazy\" decoding=\"async\" width=\"1024\" height=\"678\" src=\"https:\/\/spielwiese-werbetechnik.net\/wp-content\/uploads\/2023\/03\/Profil-8-1-1024x678.png\" alt=\"Vollacryl Reliefbuchstabe.\nBuchstabenk\u00f6rper, Fronten und Stege, aus Plexiglas geformt,\u00a0R\u00fcckwand aus Aluminium der Kunststoff, nach RAL einbrennlackiert!\nLED Ausleuchtung 1-reihig, zzgl. Trafos.\" class=\"wp-image-1181\" srcset=\"https:\/\/spielwiese-werbetechnik.net\/wp-content\/uploads\/2023\/03\/Profil-8-1-1024x678.png 1024w, https:\/\/spielwiese-werbetechnik.net\/wp-content\/uploads\/2023\/03\/Profil-8-1-300x199.png 300w, https:\/\/spielwiese-werbetechnik.net\/wp-content\/uploads\/2023\/03\/Profil-8-1-768x509.png 768w, https:\/\/spielwiese-werbetechnik.net\/wp-content\/uploads\/2023\/03\/Profil-8-1-1536x1017.png 1536w, https:\/\/spielwiese-werbetechnik.net\/wp-content\/uploads\/2023\/03\/Profil-8-1.png 1830w\" sizes=\"auto, (max-width: 1024px) 100vw, 1024px\" \/><\/figure>\n<\/div><\/div>\n\n\n\n<div id=\"wp-block-themeisle-blocks-advanced-column-92b2db05\" class=\"wp-block-themeisle-blocks-advanced-column\">\n<h2 id=\"wp-block-themeisle-blocks-advanced-heading-8f1f2647\" class=\"wp-block-themeisle-blocks-advanced-heading wp-block-themeisle-blocks-advanced-heading-8f1f2647\">Profil 08<\/h2>\n\n\n\n<p class=\"has-white-color has-text-color\">Vollacryl Reliefbuchstabe.<br>Buchstabenk\u00f6rper, Fronten und Stege, aus Plexiglas geformt,&nbsp;R\u00fcckwand aus Aluminium der Kunststoff, nach RAL einbrennlackiert!<br>LED Ausleuchtung 1-reihig, zzgl. Trafos.<\/p>\n\n\n\n<p><\/p>\n<\/div>\n<\/div><\/div>\n\n\n\n<div style=\"height:30px\" aria-hidden=\"true\" class=\"wp-block-spacer\"><\/div>\n\n\n\n<div class=\"wp-block-columns coblocks-animate is-layout-flex wp-container-core-columns-is-layout-9d6595d7 wp-block-columns-is-layout-flex\" data-coblocks-animation=\"slideInBottom\">\n<div class=\"wp-block-column is-layout-flow wp-block-column-is-layout-flow\">\n<figure class=\"wp-block-image size-full\"><img loading=\"lazy\" decoding=\"async\" width=\"837\" height=\"744\" src=\"https:\/\/spielwiese-werbetechnik.net\/wp-content\/uploads\/2023\/03\/Profil-8-ganz.png\" alt=\"Vollacryl Reliefbuchstabe.\nBuchstabenk\u00f6rper, Fronten und Stege, aus Plexiglas geformt,\u00a0R\u00fcckwand aus Aluminium der Kunststoff, nach RAL einbrennlackiert!\nLED Ausleuchtung 1-reihig, zzgl. Trafos.\" class=\"wp-image-1183\" srcset=\"https:\/\/spielwiese-werbetechnik.net\/wp-content\/uploads\/2023\/03\/Profil-8-ganz.png 837w, https:\/\/spielwiese-werbetechnik.net\/wp-content\/uploads\/2023\/03\/Profil-8-ganz-300x267.png 300w, https:\/\/spielwiese-werbetechnik.net\/wp-content\/uploads\/2023\/03\/Profil-8-ganz-768x683.png 768w\" sizes=\"auto, (max-width: 837px) 100vw, 837px\" \/><\/figure>\n<\/div>\n\n\n\n<div class=\"wp-block-column is-vertically-aligned-center is-layout-flow wp-block-column-is-layout-flow\">\n<h2 class=\"wp-block-heading\">Das Profil 8<\/h2>\n\n\n\n<p>Reliefk\u00f6rper im Profil 8 sind \u00e4hnlich aufgebaut wie im Profil 7. Die Acrlyglas-Frontseiten werden hierbei au\u00dfen b\u00fcndig auf bereits gebogene Acrylglas-Zargen aufgeklebt. Die so entstandenen Oberteile werden auf die innen mattwei\u00df (RAL 9016) lackierten Unterteile aus Metall oder aus wei\u00dfem Kunststoff aufgeschoben und mit ihnen seitlich verschraubt.<br>Die Lichtquellen und deren Leitungen werden auf R\u00fcckseiten innerhalb der Reliefk\u00f6rper befestigt.<br>Zur Erzielung einer guten Lesbarkeit aus schr\u00e4gen Blickrichtungen, wird &#8211; wie bei Profil 7 &#8211; eine unterschiedliche Farbgebung von Zargen und Frontseiten dringend empfohlen.<\/p>\n<\/div>\n<\/div>\n\n\n\n<div style=\"height:30px\" aria-hidden=\"true\" class=\"wp-block-spacer\"><\/div>\n\n\n\n<div class=\"wp-block-columns coblocks-animate is-layout-flex wp-container-core-columns-is-layout-9d6595d7 wp-block-columns-is-layout-flex\" data-coblocks-animation=\"slideInBottom\">\n<div class=\"wp-block-column is-layout-flow wp-block-column-is-layout-flow\">\n<p class=\"has-text-align-center has-large-font-size has-custom-weight\" style=\"font-weight:bold\">Preis\u00fcbersicht<\/p>\n\n\n\n<p class=\"has-text-align-center has-small-font-size\">Immer nach Gro\u00dfbuchstaben kalkuliert. Wenn breiter als hoch, dann nach Breite.<br>Serifenschriften&nbsp;+15%, Schreibschrift auf Anfrage.<br>Kabelkanal +60,00 Euro \/ Lfm.<br>Auf Ger\u00e4ten vormontiert ab 120,00 Euro \/ Lfm.<br>Daten\u00fcbernahme: 28,00 Euro \/ Motiv<\/p>\n\n\n\n<table id=\"tablepress-11\" class=\"tablepress tablepress-id-11\">\n<tbody class=\"row-striping row-hover\">\n<tr class=\"row-1\">\n\t<td class=\"column-1\"><strong>Profil 08<\/strong><\/td><td class=\"column-2\"><\/td><td class=\"column-3\"><\/td>\n<\/tr>\n<tr class=\"row-2\">\n\t<td class=\"column-1\"><strong>Versalh\u00f6he [mm]<\/strong><\/td><td class=\"column-2\"><strong>Ink.LED Ausleuchtung [\u20ac]<\/strong><\/td><td class=\"column-3\"><strong>Ohne Ausleuchtung\u00a0[\u20ac]<\/strong><\/td>\n<\/tr>\n<tr class=\"row-3\">\n\t<td class=\"column-1\"><strong>250 &#8211; 300<\/strong><\/td><td class=\"column-2\">238,92\u00a0\u20ac<\/td><td class=\"column-3\">186,43\u00a0\u20ac<\/td>\n<\/tr>\n<tr class=\"row-4\">\n\t<td class=\"column-1\"><strong>310 &#8211; 350<\/strong><\/td><td class=\"column-2\">260,64\u00a0\u20ac<\/td><td class=\"column-3\">199,10\u00a0\u20ac<\/td>\n<\/tr>\n<tr class=\"row-5\">\n\t<td class=\"column-1\"><strong>360 &#8211; 400<\/strong><\/td><td class=\"column-2\">282,36\u00a0\u20ac<\/td><td class=\"column-3\">213,58\u00a0\u20ac<\/td>\n<\/tr>\n<tr class=\"row-6\">\n\t<td class=\"column-1\"><strong>410 &#8211; 450<\/strong><\/td><td class=\"column-2\">305,89\u00a0\u20ac<\/td><td class=\"column-3\">229,87\u00a0\u20ac<\/td>\n<\/tr>\n<tr class=\"row-7\">\n\t<td class=\"column-1\"><strong>460 &#8211; 500<\/strong><\/td><td class=\"column-2\">331,23\u00a0\u20ac<\/td><td class=\"column-3\">246,16\u00a0\u20ac<\/td>\n<\/tr>\n<tr class=\"row-8\">\n\t<td class=\"column-1\"><strong>510 &#8211; 550<\/strong><\/td><td class=\"column-2\">374,67\u00a0\u20ac<\/td><td class=\"column-3\">282,36\u00a0\u20ac<\/td>\n<\/tr>\n<tr class=\"row-9\">\n\t<td class=\"column-1\"><strong>560 &#8211; 600<\/strong><\/td><td class=\"column-2\">401,82\u00a0\u20ac<\/td><td class=\"column-3\">300,46\u00a0\u20ac<\/td>\n<\/tr>\n<tr class=\"row-10\">\n\t<td class=\"column-1\"><strong>610 &#8211; 650<\/strong><\/td><td class=\"column-2\">428,97\u00a0\u20ac<\/td><td class=\"column-3\">318,56\u00a0\u20ac<\/td>\n<\/tr>\n<tr class=\"row-11\">\n\t<td class=\"column-1\"><strong>660 &#8211; 700<\/strong><\/td><td class=\"column-2\">457,93\u00a0\u20ac<\/td><td class=\"column-3\">340.28<\/td>\n<\/tr>\n<tr class=\"row-12\">\n\t<td class=\"column-1\"><strong>710 &#8211; 750<\/strong><\/td><td class=\"column-2\">488,70\u00a0\u20ac<\/td><td class=\"column-3\">362,00\u00a0\u20ac<\/td>\n<\/tr>\n<tr class=\"row-13\">\n\t<td class=\"column-1\"><strong>760 &#8211; 800<\/strong><\/td><td class=\"column-2\">537,57\u00a0\u20ac<\/td><td class=\"column-3\">401,82\u00a0\u20ac<\/td>\n<\/tr>\n<tr class=\"row-14\">\n\t<td class=\"column-1\"><strong>810 &#8211; 850<\/strong><\/td><td class=\"column-2\">568,34\u00a0\u20ac<\/td><td class=\"column-3\">425,35\u00a0\u20ac<\/td>\n<\/tr>\n<tr class=\"row-15\">\n\t<td class=\"column-1\"><strong>860 &#8211; 900<\/strong><\/td><td class=\"column-2\">619,02\u00a0\u20ac<\/td><td class=\"column-3\">466,98\u00a0\u20ac<\/td>\n<\/tr>\n<tr class=\"row-16\">\n\t<td class=\"column-1\"><strong>910 &#8211; 950<\/strong><\/td><td class=\"column-2\">653,41\u00a0\u20ac<\/td><td class=\"column-3\">492,32\u00a0\u20ac<\/td>\n<\/tr>\n<tr class=\"row-17\">\n\t<td class=\"column-1\"><strong>960 &#8211; 1000<\/strong><\/td><td class=\"column-2\">687,80\u00a0\u20ac<\/td><td class=\"column-3\">519,47\u00a0\u20ac<\/td>\n<\/tr>\n<\/tbody>\n<\/table>\n<!-- #tablepress-11 from cache --><\/div>\n<\/div>\n","protected":false},"excerpt":{"rendered":"<p>Das Profil 8 Reliefk\u00f6rper im Profil 8 sind \u00e4hnlich aufgebaut wie im Profil 7. Die Acrlyglas-Frontseiten werden hierbei au\u00dfen b\u00fcndig auf bereits gebogene Acrylglas-Zargen aufgeklebt. Die so entstandenen Oberteile werden auf die innen mattwei\u00df (RAL 9016) lackierten Unterteile aus Metall oder aus wei\u00dfem Kunststoff aufgeschoben und mit ihnen seitlich verschraubt.Die Lichtquellen und deren Leitungen werden&hellip;&nbsp;<a href=\"https:\/\/spielwiese-werbetechnik.net\/index.php\/buchstaben-profil-08\/\" rel=\"bookmark\">Weiterlesen &raquo;<span class=\"screen-reader-text\">Buchstaben Profil 08<\/span><\/a><\/p>\n","protected":false},"author":2,"featured_media":0,"parent":0,"menu_order":0,"comment_status":"closed","ping_status":"closed","template":"","meta":{"_coblocks_attr":"","_coblocks_dimensions":"","_coblocks_responsive_height":"","_coblocks_accordion_ie_support":"","_eb_attr":"","neve_meta_sidebar":"","neve_meta_container":"","neve_meta_enable_content_width":"","neve_meta_content_width":0,"neve_meta_title_alignment":"","neve_meta_author_avatar":"","neve_post_elements_order":"","neve_meta_disable_header":"","neve_meta_disable_footer":"","neve_meta_disable_title":"","_themeisle_gutenberg_block_has_review":false,"footnotes":""},"class_list":["post-217","page","type-page","status-publish","hentry"],"yoast_head":"<!-- This site is optimized with the Yoast SEO plugin v26.9 - https:\/\/yoast.com\/product\/yoast-seo-wordpress\/ -->\n<title>Buchstaben Profil 08 - Hoffschmidt Werbeteam<\/title>\n<meta name=\"description\" content=\"Vollacryl Reliefbuchstabe.Buchstabenk\u00f6rper, Fronten und Stege, aus Plexiglas geformt,\u00a0R\u00fcckwand aus Aluminium der Kunststoff, nach RAL einbrennlackiert!LED Ausleuchtung 1-reihig, zzgl. Trafos.\" \/>\n<meta name=\"robots\" content=\"noindex, follow, max-snippet:-1, max-image-preview:large, max-video-preview:-1\" \/>\n<meta property=\"og:locale\" content=\"de_DE\" \/>\n<meta property=\"og:type\" content=\"article\" \/>\n<meta property=\"og:title\" content=\"Buchstaben Profil 08 - Hoffschmidt Werbeteam\" \/>\n<meta property=\"og:description\" content=\"Vollacryl Reliefbuchstabe.Buchstabenk\u00f6rper, Fronten und Stege, aus Plexiglas geformt,\u00a0R\u00fcckwand aus Aluminium der Kunststoff, nach RAL einbrennlackiert!LED Ausleuchtung 1-reihig, zzgl. Trafos.\" \/>\n<meta property=\"og:url\" content=\"https:\/\/spielwiese-werbetechnik.net\/index.php\/buchstaben-profil-08\/\" \/>\n<meta property=\"og:site_name\" content=\"Hoffschmidt Werbeteam\" \/>\n<meta property=\"article:publisher\" content=\"https:\/\/www.facebook.com\/people\/Hoffschmidt-Werbeteam\" \/>\n<meta property=\"article:modified_time\" content=\"2023-03-03T07:44:15+00:00\" \/>\n<meta property=\"og:image\" content=\"https:\/\/spielwiese-werbetechnik.net\/wp-content\/uploads\/2023\/03\/Profil-8-1-1024x678.png\" \/>\n<meta name=\"twitter:card\" content=\"summary_large_image\" \/>\n<meta name=\"twitter:label1\" content=\"Gesch\u00e4tzte Lesezeit\" \/>\n\t<meta name=\"twitter:data1\" content=\"2\u00a0Minuten\" \/>\n<script type=\"application\/ld+json\" class=\"yoast-schema-graph\">{\"@context\":\"https:\/\/schema.org\",\"@graph\":[{\"@type\":\"WebPage\",\"@id\":\"https:\/\/spielwiese-werbetechnik.net\/index.php\/buchstaben-profil-08\/\",\"url\":\"https:\/\/spielwiese-werbetechnik.net\/index.php\/buchstaben-profil-08\/\",\"name\":\"Buchstaben Profil 08 - Hoffschmidt Werbeteam\",\"isPartOf\":{\"@id\":\"https:\/\/spielwiese-werbetechnik.net\/#website\"},\"primaryImageOfPage\":{\"@id\":\"https:\/\/spielwiese-werbetechnik.net\/index.php\/buchstaben-profil-08\/#primaryimage\"},\"image\":{\"@id\":\"https:\/\/spielwiese-werbetechnik.net\/index.php\/buchstaben-profil-08\/#primaryimage\"},\"thumbnailUrl\":\"https:\/\/spielwiese-werbetechnik.net\/wp-content\/uploads\/2023\/03\/Profil-8-1-1024x678.png\",\"datePublished\":\"2023-02-09T08:49:51+00:00\",\"dateModified\":\"2023-03-03T07:44:15+00:00\",\"description\":\"Vollacryl Reliefbuchstabe.Buchstabenk\u00f6rper, Fronten und Stege, aus Plexiglas geformt,\u00a0R\u00fcckwand aus Aluminium der Kunststoff, nach RAL einbrennlackiert!LED Ausleuchtung 1-reihig, zzgl. Trafos.\",\"breadcrumb\":{\"@id\":\"https:\/\/spielwiese-werbetechnik.net\/index.php\/buchstaben-profil-08\/#breadcrumb\"},\"inLanguage\":\"de\",\"potentialAction\":[{\"@type\":\"ReadAction\",\"target\":[\"https:\/\/spielwiese-werbetechnik.net\/index.php\/buchstaben-profil-08\/\"]}]},{\"@type\":\"ImageObject\",\"inLanguage\":\"de\",\"@id\":\"https:\/\/spielwiese-werbetechnik.net\/index.php\/buchstaben-profil-08\/#primaryimage\",\"url\":\"https:\/\/spielwiese-werbetechnik.net\/wp-content\/uploads\/2023\/03\/Profil-8-1.png\",\"contentUrl\":\"https:\/\/spielwiese-werbetechnik.net\/wp-content\/uploads\/2023\/03\/Profil-8-1.png\",\"width\":1830,\"height\":1212},{\"@type\":\"BreadcrumbList\",\"@id\":\"https:\/\/spielwiese-werbetechnik.net\/index.php\/buchstaben-profil-08\/#breadcrumb\",\"itemListElement\":[{\"@type\":\"ListItem\",\"position\":1,\"name\":\"Startseite\",\"item\":\"https:\/\/spielwiese-werbetechnik.net\/\"},{\"@type\":\"ListItem\",\"position\":2,\"name\":\"Buchstaben Profil 08\"}]},{\"@type\":\"WebSite\",\"@id\":\"https:\/\/spielwiese-werbetechnik.net\/#website\",\"url\":\"https:\/\/spielwiese-werbetechnik.net\/\",\"name\":\"Hoffschmidt Werbeteam\",\"description\":\"sichtbar bessere Werbung!\",\"potentialAction\":[{\"@type\":\"SearchAction\",\"target\":{\"@type\":\"EntryPoint\",\"urlTemplate\":\"https:\/\/spielwiese-werbetechnik.net\/?s={search_term_string}\"},\"query-input\":{\"@type\":\"PropertyValueSpecification\",\"valueRequired\":true,\"valueName\":\"search_term_string\"}}],\"inLanguage\":\"de\"}]}<\/script>\n<!-- \/ Yoast SEO plugin. -->","yoast_head_json":{"title":"Buchstaben Profil 08 - Hoffschmidt Werbeteam","description":"Vollacryl Reliefbuchstabe.Buchstabenk\u00f6rper, Fronten und Stege, aus Plexiglas geformt,\u00a0R\u00fcckwand aus Aluminium der Kunststoff, nach RAL einbrennlackiert!LED Ausleuchtung 1-reihig, zzgl. Trafos.","robots":{"index":"noindex","follow":"follow","max-snippet":"max-snippet:-1","max-image-preview":"max-image-preview:large","max-video-preview":"max-video-preview:-1"},"og_locale":"de_DE","og_type":"article","og_title":"Buchstaben Profil 08 - Hoffschmidt Werbeteam","og_description":"Vollacryl Reliefbuchstabe.Buchstabenk\u00f6rper, Fronten und Stege, aus Plexiglas geformt,\u00a0R\u00fcckwand aus Aluminium der Kunststoff, nach RAL einbrennlackiert!LED Ausleuchtung 1-reihig, zzgl. Trafos.","og_url":"https:\/\/spielwiese-werbetechnik.net\/index.php\/buchstaben-profil-08\/","og_site_name":"Hoffschmidt Werbeteam","article_publisher":"https:\/\/www.facebook.com\/people\/Hoffschmidt-Werbeteam","article_modified_time":"2023-03-03T07:44:15+00:00","og_image":[{"url":"https:\/\/spielwiese-werbetechnik.net\/wp-content\/uploads\/2023\/03\/Profil-8-1-1024x678.png","type":"","width":"","height":""}],"twitter_card":"summary_large_image","twitter_misc":{"Gesch\u00e4tzte Lesezeit":"2\u00a0Minuten"},"schema":{"@context":"https:\/\/schema.org","@graph":[{"@type":"WebPage","@id":"https:\/\/spielwiese-werbetechnik.net\/index.php\/buchstaben-profil-08\/","url":"https:\/\/spielwiese-werbetechnik.net\/index.php\/buchstaben-profil-08\/","name":"Buchstaben Profil 08 - Hoffschmidt Werbeteam","isPartOf":{"@id":"https:\/\/spielwiese-werbetechnik.net\/#website"},"primaryImageOfPage":{"@id":"https:\/\/spielwiese-werbetechnik.net\/index.php\/buchstaben-profil-08\/#primaryimage"},"image":{"@id":"https:\/\/spielwiese-werbetechnik.net\/index.php\/buchstaben-profil-08\/#primaryimage"},"thumbnailUrl":"https:\/\/spielwiese-werbetechnik.net\/wp-content\/uploads\/2023\/03\/Profil-8-1-1024x678.png","datePublished":"2023-02-09T08:49:51+00:00","dateModified":"2023-03-03T07:44:15+00:00","description":"Vollacryl Reliefbuchstabe.Buchstabenk\u00f6rper, Fronten und Stege, aus Plexiglas geformt,\u00a0R\u00fcckwand aus Aluminium der Kunststoff, nach RAL einbrennlackiert!LED Ausleuchtung 1-reihig, zzgl. Trafos.","breadcrumb":{"@id":"https:\/\/spielwiese-werbetechnik.net\/index.php\/buchstaben-profil-08\/#breadcrumb"},"inLanguage":"de","potentialAction":[{"@type":"ReadAction","target":["https:\/\/spielwiese-werbetechnik.net\/index.php\/buchstaben-profil-08\/"]}]},{"@type":"ImageObject","inLanguage":"de","@id":"https:\/\/spielwiese-werbetechnik.net\/index.php\/buchstaben-profil-08\/#primaryimage","url":"https:\/\/spielwiese-werbetechnik.net\/wp-content\/uploads\/2023\/03\/Profil-8-1.png","contentUrl":"https:\/\/spielwiese-werbetechnik.net\/wp-content\/uploads\/2023\/03\/Profil-8-1.png","width":1830,"height":1212},{"@type":"BreadcrumbList","@id":"https:\/\/spielwiese-werbetechnik.net\/index.php\/buchstaben-profil-08\/#breadcrumb","itemListElement":[{"@type":"ListItem","position":1,"name":"Startseite","item":"https:\/\/spielwiese-werbetechnik.net\/"},{"@type":"ListItem","position":2,"name":"Buchstaben Profil 08"}]},{"@type":"WebSite","@id":"https:\/\/spielwiese-werbetechnik.net\/#website","url":"https:\/\/spielwiese-werbetechnik.net\/","name":"Hoffschmidt Werbeteam","description":"sichtbar bessere Werbung!","potentialAction":[{"@type":"SearchAction","target":{"@type":"EntryPoint","urlTemplate":"https:\/\/spielwiese-werbetechnik.net\/?s={search_term_string}"},"query-input":{"@type":"PropertyValueSpecification","valueRequired":true,"valueName":"search_term_string"}}],"inLanguage":"de"}]}},"_links":{"self":[{"href":"https:\/\/spielwiese-werbetechnik.net\/index.php\/wp-json\/wp\/v2\/pages\/217","targetHints":{"allow":["GET"]}}],"collection":[{"href":"https:\/\/spielwiese-werbetechnik.net\/index.php\/wp-json\/wp\/v2\/pages"}],"about":[{"href":"https:\/\/spielwiese-werbetechnik.net\/index.php\/wp-json\/wp\/v2\/types\/page"}],"author":[{"embeddable":true,"href":"https:\/\/spielwiese-werbetechnik.net\/index.php\/wp-json\/wp\/v2\/users\/2"}],"replies":[{"embeddable":true,"href":"https:\/\/spielwiese-werbetechnik.net\/index.php\/wp-json\/wp\/v2\/comments?post=217"}],"version-history":[{"count":9,"href":"https:\/\/spielwiese-werbetechnik.net\/index.php\/wp-json\/wp\/v2\/pages\/217\/revisions"}],"predecessor-version":[{"id":1267,"href":"https:\/\/spielwiese-werbetechnik.net\/index.php\/wp-json\/wp\/v2\/pages\/217\/revisions\/1267"}],"wp:attachment":[{"href":"https:\/\/spielwiese-werbetechnik.net\/index.php\/wp-json\/wp\/v2\/media?parent=217"}],"curies":[{"name":"wp","href":"https:\/\/api.w.org\/{rel}","templated":true}]}}