{"id":233,"date":"2023-02-09T08:52:00","date_gmt":"2023-02-09T08:52:00","guid":{"rendered":"https:\/\/spielwiese-werbetechnik.net\/?page_id=233"},"modified":"2023-03-08T10:08:50","modified_gmt":"2023-03-08T10:08:50","slug":"aufsteller","status":"publish","type":"page","link":"https:\/\/spielwiese-werbetechnik.net\/index.php\/aufsteller\/","title":{"rendered":"Aufsteller"},"content":{"rendered":"\n<div id=\"wp-block-themeisle-blocks-advanced-columns-a2946a77\" class=\"wp-block-themeisle-blocks-advanced-columns alignfull has-2-columns has-desktop-equal-layout has-tablet-equal-layout has-mobile-collapsedRows-layout has-vertical-center ticss-a2946a77 has-dark-bg coblocks-animate\" data-coblocks-animation=\"slideInBottom\"><div class=\"wp-block-themeisle-blocks-advanced-columns-overlay\"><\/div><div class=\"innerblocks-wrap\">\n<div id=\"wp-block-themeisle-blocks-advanced-column-bbddf55b\" class=\"wp-block-themeisle-blocks-advanced-column\"><div class=\"wp-block-image\">\n<figure class=\"aligncenter size-large is-resized\"><img loading=\"lazy\" decoding=\"async\" src=\"https:\/\/spielwiese-werbetechnik.net\/wp-content\/uploads\/2023\/03\/Aufsteller-507x1024.png\" alt=\"Verzieren den Hofeingang und informieren Ihre Mitmenschen.\u00a0Wir fertigen jeden technisch\u00a0umsetzbaren Aufsteller ganz nach Ihren Vorstellungen.\" class=\"wp-image-1157\" width=\"254\" height=\"512\" srcset=\"https:\/\/spielwiese-werbetechnik.net\/wp-content\/uploads\/2023\/03\/Aufsteller-507x1024.png 507w, https:\/\/spielwiese-werbetechnik.net\/wp-content\/uploads\/2023\/03\/Aufsteller-760x1536.png 760w, https:\/\/spielwiese-werbetechnik.net\/wp-content\/uploads\/2023\/03\/Aufsteller.png 882w\" sizes=\"auto, (max-width: 254px) 100vw, 254px\" \/><figcaption class=\"wp-element-caption\">Gefertigt aus rostfreiem Edelstahl<\/figcaption><\/figure>\n<\/div><\/div>\n\n\n\n<div id=\"wp-block-themeisle-blocks-advanced-column-92b2db05\" class=\"wp-block-themeisle-blocks-advanced-column\">\n<h2 id=\"wp-block-themeisle-blocks-advanced-heading-8f1f2647\" class=\"wp-block-themeisle-blocks-advanced-heading wp-block-themeisle-blocks-advanced-heading-8f1f2647\">Aufsteller<\/h2>\n\n\n\n<p class=\"has-white-color has-text-color\">Verzieren den Hofeingang und informieren Ihre Mitmenschen.&nbsp;Wir fertigen jeden technisch&nbsp;umsetzbaren Aufsteller ganz nach Ihren Vorstellungen.<\/p>\n<\/div>\n<\/div><\/div>\n\n\n\n<div style=\"height:30px\" aria-hidden=\"true\" class=\"wp-block-spacer\"><\/div>\n\n\n\n<div class=\"wp-block-columns coblocks-animate is-layout-flex wp-container-core-columns-is-layout-9d6595d7 wp-block-columns-is-layout-flex\" data-coblocks-animation=\"slideInBottom\">\n<div class=\"wp-block-column is-layout-flow wp-block-column-is-layout-flow\">\n<p class=\"has-text-align-center has-large-font-size has-custom-weight\" style=\"font-weight:bold\">Preis\u00fcbersicht<\/p>\n\n\n\n<div class=\"wp-block-columns is-layout-flex wp-container-core-columns-is-layout-9d6595d7 wp-block-columns-is-layout-flex\">\n<div class=\"wp-block-column is-vertically-aligned-center is-layout-flow wp-block-column-is-layout-flow\">\n<p class=\"has-small-font-size\">Fragen Sie bitte alle Formen m\u00f6glicher Konfektionierung an.<br>Nat\u00fcrlich sind auch viele andere Materialien lieferbar.<br>Alle Preise inkl. Schilder, ohne Beschriftung, zzgl. MWSt. Verpackung\/Versand<\/p>\n<\/div>\n\n\n\n<div class=\"wp-block-column is-layout-flow wp-block-column-is-layout-flow\">\n<table id=\"tablepress-12\" class=\"tablepress tablepress-id-12\">\n<tbody class=\"row-striping row-hover\">\n<tr class=\"row-1\">\n\t<td class=\"column-1\"><strong>Aufsteller<\/strong><\/td><td class=\"column-2\"><\/td>\n<\/tr>\n<tr class=\"row-2\">\n\t<td class=\"column-1\"><strong>Model 1<\/strong><\/td><td class=\"column-2\">690,00\u00a0\u20ac<\/td>\n<\/tr>\n<tr class=\"row-3\">\n\t<td class=\"column-1\"><strong>Model 2<\/strong><\/td><td class=\"column-2\">855,00\u00a0\u20ac<\/td>\n<\/tr>\n<tr class=\"row-4\">\n\t<td class=\"column-1\"><strong>Model 3<\/strong><\/td><td class=\"column-2\">900,00\u00a0\u20ac<\/td>\n<\/tr>\n<tr class=\"row-5\">\n\t<td class=\"column-1\"><strong>Model 4<\/strong><\/td><td class=\"column-2\"><\/td>\n<\/tr>\n<\/tbody>\n<\/table>\n<!-- #tablepress-12 from cache --><\/div>\n<\/div>\n<\/div>\n<\/div>\n\n\n\n<div class=\"wp-block-essential-blocks-image-gallery coblocks-animate\" data-coblocks-animation=\"slideInBottom\"><div class=\"eb-parent-wrapper eb-parent-eb-image-gallery-6eixa40 \"><div class=\"eb-gallery-img-wrapper eb-image-gallery-6eixa40 grid overlay-bottom caption-style-0  \" data-id=\"eb-image-gallery-6eixa40\"><a href=\"https:\/\/spielwiese-werbetechnik.net\/wp-content\/uploads\/2023\/03\/Biefkasten-viereckig.jpg\" id=\"eb-gallery-img-content\" data-fslightbox=\"gallery\" data-type=\"image\" class=\"eb-gallery-img-content eb-filter-img-\"><span class=\"eb-gallery-link-wrapper\"><img decoding=\"async\" class=\"eb-gallery-img\" src=\"https:\/\/spielwiese-werbetechnik.net\/wp-content\/uploads\/2023\/03\/Biefkasten-viereckig.jpg\" image-index=\"0\"\/><\/span><\/a><a href=\"https:\/\/spielwiese-werbetechnik.net\/wp-content\/uploads\/2023\/03\/corvey-schild-strassenschild.jpg\" id=\"eb-gallery-img-content\" data-fslightbox=\"gallery\" data-type=\"image\" class=\"eb-gallery-img-content eb-filter-img-\"><span class=\"eb-gallery-link-wrapper\"><img decoding=\"async\" class=\"eb-gallery-img\" src=\"https:\/\/spielwiese-werbetechnik.net\/wp-content\/uploads\/2023\/03\/corvey-schild-strassenschild.jpg\" image-index=\"1\"\/><\/span><\/a><a href=\"https:\/\/spielwiese-werbetechnik.net\/wp-content\/uploads\/2023\/03\/electro-plus-schild.jpg\" id=\"eb-gallery-img-content\" data-fslightbox=\"gallery\" data-type=\"image\" class=\"eb-gallery-img-content eb-filter-img-\"><span class=\"eb-gallery-link-wrapper\"><img decoding=\"async\" class=\"eb-gallery-img\" src=\"https:\/\/spielwiese-werbetechnik.net\/wp-content\/uploads\/2023\/03\/electro-plus-schild.jpg\" image-index=\"2\"\/><\/span><\/a><a href=\"https:\/\/spielwiese-werbetechnik.net\/wp-content\/uploads\/2023\/03\/infotafel-stadt-hoexter-corvey-scaled.jpg\" id=\"eb-gallery-img-content\" data-fslightbox=\"gallery\" data-type=\"image\" class=\"eb-gallery-img-content eb-filter-img-\"><span class=\"eb-gallery-link-wrapper\"><img decoding=\"async\" class=\"eb-gallery-img\" src=\"https:\/\/spielwiese-werbetechnik.net\/wp-content\/uploads\/2023\/03\/infotafel-stadt-hoexter-corvey-scaled.jpg\" image-index=\"3\"\/><\/span><\/a><a href=\"https:\/\/spielwiese-werbetechnik.net\/wp-content\/uploads\/2023\/03\/infotafel-stadt-hoexter-scaled.jpg\" id=\"eb-gallery-img-content\" data-fslightbox=\"gallery\" data-type=\"image\" class=\"eb-gallery-img-content eb-filter-img-\"><span class=\"eb-gallery-link-wrapper\"><img decoding=\"async\" class=\"eb-gallery-img\" src=\"https:\/\/spielwiese-werbetechnik.net\/wp-content\/uploads\/2023\/03\/infotafel-stadt-hoexter-scaled.jpg\" image-index=\"4\"\/><\/span><\/a><a href=\"https:\/\/spielwiese-werbetechnik.net\/wp-content\/uploads\/2023\/03\/plag-werbepylon.jpg\" id=\"eb-gallery-img-content\" data-fslightbox=\"gallery\" data-type=\"image\" class=\"eb-gallery-img-content eb-filter-img-\"><span class=\"eb-gallery-link-wrapper\"><img decoding=\"async\" class=\"eb-gallery-img\" src=\"https:\/\/spielwiese-werbetechnik.net\/wp-content\/uploads\/2023\/03\/plag-werbepylon.jpg\" image-index=\"5\"\/><\/span><\/a><a href=\"https:\/\/spielwiese-werbetechnik.net\/wp-content\/uploads\/2023\/03\/schild-an-der-strasse.jpg\" id=\"eb-gallery-img-content\" data-fslightbox=\"gallery\" data-type=\"image\" class=\"eb-gallery-img-content eb-filter-img-\"><span class=\"eb-gallery-link-wrapper\"><img decoding=\"async\" class=\"eb-gallery-img\" src=\"https:\/\/spielwiese-werbetechnik.net\/wp-content\/uploads\/2023\/03\/schild-an-der-strasse.jpg\" image-index=\"6\"\/><\/span><\/a><a href=\"https:\/\/spielwiese-werbetechnik.net\/wp-content\/uploads\/2023\/03\/schild-im-gruen.jpg\" id=\"eb-gallery-img-content\" data-fslightbox=\"gallery\" data-type=\"image\" class=\"eb-gallery-img-content eb-filter-img-\"><span class=\"eb-gallery-link-wrapper\"><img decoding=\"async\" class=\"eb-gallery-img\" src=\"https:\/\/spielwiese-werbetechnik.net\/wp-content\/uploads\/2023\/03\/schild-im-gruen.jpg\" image-index=\"7\"\/><\/span><\/a><\/div><\/div><\/div>\n","protected":false},"excerpt":{"rendered":"<p>Preis\u00fcbersicht Fragen Sie bitte alle Formen m\u00f6glicher Konfektionierung an.Nat\u00fcrlich sind auch viele andere Materialien lieferbar.Alle Preise inkl. Schilder, ohne Beschriftung, zzgl. MWSt. Verpackung\/Versand<\/p>\n","protected":false},"author":2,"featured_media":0,"parent":0,"menu_order":0,"comment_status":"closed","ping_status":"closed","template":"","meta":{"_coblocks_attr":"","_coblocks_dimensions":"","_coblocks_responsive_height":"","_coblocks_accordion_ie_support":"","_eb_attr":"","neve_meta_sidebar":"","neve_meta_container":"","neve_meta_enable_content_width":"","neve_meta_content_width":0,"neve_meta_title_alignment":"","neve_meta_author_avatar":"","neve_post_elements_order":"","neve_meta_disable_header":"","neve_meta_disable_footer":"","neve_meta_disable_title":"","_themeisle_gutenberg_block_has_review":false,"footnotes":""},"class_list":["post-233","page","type-page","status-publish","hentry"],"yoast_head":"<!-- This site is optimized with the Yoast SEO plugin v26.9 - https:\/\/yoast.com\/product\/yoast-seo-wordpress\/ -->\n<title>Aufsteller - Hoffschmidt Werbeteam<\/title>\n<meta name=\"description\" content=\"Verzieren den Hofeingang und informieren Ihre Mitmenschen.\u00a0Wir fertigen jeden technisch\u00a0umsetzbaren Aufsteller ganz nach Ihren Vorstellungen.\" \/>\n<meta name=\"robots\" content=\"noindex, follow, max-snippet:-1, max-image-preview:large, max-video-preview:-1\" \/>\n<meta property=\"og:locale\" content=\"de_DE\" \/>\n<meta property=\"og:type\" content=\"article\" \/>\n<meta property=\"og:title\" content=\"Aufsteller - Hoffschmidt Werbeteam\" \/>\n<meta property=\"og:description\" content=\"Verzieren den Hofeingang und informieren Ihre Mitmenschen.\u00a0Wir fertigen jeden technisch\u00a0umsetzbaren Aufsteller ganz nach Ihren Vorstellungen.\" \/>\n<meta property=\"og:url\" content=\"https:\/\/spielwiese-werbetechnik.net\/index.php\/aufsteller\/\" \/>\n<meta property=\"og:site_name\" content=\"Hoffschmidt Werbeteam\" \/>\n<meta property=\"article:publisher\" content=\"https:\/\/www.facebook.com\/people\/Hoffschmidt-Werbeteam\" \/>\n<meta property=\"article:modified_time\" content=\"2023-03-08T10:08:50+00:00\" \/>\n<meta property=\"og:image\" content=\"https:\/\/spielwiese-werbetechnik.net\/wp-content\/uploads\/2023\/03\/Aufsteller-507x1024.png\" \/>\n<meta name=\"twitter:card\" content=\"summary_large_image\" \/>\n<meta name=\"twitter:label1\" content=\"Gesch\u00e4tzte Lesezeit\" \/>\n\t<meta name=\"twitter:data1\" content=\"3\u00a0Minuten\" \/>\n<script type=\"application\/ld+json\" class=\"yoast-schema-graph\">{\"@context\":\"https:\/\/schema.org\",\"@graph\":[{\"@type\":\"WebPage\",\"@id\":\"https:\/\/spielwiese-werbetechnik.net\/index.php\/aufsteller\/\",\"url\":\"https:\/\/spielwiese-werbetechnik.net\/index.php\/aufsteller\/\",\"name\":\"Aufsteller - Hoffschmidt Werbeteam\",\"isPartOf\":{\"@id\":\"https:\/\/spielwiese-werbetechnik.net\/#website\"},\"primaryImageOfPage\":{\"@id\":\"https:\/\/spielwiese-werbetechnik.net\/index.php\/aufsteller\/#primaryimage\"},\"image\":{\"@id\":\"https:\/\/spielwiese-werbetechnik.net\/index.php\/aufsteller\/#primaryimage\"},\"thumbnailUrl\":\"https:\/\/spielwiese-werbetechnik.net\/wp-content\/uploads\/2023\/03\/Aufsteller-507x1024.png\",\"datePublished\":\"2023-02-09T08:52:00+00:00\",\"dateModified\":\"2023-03-08T10:08:50+00:00\",\"description\":\"Verzieren den Hofeingang und informieren Ihre Mitmenschen.\u00a0Wir fertigen jeden technisch\u00a0umsetzbaren Aufsteller ganz nach Ihren Vorstellungen.\",\"breadcrumb\":{\"@id\":\"https:\/\/spielwiese-werbetechnik.net\/index.php\/aufsteller\/#breadcrumb\"},\"inLanguage\":\"de\",\"potentialAction\":[{\"@type\":\"ReadAction\",\"target\":[\"https:\/\/spielwiese-werbetechnik.net\/index.php\/aufsteller\/\"]}]},{\"@type\":\"ImageObject\",\"inLanguage\":\"de\",\"@id\":\"https:\/\/spielwiese-werbetechnik.net\/index.php\/aufsteller\/#primaryimage\",\"url\":\"https:\/\/spielwiese-werbetechnik.net\/wp-content\/uploads\/2023\/03\/Aufsteller.png\",\"contentUrl\":\"https:\/\/spielwiese-werbetechnik.net\/wp-content\/uploads\/2023\/03\/Aufsteller.png\",\"width\":882,\"height\":1783},{\"@type\":\"BreadcrumbList\",\"@id\":\"https:\/\/spielwiese-werbetechnik.net\/index.php\/aufsteller\/#breadcrumb\",\"itemListElement\":[{\"@type\":\"ListItem\",\"position\":1,\"name\":\"Startseite\",\"item\":\"https:\/\/spielwiese-werbetechnik.net\/\"},{\"@type\":\"ListItem\",\"position\":2,\"name\":\"Aufsteller\"}]},{\"@type\":\"WebSite\",\"@id\":\"https:\/\/spielwiese-werbetechnik.net\/#website\",\"url\":\"https:\/\/spielwiese-werbetechnik.net\/\",\"name\":\"Hoffschmidt Werbeteam\",\"description\":\"sichtbar bessere Werbung!\",\"potentialAction\":[{\"@type\":\"SearchAction\",\"target\":{\"@type\":\"EntryPoint\",\"urlTemplate\":\"https:\/\/spielwiese-werbetechnik.net\/?s={search_term_string}\"},\"query-input\":{\"@type\":\"PropertyValueSpecification\",\"valueRequired\":true,\"valueName\":\"search_term_string\"}}],\"inLanguage\":\"de\"}]}<\/script>\n<!-- \/ Yoast SEO plugin. -->","yoast_head_json":{"title":"Aufsteller - Hoffschmidt Werbeteam","description":"Verzieren den Hofeingang und informieren Ihre Mitmenschen.\u00a0Wir fertigen jeden technisch\u00a0umsetzbaren Aufsteller ganz nach Ihren Vorstellungen.","robots":{"index":"noindex","follow":"follow","max-snippet":"max-snippet:-1","max-image-preview":"max-image-preview:large","max-video-preview":"max-video-preview:-1"},"og_locale":"de_DE","og_type":"article","og_title":"Aufsteller - Hoffschmidt Werbeteam","og_description":"Verzieren den Hofeingang und informieren Ihre Mitmenschen.\u00a0Wir fertigen jeden technisch\u00a0umsetzbaren Aufsteller ganz nach Ihren Vorstellungen.","og_url":"https:\/\/spielwiese-werbetechnik.net\/index.php\/aufsteller\/","og_site_name":"Hoffschmidt Werbeteam","article_publisher":"https:\/\/www.facebook.com\/people\/Hoffschmidt-Werbeteam","article_modified_time":"2023-03-08T10:08:50+00:00","og_image":[{"url":"https:\/\/spielwiese-werbetechnik.net\/wp-content\/uploads\/2023\/03\/Aufsteller-507x1024.png","type":"","width":"","height":""}],"twitter_card":"summary_large_image","twitter_misc":{"Gesch\u00e4tzte Lesezeit":"3\u00a0Minuten"},"schema":{"@context":"https:\/\/schema.org","@graph":[{"@type":"WebPage","@id":"https:\/\/spielwiese-werbetechnik.net\/index.php\/aufsteller\/","url":"https:\/\/spielwiese-werbetechnik.net\/index.php\/aufsteller\/","name":"Aufsteller - Hoffschmidt Werbeteam","isPartOf":{"@id":"https:\/\/spielwiese-werbetechnik.net\/#website"},"primaryImageOfPage":{"@id":"https:\/\/spielwiese-werbetechnik.net\/index.php\/aufsteller\/#primaryimage"},"image":{"@id":"https:\/\/spielwiese-werbetechnik.net\/index.php\/aufsteller\/#primaryimage"},"thumbnailUrl":"https:\/\/spielwiese-werbetechnik.net\/wp-content\/uploads\/2023\/03\/Aufsteller-507x1024.png","datePublished":"2023-02-09T08:52:00+00:00","dateModified":"2023-03-08T10:08:50+00:00","description":"Verzieren den Hofeingang und informieren Ihre Mitmenschen.\u00a0Wir fertigen jeden technisch\u00a0umsetzbaren Aufsteller ganz nach Ihren Vorstellungen.","breadcrumb":{"@id":"https:\/\/spielwiese-werbetechnik.net\/index.php\/aufsteller\/#breadcrumb"},"inLanguage":"de","potentialAction":[{"@type":"ReadAction","target":["https:\/\/spielwiese-werbetechnik.net\/index.php\/aufsteller\/"]}]},{"@type":"ImageObject","inLanguage":"de","@id":"https:\/\/spielwiese-werbetechnik.net\/index.php\/aufsteller\/#primaryimage","url":"https:\/\/spielwiese-werbetechnik.net\/wp-content\/uploads\/2023\/03\/Aufsteller.png","contentUrl":"https:\/\/spielwiese-werbetechnik.net\/wp-content\/uploads\/2023\/03\/Aufsteller.png","width":882,"height":1783},{"@type":"BreadcrumbList","@id":"https:\/\/spielwiese-werbetechnik.net\/index.php\/aufsteller\/#breadcrumb","itemListElement":[{"@type":"ListItem","position":1,"name":"Startseite","item":"https:\/\/spielwiese-werbetechnik.net\/"},{"@type":"ListItem","position":2,"name":"Aufsteller"}]},{"@type":"WebSite","@id":"https:\/\/spielwiese-werbetechnik.net\/#website","url":"https:\/\/spielwiese-werbetechnik.net\/","name":"Hoffschmidt Werbeteam","description":"sichtbar bessere Werbung!","potentialAction":[{"@type":"SearchAction","target":{"@type":"EntryPoint","urlTemplate":"https:\/\/spielwiese-werbetechnik.net\/?s={search_term_string}"},"query-input":{"@type":"PropertyValueSpecification","valueRequired":true,"valueName":"search_term_string"}}],"inLanguage":"de"}]}},"_links":{"self":[{"href":"https:\/\/spielwiese-werbetechnik.net\/index.php\/wp-json\/wp\/v2\/pages\/233","targetHints":{"allow":["GET"]}}],"collection":[{"href":"https:\/\/spielwiese-werbetechnik.net\/index.php\/wp-json\/wp\/v2\/pages"}],"about":[{"href":"https:\/\/spielwiese-werbetechnik.net\/index.php\/wp-json\/wp\/v2\/types\/page"}],"author":[{"embeddable":true,"href":"https:\/\/spielwiese-werbetechnik.net\/index.php\/wp-json\/wp\/v2\/users\/2"}],"replies":[{"embeddable":true,"href":"https:\/\/spielwiese-werbetechnik.net\/index.php\/wp-json\/wp\/v2\/comments?post=233"}],"version-history":[{"count":8,"href":"https:\/\/spielwiese-werbetechnik.net\/index.php\/wp-json\/wp\/v2\/pages\/233\/revisions"}],"predecessor-version":[{"id":1466,"href":"https:\/\/spielwiese-werbetechnik.net\/index.php\/wp-json\/wp\/v2\/pages\/233\/revisions\/1466"}],"wp:attachment":[{"href":"https:\/\/spielwiese-werbetechnik.net\/index.php\/wp-json\/wp\/v2\/media?parent=233"}],"curies":[{"name":"wp","href":"https:\/\/api.w.org\/{rel}","templated":true}]}}