{"id":243,"date":"2023-02-09T08:53:01","date_gmt":"2023-02-09T08:53:01","guid":{"rendered":"https:\/\/spielwiese-werbetechnik.net\/?page_id=243"},"modified":"2023-03-08T10:20:13","modified_gmt":"2023-03-08T10:20:13","slug":"dibond-schild","status":"publish","type":"page","link":"https:\/\/spielwiese-werbetechnik.net\/index.php\/dibond-schild\/","title":{"rendered":"Dibond Schild"},"content":{"rendered":"\n<div id=\"wp-block-themeisle-blocks-advanced-columns-a2946a77\" class=\"wp-block-themeisle-blocks-advanced-columns alignfull has-2-columns has-desktop-equal-layout has-tablet-equal-layout has-mobile-collapsedRows-layout has-vertical-center ticss-a2946a77 has-dark-bg coblocks-animate\" data-coblocks-animation=\"slideInBottom\"><div class=\"wp-block-themeisle-blocks-advanced-columns-overlay\"><\/div><div class=\"innerblocks-wrap\">\n<div id=\"wp-block-themeisle-blocks-advanced-column-bbddf55b\" class=\"wp-block-themeisle-blocks-advanced-column\"><div class=\"wp-block-image\">\n<figure class=\"aligncenter size-large is-resized\"><img loading=\"lazy\" decoding=\"async\" src=\"https:\/\/spielwiese-werbetechnik.net\/wp-content\/uploads\/2023\/03\/Dibond-654x1024.png\" alt=\"Zwei 0,3mm dicke\u00a0Aluminiumschichten\u00a0 durch\u00a0einen\u00a0Kunststoffkern thermisch verbunden. Die leichtere und g\u00fcnstigere alternative zu Vollaluminium-Platten.\" class=\"wp-image-1144\" width=\"327\" height=\"512\" srcset=\"https:\/\/spielwiese-werbetechnik.net\/wp-content\/uploads\/2023\/03\/Dibond-654x1024.png 654w, https:\/\/spielwiese-werbetechnik.net\/wp-content\/uploads\/2023\/03\/Dibond-192x300.png 192w, https:\/\/spielwiese-werbetechnik.net\/wp-content\/uploads\/2023\/03\/Dibond-768x1202.png 768w, https:\/\/spielwiese-werbetechnik.net\/wp-content\/uploads\/2023\/03\/Dibond-982x1536.png 982w, https:\/\/spielwiese-werbetechnik.net\/wp-content\/uploads\/2023\/03\/Dibond-1309x2048.png 1309w, https:\/\/spielwiese-werbetechnik.net\/wp-content\/uploads\/2023\/03\/Dibond.png 1700w\" sizes=\"auto, (max-width: 327px) 100vw, 327px\" \/><\/figure>\n<\/div><\/div>\n\n\n\n<div id=\"wp-block-themeisle-blocks-advanced-column-92b2db05\" class=\"wp-block-themeisle-blocks-advanced-column\">\n<h2 id=\"wp-block-themeisle-blocks-advanced-heading-8f1f2647\" class=\"wp-block-themeisle-blocks-advanced-heading wp-block-themeisle-blocks-advanced-heading-8f1f2647\">Dibondschilder<\/h2>\n\n\n\n<p class=\"has-white-color has-text-color\">Zwei 0,3mm dicke&nbsp;Aluminiumschichten&nbsp; durch&nbsp;einen&nbsp;Kunststoffkern thermisch verbunden. Die leichtere und g\u00fcnstigere alternative zu Vollaluminium-Platten.<\/p>\n<\/div>\n<\/div><\/div>\n\n\n\n<div style=\"height:30px\" aria-hidden=\"true\" class=\"wp-block-spacer\"><\/div>\n\n\n\n<div class=\"wp-block-columns coblocks-animate is-layout-flex wp-container-core-columns-is-layout-9d6595d7 wp-block-columns-is-layout-flex\" data-coblocks-animation=\"slideInBottom\">\n<div class=\"wp-block-column is-layout-flow wp-block-column-is-layout-flow\">\n<p class=\"has-text-align-center has-large-font-size has-custom-weight\" style=\"font-weight:bold\">Preis\u00fcbersicht<\/p>\n\n\n\n<table id=\"tablepress-14\" class=\"tablepress tablepress-id-14\">\n<tbody class=\"row-striping row-hover\">\n<tr class=\"row-1\">\n\t<td class=\"column-1\"><strong>Kategorie<\/strong><\/td><td class=\"column-2\"><strong>Beschreibung<\/strong><\/td><td class=\"column-3\"><strong>Preis ab<\/strong><\/td>\n<\/tr>\n<tr class=\"row-2\">\n\t<td class=\"column-1\"><strong>1<\/strong><\/td><td class=\"column-2\">Wenig Text 1-2 farbig einseitig verklebt auf 3mm Platte inkl. Beschriftung<\/td><td class=\"column-3\">87,00\u00a0\u20ac<\/td>\n<\/tr>\n<tr class=\"row-3\">\n\t<td class=\"column-1\"><strong>2<\/strong><\/td><td class=\"column-2\">Mehr Text\/Logo 2-3 farbig, einseitig verklebt auf 3 mm Platte inkl. Beschriftung<\/td><td class=\"column-3\">99.00 \u20ac<\/td>\n<\/tr>\n<tr class=\"row-4\">\n\t<td class=\"column-1\"><strong>3<\/strong><\/td><td class=\"column-2\">Viel Text und\/oder Digitaldruck, einseitig verklebt auf 3mm Platte inkl. Beschriftung<\/td><td class=\"column-3\">116.00 \u20ac<\/td>\n<\/tr>\n<\/tbody>\n<\/table>\n<!-- #tablepress-14 from cache -->\n\n\n<p class=\"has-text-align-center has-small-font-size\">Fragen Sie bitte Schilder, in jeder technisch machbaren Gr\u00f6\u00dfe und auf jedem Material, an!<br>Daten bauseits plott-\/druckf\u00e4hig<br>Daten\u00fcbernahme 28,00 \u20ac\/Motiv<br>Digitalisierung nach Aufwand<br>Mindestberechnung 1qm<br>Installation auf Anfrage<br>Alle Preise inkl. Schilder, ohne Beschirftung, zzgl. MWSt. Verpackung\/Versand<\/p>\n<\/div>\n<\/div>\n\n\n\n<div class=\"wp-block-essential-blocks-image-gallery coblocks-animate\" data-coblocks-animation=\"slideInBottom\"><div class=\"eb-parent-wrapper eb-parent-eb-image-gallery-5k1trnb \"><div class=\"eb-gallery-img-wrapper eb-image-gallery-5k1trnb grid overlay-bottom caption-style-0  \" data-id=\"eb-image-gallery-5k1trnb\"><a href=\"https:\/\/spielwiese-werbetechnik.net\/wp-content\/uploads\/2023\/03\/chefarzt-klein-1.jpg\" id=\"eb-gallery-img-content\" data-fslightbox=\"gallery\" data-type=\"image\" class=\"eb-gallery-img-content eb-filter-img-\"><span class=\"eb-gallery-link-wrapper\"><img decoding=\"async\" class=\"eb-gallery-img\" src=\"https:\/\/spielwiese-werbetechnik.net\/wp-content\/uploads\/2023\/03\/chefarzt-klein-1.jpg\" image-index=\"0\"\/><\/span><\/a><a href=\"https:\/\/spielwiese-werbetechnik.net\/wp-content\/uploads\/2023\/03\/dibond-schild-parkplatz.jpg\" id=\"eb-gallery-img-content\" data-fslightbox=\"gallery\" data-type=\"image\" class=\"eb-gallery-img-content eb-filter-img-\"><span class=\"eb-gallery-link-wrapper\"><img decoding=\"async\" class=\"eb-gallery-img\" src=\"https:\/\/spielwiese-werbetechnik.net\/wp-content\/uploads\/2023\/03\/dibond-schild-parkplatz.jpg\" image-index=\"1\"\/><\/span><\/a><a href=\"https:\/\/spielwiese-werbetechnik.net\/wp-content\/uploads\/2023\/03\/schild-wappen-digitaldruck-scaled.jpg\" id=\"eb-gallery-img-content\" data-fslightbox=\"gallery\" data-type=\"image\" class=\"eb-gallery-img-content eb-filter-img-\"><span class=\"eb-gallery-link-wrapper\"><img decoding=\"async\" class=\"eb-gallery-img\" src=\"https:\/\/spielwiese-werbetechnik.net\/wp-content\/uploads\/2023\/03\/schild-wappen-digitaldruck-scaled.jpg\" image-index=\"2\"\/><\/span><\/a><\/div><\/div><\/div>\n","protected":false},"excerpt":{"rendered":"<p>Preis\u00fcbersicht Fragen Sie bitte Schilder, in jeder technisch machbaren Gr\u00f6\u00dfe und auf jedem Material, an!Daten bauseits plott-\/druckf\u00e4higDaten\u00fcbernahme 28,00 \u20ac\/MotivDigitalisierung nach AufwandMindestberechnung 1qmInstallation auf AnfrageAlle Preise inkl. Schilder, ohne Beschirftung, zzgl. MWSt. Verpackung\/Versand<\/p>\n","protected":false},"author":2,"featured_media":0,"parent":0,"menu_order":0,"comment_status":"closed","ping_status":"closed","template":"","meta":{"_coblocks_attr":"","_coblocks_dimensions":"","_coblocks_responsive_height":"","_coblocks_accordion_ie_support":"","_eb_attr":"","neve_meta_sidebar":"","neve_meta_container":"","neve_meta_enable_content_width":"","neve_meta_content_width":0,"neve_meta_title_alignment":"","neve_meta_author_avatar":"","neve_post_elements_order":"","neve_meta_disable_header":"","neve_meta_disable_footer":"","neve_meta_disable_title":"","_themeisle_gutenberg_block_has_review":false,"footnotes":""},"class_list":["post-243","page","type-page","status-publish","hentry"],"yoast_head":"<!-- This site is optimized with the Yoast SEO plugin v26.9 - https:\/\/yoast.com\/product\/yoast-seo-wordpress\/ -->\n<title>Dibond Schild - Hoffschmidt Werbeteam<\/title>\n<meta name=\"description\" content=\"Zwei 0,3mm dicke\u00a0Aluminiumschichten\u00a0 durch\u00a0einen\u00a0Kunststoffkern thermisch verbunden. Die leichtere und g\u00fcnstigere alternative zu Vollaluminium-Platten.\" \/>\n<meta name=\"robots\" content=\"noindex, follow, max-snippet:-1, max-image-preview:large, max-video-preview:-1\" \/>\n<meta property=\"og:locale\" content=\"de_DE\" \/>\n<meta property=\"og:type\" content=\"article\" \/>\n<meta property=\"og:title\" content=\"Dibond Schild - Hoffschmidt Werbeteam\" \/>\n<meta property=\"og:description\" content=\"Zwei 0,3mm dicke\u00a0Aluminiumschichten\u00a0 durch\u00a0einen\u00a0Kunststoffkern thermisch verbunden. Die leichtere und g\u00fcnstigere alternative zu Vollaluminium-Platten.\" \/>\n<meta property=\"og:url\" content=\"https:\/\/spielwiese-werbetechnik.net\/index.php\/dibond-schild\/\" \/>\n<meta property=\"og:site_name\" content=\"Hoffschmidt Werbeteam\" \/>\n<meta property=\"article:publisher\" content=\"https:\/\/www.facebook.com\/people\/Hoffschmidt-Werbeteam\" \/>\n<meta property=\"article:modified_time\" content=\"2023-03-08T10:20:13+00:00\" \/>\n<meta property=\"og:image\" content=\"https:\/\/spielwiese-werbetechnik.net\/wp-content\/uploads\/2023\/03\/Dibond-654x1024.png\" \/>\n<meta name=\"twitter:card\" content=\"summary_large_image\" \/>\n<meta name=\"twitter:label1\" content=\"Gesch\u00e4tzte Lesezeit\" \/>\n\t<meta name=\"twitter:data1\" content=\"2\u00a0Minuten\" \/>\n<script type=\"application\/ld+json\" class=\"yoast-schema-graph\">{\"@context\":\"https:\/\/schema.org\",\"@graph\":[{\"@type\":\"WebPage\",\"@id\":\"https:\/\/spielwiese-werbetechnik.net\/index.php\/dibond-schild\/\",\"url\":\"https:\/\/spielwiese-werbetechnik.net\/index.php\/dibond-schild\/\",\"name\":\"Dibond Schild - Hoffschmidt Werbeteam\",\"isPartOf\":{\"@id\":\"https:\/\/spielwiese-werbetechnik.net\/#website\"},\"primaryImageOfPage\":{\"@id\":\"https:\/\/spielwiese-werbetechnik.net\/index.php\/dibond-schild\/#primaryimage\"},\"image\":{\"@id\":\"https:\/\/spielwiese-werbetechnik.net\/index.php\/dibond-schild\/#primaryimage\"},\"thumbnailUrl\":\"https:\/\/spielwiese-werbetechnik.net\/wp-content\/uploads\/2023\/03\/Dibond-654x1024.png\",\"datePublished\":\"2023-02-09T08:53:01+00:00\",\"dateModified\":\"2023-03-08T10:20:13+00:00\",\"description\":\"Zwei 0,3mm dicke\u00a0Aluminiumschichten\u00a0 durch\u00a0einen\u00a0Kunststoffkern thermisch verbunden. Die leichtere und g\u00fcnstigere alternative zu Vollaluminium-Platten.\",\"breadcrumb\":{\"@id\":\"https:\/\/spielwiese-werbetechnik.net\/index.php\/dibond-schild\/#breadcrumb\"},\"inLanguage\":\"de\",\"potentialAction\":[{\"@type\":\"ReadAction\",\"target\":[\"https:\/\/spielwiese-werbetechnik.net\/index.php\/dibond-schild\/\"]}]},{\"@type\":\"ImageObject\",\"inLanguage\":\"de\",\"@id\":\"https:\/\/spielwiese-werbetechnik.net\/index.php\/dibond-schild\/#primaryimage\",\"url\":\"https:\/\/spielwiese-werbetechnik.net\/wp-content\/uploads\/2023\/03\/Dibond.png\",\"contentUrl\":\"https:\/\/spielwiese-werbetechnik.net\/wp-content\/uploads\/2023\/03\/Dibond.png\",\"width\":1700,\"height\":2660},{\"@type\":\"BreadcrumbList\",\"@id\":\"https:\/\/spielwiese-werbetechnik.net\/index.php\/dibond-schild\/#breadcrumb\",\"itemListElement\":[{\"@type\":\"ListItem\",\"position\":1,\"name\":\"Startseite\",\"item\":\"https:\/\/spielwiese-werbetechnik.net\/\"},{\"@type\":\"ListItem\",\"position\":2,\"name\":\"Dibond Schild\"}]},{\"@type\":\"WebSite\",\"@id\":\"https:\/\/spielwiese-werbetechnik.net\/#website\",\"url\":\"https:\/\/spielwiese-werbetechnik.net\/\",\"name\":\"Hoffschmidt Werbeteam\",\"description\":\"sichtbar bessere Werbung!\",\"potentialAction\":[{\"@type\":\"SearchAction\",\"target\":{\"@type\":\"EntryPoint\",\"urlTemplate\":\"https:\/\/spielwiese-werbetechnik.net\/?s={search_term_string}\"},\"query-input\":{\"@type\":\"PropertyValueSpecification\",\"valueRequired\":true,\"valueName\":\"search_term_string\"}}],\"inLanguage\":\"de\"}]}<\/script>\n<!-- \/ Yoast SEO plugin. -->","yoast_head_json":{"title":"Dibond Schild - Hoffschmidt Werbeteam","description":"Zwei 0,3mm dicke\u00a0Aluminiumschichten\u00a0 durch\u00a0einen\u00a0Kunststoffkern thermisch verbunden. Die leichtere und g\u00fcnstigere alternative zu Vollaluminium-Platten.","robots":{"index":"noindex","follow":"follow","max-snippet":"max-snippet:-1","max-image-preview":"max-image-preview:large","max-video-preview":"max-video-preview:-1"},"og_locale":"de_DE","og_type":"article","og_title":"Dibond Schild - Hoffschmidt Werbeteam","og_description":"Zwei 0,3mm dicke\u00a0Aluminiumschichten\u00a0 durch\u00a0einen\u00a0Kunststoffkern thermisch verbunden. Die leichtere und g\u00fcnstigere alternative zu Vollaluminium-Platten.","og_url":"https:\/\/spielwiese-werbetechnik.net\/index.php\/dibond-schild\/","og_site_name":"Hoffschmidt Werbeteam","article_publisher":"https:\/\/www.facebook.com\/people\/Hoffschmidt-Werbeteam","article_modified_time":"2023-03-08T10:20:13+00:00","og_image":[{"url":"https:\/\/spielwiese-werbetechnik.net\/wp-content\/uploads\/2023\/03\/Dibond-654x1024.png","type":"","width":"","height":""}],"twitter_card":"summary_large_image","twitter_misc":{"Gesch\u00e4tzte Lesezeit":"2\u00a0Minuten"},"schema":{"@context":"https:\/\/schema.org","@graph":[{"@type":"WebPage","@id":"https:\/\/spielwiese-werbetechnik.net\/index.php\/dibond-schild\/","url":"https:\/\/spielwiese-werbetechnik.net\/index.php\/dibond-schild\/","name":"Dibond Schild - Hoffschmidt Werbeteam","isPartOf":{"@id":"https:\/\/spielwiese-werbetechnik.net\/#website"},"primaryImageOfPage":{"@id":"https:\/\/spielwiese-werbetechnik.net\/index.php\/dibond-schild\/#primaryimage"},"image":{"@id":"https:\/\/spielwiese-werbetechnik.net\/index.php\/dibond-schild\/#primaryimage"},"thumbnailUrl":"https:\/\/spielwiese-werbetechnik.net\/wp-content\/uploads\/2023\/03\/Dibond-654x1024.png","datePublished":"2023-02-09T08:53:01+00:00","dateModified":"2023-03-08T10:20:13+00:00","description":"Zwei 0,3mm dicke\u00a0Aluminiumschichten\u00a0 durch\u00a0einen\u00a0Kunststoffkern thermisch verbunden. Die leichtere und g\u00fcnstigere alternative zu Vollaluminium-Platten.","breadcrumb":{"@id":"https:\/\/spielwiese-werbetechnik.net\/index.php\/dibond-schild\/#breadcrumb"},"inLanguage":"de","potentialAction":[{"@type":"ReadAction","target":["https:\/\/spielwiese-werbetechnik.net\/index.php\/dibond-schild\/"]}]},{"@type":"ImageObject","inLanguage":"de","@id":"https:\/\/spielwiese-werbetechnik.net\/index.php\/dibond-schild\/#primaryimage","url":"https:\/\/spielwiese-werbetechnik.net\/wp-content\/uploads\/2023\/03\/Dibond.png","contentUrl":"https:\/\/spielwiese-werbetechnik.net\/wp-content\/uploads\/2023\/03\/Dibond.png","width":1700,"height":2660},{"@type":"BreadcrumbList","@id":"https:\/\/spielwiese-werbetechnik.net\/index.php\/dibond-schild\/#breadcrumb","itemListElement":[{"@type":"ListItem","position":1,"name":"Startseite","item":"https:\/\/spielwiese-werbetechnik.net\/"},{"@type":"ListItem","position":2,"name":"Dibond Schild"}]},{"@type":"WebSite","@id":"https:\/\/spielwiese-werbetechnik.net\/#website","url":"https:\/\/spielwiese-werbetechnik.net\/","name":"Hoffschmidt Werbeteam","description":"sichtbar bessere Werbung!","potentialAction":[{"@type":"SearchAction","target":{"@type":"EntryPoint","urlTemplate":"https:\/\/spielwiese-werbetechnik.net\/?s={search_term_string}"},"query-input":{"@type":"PropertyValueSpecification","valueRequired":true,"valueName":"search_term_string"}}],"inLanguage":"de"}]}},"_links":{"self":[{"href":"https:\/\/spielwiese-werbetechnik.net\/index.php\/wp-json\/wp\/v2\/pages\/243","targetHints":{"allow":["GET"]}}],"collection":[{"href":"https:\/\/spielwiese-werbetechnik.net\/index.php\/wp-json\/wp\/v2\/pages"}],"about":[{"href":"https:\/\/spielwiese-werbetechnik.net\/index.php\/wp-json\/wp\/v2\/types\/page"}],"author":[{"embeddable":true,"href":"https:\/\/spielwiese-werbetechnik.net\/index.php\/wp-json\/wp\/v2\/users\/2"}],"replies":[{"embeddable":true,"href":"https:\/\/spielwiese-werbetechnik.net\/index.php\/wp-json\/wp\/v2\/comments?post=243"}],"version-history":[{"count":13,"href":"https:\/\/spielwiese-werbetechnik.net\/index.php\/wp-json\/wp\/v2\/pages\/243\/revisions"}],"predecessor-version":[{"id":1477,"href":"https:\/\/spielwiese-werbetechnik.net\/index.php\/wp-json\/wp\/v2\/pages\/243\/revisions\/1477"}],"wp:attachment":[{"href":"https:\/\/spielwiese-werbetechnik.net\/index.php\/wp-json\/wp\/v2\/media?parent=243"}],"curies":[{"name":"wp","href":"https:\/\/api.w.org\/{rel}","templated":true}]}}