{"id":268,"date":"2023-02-09T08:56:02","date_gmt":"2023-02-09T08:56:02","guid":{"rendered":"https:\/\/spielwiese-werbetechnik.net\/?page_id=268"},"modified":"2023-03-08T11:47:32","modified_gmt":"2023-03-08T11:47:32","slug":"mit-traeger","status":"publish","type":"page","link":"https:\/\/spielwiese-werbetechnik.net\/index.php\/mit-traeger\/","title":{"rendered":"Digitaldruck mit Tr\u00e4ger"},"content":{"rendered":"\n<div id=\"wp-block-themeisle-blocks-advanced-columns-a2946a77\" class=\"wp-block-themeisle-blocks-advanced-columns alignfull has-2-columns has-desktop-equal-layout has-tablet-equal-layout has-mobile-collapsedRows-layout has-vertical-center ticss-a2946a77 has-dark-bg coblocks-animate\" data-coblocks-animation=\"slideInBottom\"><div class=\"wp-block-themeisle-blocks-advanced-columns-overlay\"><\/div><div class=\"innerblocks-wrap\">\n<div id=\"wp-block-themeisle-blocks-advanced-column-bbddf55b\" class=\"wp-block-themeisle-blocks-advanced-column\"><div class=\"wp-block-image\">\n<figure class=\"aligncenter size-large\"><img loading=\"lazy\" decoding=\"async\" width=\"1024\" height=\"555\" src=\"https:\/\/spielwiese-werbetechnik.net\/wp-content\/uploads\/2023\/03\/digitalmittraeger-1024x555.png\" alt=\"\" class=\"wp-image-1433\" srcset=\"https:\/\/spielwiese-werbetechnik.net\/wp-content\/uploads\/2023\/03\/digitalmittraeger-1024x555.png 1024w, https:\/\/spielwiese-werbetechnik.net\/wp-content\/uploads\/2023\/03\/digitalmittraeger-300x163.png 300w, https:\/\/spielwiese-werbetechnik.net\/wp-content\/uploads\/2023\/03\/digitalmittraeger-768x416.png 768w, https:\/\/spielwiese-werbetechnik.net\/wp-content\/uploads\/2023\/03\/digitalmittraeger.png 1291w\" sizes=\"auto, (max-width: 1024px) 100vw, 1024px\" \/><\/figure>\n<\/div><\/div>\n\n\n\n<div id=\"wp-block-themeisle-blocks-advanced-column-92b2db05\" class=\"wp-block-themeisle-blocks-advanced-column\">\n<h2 id=\"wp-block-themeisle-blocks-advanced-heading-8f1f2647\" class=\"wp-block-themeisle-blocks-advanced-heading wp-block-themeisle-blocks-advanced-heading-8f1f2647\">Digitaldruck mit Tr\u00e4ger<\/h2>\n\n\n\n<p class=\"has-white-color has-text-color\">Sie w\u00e4hlen Tr\u00e4ger, Bild und dessen&nbsp;Positionierung und wir drucken, liefern und bringen Ihnen ein Ergebnis in k\u00fcrzester Zeit!<\/p>\n<\/div>\n<\/div><\/div>\n\n\n\n<div style=\"height:30px\" aria-hidden=\"true\" class=\"wp-block-spacer\"><\/div>\n\n\n\n<div class=\"wp-block-columns coblocks-animate is-layout-flex wp-container-core-columns-is-layout-9d6595d7 wp-block-columns-is-layout-flex\" data-coblocks-animation=\"slideInBottom\">\n<div class=\"wp-block-column is-layout-flow wp-block-column-is-layout-flow\">\n<div class=\"wp-block-columns is-layout-flex wp-container-core-columns-is-layout-9d6595d7 wp-block-columns-is-layout-flex\">\n<div class=\"wp-block-column is-layout-flow wp-block-column-is-layout-flow\">\n<p class=\"has-large-font-size has-custom-weight\" style=\"font-weight:bold\">Preis\u00fcbersicht WallOn Banner<\/p>\n\n\n\n<p class=\"has-small-font-size\">WallOn-PVC Banner mit Wandhalterung aus Edelstahl. Passt optisch perfekt zum&nbsp;<a href=\"https:\/\/spielwiese-werbetechnik.net\/index.php\/wallout\/\">WallOut<\/a>&nbsp;Montagesystem. Banner ist mit Hohlsaum unten und oben versehen.<br>Zugeh\u00f6rige, einseitig bedruckte Banner, fertig konfektioniert. 29,00 \u20ac\/qm<\/p>\n\n\n\n<table id=\"tablepress-17\" class=\"tablepress tablepress-id-17\">\n<tbody class=\"row-striping row-hover\">\n<tr class=\"row-1\">\n\t<td class=\"column-1\"><strong>Art. Nr.<\/strong><\/td><td class=\"column-2\"><strong>Beschreibung<\/strong><\/td><td class=\"column-3\"><strong>Preis<\/strong><\/td>\n<\/tr>\n<tr class=\"row-2\">\n\t<td class=\"column-1\"><strong>46010<\/strong><\/td><td class=\"column-2\">Eckelement 4 Stck.<\/td><td class=\"column-3\">359,00\u00a0\u20ac<\/td>\n<\/tr>\n<tr class=\"row-3\">\n\t<td class=\"column-1\"><strong>46020<\/strong><\/td><td class=\"column-2\">V2ARohr 2 x 2200 mm<\/td><td class=\"column-3\">180,00\u00a0\u20ac<\/td>\n<\/tr>\n<tr class=\"row-4\">\n\t<td class=\"column-1\"><strong>46030<\/strong><\/td><td class=\"column-2\">V2ARohr 2 x 3200 mm<\/td><td class=\"column-3\">249,00\u00a0\u20ac<\/td>\n<\/tr>\n<tr class=\"row-5\">\n\t<td class=\"column-1\"><strong>46040<\/strong><\/td><td class=\"column-2\">V2ARohr 2 x 4200 mm<\/td><td class=\"column-3\">342,00\u00a0\u20ac<\/td>\n<\/tr>\n<\/tbody>\n<\/table>\n<!-- #tablepress-17 from cache --><\/div>\n\n\n\n<div class=\"wp-block-column is-layout-flow wp-block-column-is-layout-flow\">\n<p class=\"has-large-font-size has-custom-weight\" style=\"font-weight:bold\">Preis\u00fcbersicht f\u00fcr einfache Banner<\/p>\n\n\n\n<p class=\"has-small-font-size\">Rei\u00dffeste PVC Banner mit&nbsp;farbstarkem Digitaldruck.Preise ab 1 qm inkl. Druck und Konfektionierung zzgl. Daten\u00fcbernahmepauschale von 28,00 \u20ac\/Motiv. Bei h\u00f6heren St\u00fcckzahlen sind die Preise nochmals g\u00fcnstiger. Bitte fragen Sie an!<\/p>\n\n\n\n<table id=\"tablepress-18\" class=\"tablepress tablepress-id-18\">\n<tbody class=\"row-striping row-hover\">\n<tr class=\"row-1\">\n\t<td class=\"column-1\"><strong>Format<\/strong><\/td><td class=\"column-2\"><strong>Preis pro Banner<\/strong><\/td><td class=\"column-3\"><strong>Preis pro Banner ab 3 Str\u00fcck<\/strong><\/td>\n<\/tr>\n<tr class=\"row-2\">\n\t<td class=\"column-1\"><strong>1500 x 800 mm<\/strong><\/td><td class=\"column-2\">35,32\u00a0\u20ac<\/td><td class=\"column-3\">31,79\u00a0\u20ac<\/td>\n<\/tr>\n<tr class=\"row-3\">\n\t<td class=\"column-1\"><strong>2000 x 800 mm<\/strong><\/td><td class=\"column-2\">47,10\u00a0\u20ac<\/td><td class=\"column-3\">42,39\u00a0\u20ac<\/td>\n<\/tr>\n<tr class=\"row-4\">\n\t<td class=\"column-1\"><strong>2000 x 1000 mm<\/strong><\/td><td class=\"column-2\">58,87\u00a0\u20ac<\/td><td class=\"column-3\">52,98\u00a0\u20ac<\/td>\n<\/tr>\n<tr class=\"row-5\">\n\t<td class=\"column-1\"><strong>3000 x 1000 mm<\/strong><\/td><td class=\"column-2\">88,31\u00a0\u20ac<\/td><td class=\"column-3\">79,47\u00a0\u20ac<\/td>\n<\/tr>\n<tr class=\"row-6\">\n\t<td class=\"column-1\"><strong>4000 x 1000 mm<\/strong><\/td><td class=\"column-2\">117,74\u00a0\u20ac<\/td><td class=\"column-3\">105,97\u00a0\u20ac<\/td>\n<\/tr>\n<tr class=\"row-7\">\n\t<td class=\"column-1\"><strong>2000 x 1200 mm<\/strong><\/td><td class=\"column-2\">70,64\u00a0\u20ac<\/td><td class=\"column-3\">63,58\u00a0\u20ac<\/td>\n<\/tr>\n<tr class=\"row-8\">\n\t<td class=\"column-1\"><strong>3000 x 1200 mm<\/strong><\/td><td class=\"column-2\">106,58\u00a0\u20ac<\/td><td class=\"column-3\">95,92\u00a0\u20ac<\/td>\n<\/tr>\n<tr class=\"row-9\">\n\t<td class=\"column-1\"><strong>4000 x 1200 mm<\/strong><\/td><td class=\"column-2\">141,09\u00a0\u20ac<\/td><td class=\"column-3\">126,98\u00a0\u20ac<\/td>\n<\/tr>\n<tr class=\"row-10\">\n\t<td class=\"column-1\"><strong>2500 x 2500 mm<\/strong><\/td><td class=\"column-2\">187,78\u00a0\u20ac<\/td><td class=\"column-3\">169,00\u00a0\u20ac<\/td>\n<\/tr>\n<tr class=\"row-11\">\n\t<td class=\"column-1\"><strong>3000 x 2500 mm<\/strong><\/td><td class=\"column-2\">221,27\u00a0\u20ac<\/td><td class=\"column-3\">199,14\u00a0\u20ac<\/td>\n<\/tr>\n<\/tbody>\n<\/table>\n<!-- #tablepress-18 from cache --><\/div>\n<\/div>\n<\/div>\n<\/div>\n\n\n\n<div class=\"wp-block-essential-blocks-image-gallery coblocks-animate\" data-coblocks-animation=\"slideInBottom\"><div class=\"eb-parent-wrapper eb-parent-eb-image-gallery-g8pk8bw \"><div class=\"eb-gallery-img-wrapper eb-image-gallery-g8pk8bw grid overlay-bottom caption-style-0  \" data-id=\"eb-image-gallery-g8pk8bw\"><a href=\"https:\/\/spielwiese-werbetechnik.net\/wp-content\/uploads\/2023\/03\/magnetsystem-magnetschilder.jpg\" id=\"eb-gallery-img-content\" data-fslightbox=\"gallery\" data-type=\"image\" class=\"eb-gallery-img-content eb-filter-img-\"><span class=\"eb-gallery-link-wrapper\"><img decoding=\"async\" class=\"eb-gallery-img\" src=\"https:\/\/spielwiese-werbetechnik.net\/wp-content\/uploads\/2023\/03\/magnetsystem-magnetschilder.jpg\" image-index=\"0\"\/><\/span><\/a><a href=\"https:\/\/spielwiese-werbetechnik.net\/wp-content\/uploads\/2023\/03\/porzellanladen-werbebanner-meshbanner.jpg\" id=\"eb-gallery-img-content\" data-fslightbox=\"gallery\" data-type=\"image\" class=\"eb-gallery-img-content eb-filter-img-\"><span class=\"eb-gallery-link-wrapper\"><img decoding=\"async\" class=\"eb-gallery-img\" src=\"https:\/\/spielwiese-werbetechnik.net\/wp-content\/uploads\/2023\/03\/porzellanladen-werbebanner-meshbanner.jpg\" image-index=\"1\"\/><\/span><\/a><a href=\"https:\/\/spielwiese-werbetechnik.net\/wp-content\/uploads\/2023\/03\/porzellanverkauf_banner_digitaldruck.jpg\" id=\"eb-gallery-img-content\" data-fslightbox=\"gallery\" data-type=\"image\" class=\"eb-gallery-img-content eb-filter-img-\"><span class=\"eb-gallery-link-wrapper\"><img decoding=\"async\" class=\"eb-gallery-img\" src=\"https:\/\/spielwiese-werbetechnik.net\/wp-content\/uploads\/2023\/03\/porzellanverkauf_banner_digitaldruck.jpg\" image-index=\"2\"\/><\/span><\/a><\/div><\/div><\/div>\n","protected":false},"excerpt":{"rendered":"<p>Preis\u00fcbersicht WallOn Banner WallOn-PVC Banner mit Wandhalterung aus Edelstahl. Passt optisch perfekt zum&nbsp;WallOut&nbsp;Montagesystem. Banner ist mit Hohlsaum unten und oben versehen.Zugeh\u00f6rige, einseitig bedruckte Banner, fertig konfektioniert. 29,00 \u20ac\/qm Preis\u00fcbersicht f\u00fcr einfache Banner Rei\u00dffeste PVC Banner mit&nbsp;farbstarkem Digitaldruck.Preise ab 1 qm inkl. Druck und Konfektionierung zzgl. Daten\u00fcbernahmepauschale von 28,00 \u20ac\/Motiv. Bei h\u00f6heren St\u00fcckzahlen sind die Preise&hellip;&nbsp;<a href=\"https:\/\/spielwiese-werbetechnik.net\/index.php\/mit-traeger\/\" rel=\"bookmark\">Weiterlesen &raquo;<span class=\"screen-reader-text\">Digitaldruck mit Tr\u00e4ger<\/span><\/a><\/p>\n","protected":false},"author":2,"featured_media":0,"parent":0,"menu_order":0,"comment_status":"closed","ping_status":"closed","template":"","meta":{"_coblocks_attr":"","_coblocks_dimensions":"","_coblocks_responsive_height":"","_coblocks_accordion_ie_support":"","_eb_attr":"","neve_meta_sidebar":"","neve_meta_container":"","neve_meta_enable_content_width":"","neve_meta_content_width":0,"neve_meta_title_alignment":"","neve_meta_author_avatar":"","neve_post_elements_order":"","neve_meta_disable_header":"","neve_meta_disable_footer":"","neve_meta_disable_title":"","_themeisle_gutenberg_block_has_review":false,"footnotes":""},"class_list":["post-268","page","type-page","status-publish","hentry"],"yoast_head":"<!-- This site is optimized with the Yoast SEO plugin v26.9 - https:\/\/yoast.com\/product\/yoast-seo-wordpress\/ -->\n<title>Digitaldruck mit Tr\u00e4ger - Hoffschmidt Werbeteam<\/title>\n<meta name=\"description\" content=\"Rei\u00dffeste PVC Banner mit\u00a0farbstarkem Digitaldruck.Preise ab 1 qm inkl. Druck und Konfektionierung zzgl. Daten\u00fcbernahmepauschale von 28,00 \u20ac\/Motiv. Bei h\u00f6heren St\u00fcckzahlen sind die Preise nochmals g\u00fcnstiger. Bitte fragen Sie an!\" \/>\n<meta name=\"robots\" content=\"noindex, follow, max-snippet:-1, max-image-preview:large, max-video-preview:-1\" \/>\n<meta property=\"og:locale\" content=\"de_DE\" \/>\n<meta property=\"og:type\" content=\"article\" \/>\n<meta property=\"og:title\" content=\"Digitaldruck mit Tr\u00e4ger - Hoffschmidt Werbeteam\" \/>\n<meta property=\"og:description\" content=\"Rei\u00dffeste PVC Banner mit\u00a0farbstarkem Digitaldruck.Preise ab 1 qm inkl. Druck und Konfektionierung zzgl. Daten\u00fcbernahmepauschale von 28,00 \u20ac\/Motiv. Bei h\u00f6heren St\u00fcckzahlen sind die Preise nochmals g\u00fcnstiger. Bitte fragen Sie an!\" \/>\n<meta property=\"og:url\" content=\"https:\/\/spielwiese-werbetechnik.net\/index.php\/mit-traeger\/\" \/>\n<meta property=\"og:site_name\" content=\"Hoffschmidt Werbeteam\" \/>\n<meta property=\"article:publisher\" content=\"https:\/\/www.facebook.com\/people\/Hoffschmidt-Werbeteam\" \/>\n<meta property=\"article:modified_time\" content=\"2023-03-08T11:47:32+00:00\" \/>\n<meta property=\"og:image\" content=\"https:\/\/spielwiese-werbetechnik.net\/wp-content\/uploads\/2023\/03\/digitalmittraeger-1024x555.png\" \/>\n<meta name=\"twitter:card\" content=\"summary_large_image\" \/>\n<meta name=\"twitter:label1\" content=\"Gesch\u00e4tzte Lesezeit\" \/>\n\t<meta name=\"twitter:data1\" content=\"2\u00a0Minuten\" \/>\n<script type=\"application\/ld+json\" class=\"yoast-schema-graph\">{\"@context\":\"https:\/\/schema.org\",\"@graph\":[{\"@type\":\"WebPage\",\"@id\":\"https:\/\/spielwiese-werbetechnik.net\/index.php\/mit-traeger\/\",\"url\":\"https:\/\/spielwiese-werbetechnik.net\/index.php\/mit-traeger\/\",\"name\":\"Digitaldruck mit Tr\u00e4ger - Hoffschmidt Werbeteam\",\"isPartOf\":{\"@id\":\"https:\/\/spielwiese-werbetechnik.net\/#website\"},\"primaryImageOfPage\":{\"@id\":\"https:\/\/spielwiese-werbetechnik.net\/index.php\/mit-traeger\/#primaryimage\"},\"image\":{\"@id\":\"https:\/\/spielwiese-werbetechnik.net\/index.php\/mit-traeger\/#primaryimage\"},\"thumbnailUrl\":\"https:\/\/spielwiese-werbetechnik.net\/wp-content\/uploads\/2023\/03\/digitalmittraeger-1024x555.png\",\"datePublished\":\"2023-02-09T08:56:02+00:00\",\"dateModified\":\"2023-03-08T11:47:32+00:00\",\"description\":\"Rei\u00dffeste PVC Banner mit\u00a0farbstarkem Digitaldruck.Preise ab 1 qm inkl. Druck und Konfektionierung zzgl. Daten\u00fcbernahmepauschale von 28,00 \u20ac\/Motiv. Bei h\u00f6heren St\u00fcckzahlen sind die Preise nochmals g\u00fcnstiger. Bitte fragen Sie an!\",\"breadcrumb\":{\"@id\":\"https:\/\/spielwiese-werbetechnik.net\/index.php\/mit-traeger\/#breadcrumb\"},\"inLanguage\":\"de\",\"potentialAction\":[{\"@type\":\"ReadAction\",\"target\":[\"https:\/\/spielwiese-werbetechnik.net\/index.php\/mit-traeger\/\"]}]},{\"@type\":\"ImageObject\",\"inLanguage\":\"de\",\"@id\":\"https:\/\/spielwiese-werbetechnik.net\/index.php\/mit-traeger\/#primaryimage\",\"url\":\"https:\/\/spielwiese-werbetechnik.net\/wp-content\/uploads\/2023\/03\/digitalmittraeger.png\",\"contentUrl\":\"https:\/\/spielwiese-werbetechnik.net\/wp-content\/uploads\/2023\/03\/digitalmittraeger.png\",\"width\":1291,\"height\":700},{\"@type\":\"BreadcrumbList\",\"@id\":\"https:\/\/spielwiese-werbetechnik.net\/index.php\/mit-traeger\/#breadcrumb\",\"itemListElement\":[{\"@type\":\"ListItem\",\"position\":1,\"name\":\"Startseite\",\"item\":\"https:\/\/spielwiese-werbetechnik.net\/\"},{\"@type\":\"ListItem\",\"position\":2,\"name\":\"Digitaldruck mit Tr\u00e4ger\"}]},{\"@type\":\"WebSite\",\"@id\":\"https:\/\/spielwiese-werbetechnik.net\/#website\",\"url\":\"https:\/\/spielwiese-werbetechnik.net\/\",\"name\":\"Hoffschmidt Werbeteam\",\"description\":\"sichtbar bessere Werbung!\",\"potentialAction\":[{\"@type\":\"SearchAction\",\"target\":{\"@type\":\"EntryPoint\",\"urlTemplate\":\"https:\/\/spielwiese-werbetechnik.net\/?s={search_term_string}\"},\"query-input\":{\"@type\":\"PropertyValueSpecification\",\"valueRequired\":true,\"valueName\":\"search_term_string\"}}],\"inLanguage\":\"de\"}]}<\/script>\n<!-- \/ Yoast SEO plugin. -->","yoast_head_json":{"title":"Digitaldruck mit Tr\u00e4ger - Hoffschmidt Werbeteam","description":"Rei\u00dffeste PVC Banner mit\u00a0farbstarkem Digitaldruck.Preise ab 1 qm inkl. Druck und Konfektionierung zzgl. Daten\u00fcbernahmepauschale von 28,00 \u20ac\/Motiv. Bei h\u00f6heren St\u00fcckzahlen sind die Preise nochmals g\u00fcnstiger. Bitte fragen Sie an!","robots":{"index":"noindex","follow":"follow","max-snippet":"max-snippet:-1","max-image-preview":"max-image-preview:large","max-video-preview":"max-video-preview:-1"},"og_locale":"de_DE","og_type":"article","og_title":"Digitaldruck mit Tr\u00e4ger - Hoffschmidt Werbeteam","og_description":"Rei\u00dffeste PVC Banner mit\u00a0farbstarkem Digitaldruck.Preise ab 1 qm inkl. Druck und Konfektionierung zzgl. Daten\u00fcbernahmepauschale von 28,00 \u20ac\/Motiv. Bei h\u00f6heren St\u00fcckzahlen sind die Preise nochmals g\u00fcnstiger. Bitte fragen Sie an!","og_url":"https:\/\/spielwiese-werbetechnik.net\/index.php\/mit-traeger\/","og_site_name":"Hoffschmidt Werbeteam","article_publisher":"https:\/\/www.facebook.com\/people\/Hoffschmidt-Werbeteam","article_modified_time":"2023-03-08T11:47:32+00:00","og_image":[{"url":"https:\/\/spielwiese-werbetechnik.net\/wp-content\/uploads\/2023\/03\/digitalmittraeger-1024x555.png","type":"","width":"","height":""}],"twitter_card":"summary_large_image","twitter_misc":{"Gesch\u00e4tzte Lesezeit":"2\u00a0Minuten"},"schema":{"@context":"https:\/\/schema.org","@graph":[{"@type":"WebPage","@id":"https:\/\/spielwiese-werbetechnik.net\/index.php\/mit-traeger\/","url":"https:\/\/spielwiese-werbetechnik.net\/index.php\/mit-traeger\/","name":"Digitaldruck mit Tr\u00e4ger - Hoffschmidt Werbeteam","isPartOf":{"@id":"https:\/\/spielwiese-werbetechnik.net\/#website"},"primaryImageOfPage":{"@id":"https:\/\/spielwiese-werbetechnik.net\/index.php\/mit-traeger\/#primaryimage"},"image":{"@id":"https:\/\/spielwiese-werbetechnik.net\/index.php\/mit-traeger\/#primaryimage"},"thumbnailUrl":"https:\/\/spielwiese-werbetechnik.net\/wp-content\/uploads\/2023\/03\/digitalmittraeger-1024x555.png","datePublished":"2023-02-09T08:56:02+00:00","dateModified":"2023-03-08T11:47:32+00:00","description":"Rei\u00dffeste PVC Banner mit\u00a0farbstarkem Digitaldruck.Preise ab 1 qm inkl. Druck und Konfektionierung zzgl. Daten\u00fcbernahmepauschale von 28,00 \u20ac\/Motiv. Bei h\u00f6heren St\u00fcckzahlen sind die Preise nochmals g\u00fcnstiger. Bitte fragen Sie an!","breadcrumb":{"@id":"https:\/\/spielwiese-werbetechnik.net\/index.php\/mit-traeger\/#breadcrumb"},"inLanguage":"de","potentialAction":[{"@type":"ReadAction","target":["https:\/\/spielwiese-werbetechnik.net\/index.php\/mit-traeger\/"]}]},{"@type":"ImageObject","inLanguage":"de","@id":"https:\/\/spielwiese-werbetechnik.net\/index.php\/mit-traeger\/#primaryimage","url":"https:\/\/spielwiese-werbetechnik.net\/wp-content\/uploads\/2023\/03\/digitalmittraeger.png","contentUrl":"https:\/\/spielwiese-werbetechnik.net\/wp-content\/uploads\/2023\/03\/digitalmittraeger.png","width":1291,"height":700},{"@type":"BreadcrumbList","@id":"https:\/\/spielwiese-werbetechnik.net\/index.php\/mit-traeger\/#breadcrumb","itemListElement":[{"@type":"ListItem","position":1,"name":"Startseite","item":"https:\/\/spielwiese-werbetechnik.net\/"},{"@type":"ListItem","position":2,"name":"Digitaldruck mit Tr\u00e4ger"}]},{"@type":"WebSite","@id":"https:\/\/spielwiese-werbetechnik.net\/#website","url":"https:\/\/spielwiese-werbetechnik.net\/","name":"Hoffschmidt Werbeteam","description":"sichtbar bessere Werbung!","potentialAction":[{"@type":"SearchAction","target":{"@type":"EntryPoint","urlTemplate":"https:\/\/spielwiese-werbetechnik.net\/?s={search_term_string}"},"query-input":{"@type":"PropertyValueSpecification","valueRequired":true,"valueName":"search_term_string"}}],"inLanguage":"de"}]}},"_links":{"self":[{"href":"https:\/\/spielwiese-werbetechnik.net\/index.php\/wp-json\/wp\/v2\/pages\/268","targetHints":{"allow":["GET"]}}],"collection":[{"href":"https:\/\/spielwiese-werbetechnik.net\/index.php\/wp-json\/wp\/v2\/pages"}],"about":[{"href":"https:\/\/spielwiese-werbetechnik.net\/index.php\/wp-json\/wp\/v2\/types\/page"}],"author":[{"embeddable":true,"href":"https:\/\/spielwiese-werbetechnik.net\/index.php\/wp-json\/wp\/v2\/users\/2"}],"replies":[{"embeddable":true,"href":"https:\/\/spielwiese-werbetechnik.net\/index.php\/wp-json\/wp\/v2\/comments?post=268"}],"version-history":[{"count":10,"href":"https:\/\/spielwiese-werbetechnik.net\/index.php\/wp-json\/wp\/v2\/pages\/268\/revisions"}],"predecessor-version":[{"id":1485,"href":"https:\/\/spielwiese-werbetechnik.net\/index.php\/wp-json\/wp\/v2\/pages\/268\/revisions\/1485"}],"wp:attachment":[{"href":"https:\/\/spielwiese-werbetechnik.net\/index.php\/wp-json\/wp\/v2\/media?parent=268"}],"curies":[{"name":"wp","href":"https:\/\/api.w.org\/{rel}","templated":true}]}}