{"id":296,"date":"2023-02-09T09:23:04","date_gmt":"2023-02-09T09:23:04","guid":{"rendered":"https:\/\/spielwiese-werbetechnik.net\/?page_id=296"},"modified":"2023-03-06T14:20:27","modified_gmt":"2023-03-06T14:20:27","slug":"drag-drop","status":"publish","type":"page","link":"https:\/\/spielwiese-werbetechnik.net\/index.php\/drag-drop\/","title":{"rendered":"Drag &#038; Drop"},"content":{"rendered":"\n<div id=\"wp-block-themeisle-blocks-advanced-columns-a2946a77\" class=\"wp-block-themeisle-blocks-advanced-columns alignfull has-2-columns has-desktop-equal-layout has-tablet-equal-layout has-mobile-collapsedRows-layout has-vertical-center ticss-a2946a77 has-dark-bg coblocks-animate\" data-coblocks-animation=\"slideInBottom\"><div class=\"wp-block-themeisle-blocks-advanced-columns-overlay\"><\/div><div class=\"innerblocks-wrap\">\n<div id=\"wp-block-themeisle-blocks-advanced-column-bbddf55b\" class=\"wp-block-themeisle-blocks-advanced-column\"><div class=\"wp-block-image\">\n<figure class=\"aligncenter size-large\"><img loading=\"lazy\" decoding=\"async\" width=\"1024\" height=\"598\" src=\"https:\/\/spielwiese-werbetechnik.net\/wp-content\/uploads\/2023\/03\/Drag-Drop-1024x598.png\" alt=\"Das Montagesystem Drag &amp; Drop ist f\u00fcr jedermann einfach bedienbar. Erst am Platz angebracht, l\u00e4sst sich der Banner jederzeit einfach auswechseln!\" class=\"wp-image-1240\" srcset=\"https:\/\/spielwiese-werbetechnik.net\/wp-content\/uploads\/2023\/03\/Drag-Drop-1024x598.png 1024w, https:\/\/spielwiese-werbetechnik.net\/wp-content\/uploads\/2023\/03\/Drag-Drop-300x175.png 300w, https:\/\/spielwiese-werbetechnik.net\/wp-content\/uploads\/2023\/03\/Drag-Drop-768x448.png 768w, https:\/\/spielwiese-werbetechnik.net\/wp-content\/uploads\/2023\/03\/Drag-Drop-1536x896.png 1536w, https:\/\/spielwiese-werbetechnik.net\/wp-content\/uploads\/2023\/03\/Drag-Drop-2048x1195.png 2048w\" sizes=\"auto, (max-width: 1024px) 100vw, 1024px\" \/><\/figure>\n<\/div><\/div>\n\n\n\n<div id=\"wp-block-themeisle-blocks-advanced-column-92b2db05\" class=\"wp-block-themeisle-blocks-advanced-column\">\n<h2 id=\"wp-block-themeisle-blocks-advanced-heading-8f1f2647\" class=\"wp-block-themeisle-blocks-advanced-heading wp-block-themeisle-blocks-advanced-heading-8f1f2647\">Drag &amp; Drop<\/h2>\n\n\n\n<p class=\"has-white-color has-text-color\">Das Montagesystem Drag &amp; Drop ist f\u00fcr jedermann einfach bedienbar. Erst am Platz angebracht, l\u00e4sst sich der Banner jederzeit einfach auswechseln!<\/p>\n<\/div>\n<\/div><\/div>\n\n\n\n<div style=\"height:30px\" aria-hidden=\"true\" class=\"wp-block-spacer\"><\/div>\n\n\n\n<div class=\"wp-block-columns coblocks-animate is-layout-flex wp-container-core-columns-is-layout-9d6595d7 wp-block-columns-is-layout-flex\" data-coblocks-animation=\"slideInBottom\">\n<div class=\"wp-block-column is-layout-flow wp-block-column-is-layout-flow\">\n<p class=\"has-text-align-center has-large-font-size has-custom-weight\" style=\"font-weight:bold\">Preis\u00fcbersicht<\/p>\n\n\n\n<table id=\"tablepress-21\" class=\"tablepress tablepress-id-21\">\n<tbody class=\"row-striping row-hover\">\n<tr class=\"row-1\">\n\t<td class=\"column-1\"><strong>Art.-Nr.<\/strong><\/td><td class=\"column-2\">Komponente<\/td><td class=\"column-3\">Euro\/lfm<\/td>\n<\/tr>\n<tr class=\"row-2\">\n\t<td class=\"column-1\"><strong>Artikelnummer 45010<br \/>\n+ Gr\u00f6\u00dfe des Banners angeben<\/strong><\/td><td class=\"column-2\">Rohrrahmen Preis<\/td><td class=\"column-3\">39,00 \u20ac\/m<\/td>\n<\/tr>\n<tr class=\"row-3\">\n\t<td class=\"column-1\"><\/td><td class=\"column-2\">Ecken (4 St\u00fcck im Paket \u00a0= 1 VE)<\/td><td class=\"column-3\">125,00 \u20ac\/m<\/td>\n<\/tr>\n<tr class=\"row-4\">\n\t<td class=\"column-1\"><\/td><td class=\"column-2\">Wandhalter (4 St\u00fcck im Paket = 1 VE)<\/td><td class=\"column-3\">87,00 \u20ac\/m<\/td>\n<\/tr>\n<\/tbody>\n<\/table>\n<!-- #tablepress-21 from cache -->\n\n\n<p class=\"has-text-align-center has-small-font-size\">Banner-Wechselrahmen (1-seitig wirkend)<br>silber eloxiert f\u00fcr \u00d6senabstand 500 mm<br>Keine zus\u00e4tzlichen Haken und Seile notwendig<br>Von einer Person zu wechseln<br>Fast jede Bannergr\u00f6\u00dfe m\u00f6glich<br>Bannerma\u00df umlaufend 130 mm kleiner<br>Frachtkosten auf Anfrage. Die Lieferung erfolgt vormontiert\/teilzerlegt.<\/p>\n\n\n\n<p class=\"has-text-align-center\">Preisbeispiel f\u00fcr Rahmengr\u00f6\u00dfe 3000 x 2000 mm:<br>3 x 2 lfm + 2,5 x 2 lfm (Rohr), + 1 VE (Ecken), +1 VE (Halter) = 10 x 39,00 \u20ac+ 125,00 \u20ac + 87,00 \u20ac = 602,00 \u20ac<\/p>\n<\/div>\n<\/div>\n\n\n\n<div style=\"height:30px\" aria-hidden=\"true\" class=\"wp-block-spacer\"><\/div>\n\n\n\n<div class=\"wp-block-essential-blocks-image-gallery coblocks-animate\" data-coblocks-animation=\"slideInBottom\"><div class=\"eb-parent-wrapper eb-parent-eb-image-gallery-wi83ak9 \"><div class=\"eb-gallery-img-wrapper eb-image-gallery-wi83ak9 grid overlay-bottom caption-style-0  \" data-id=\"eb-image-gallery-wi83ak9\"><a href=\"https:\/\/spielwiese-werbetechnik.net\/wp-content\/uploads\/2023\/03\/wall-in-werbebanner.jpg\" id=\"eb-gallery-img-content\" data-fslightbox=\"gallery\" data-type=\"image\" class=\"eb-gallery-img-content eb-filter-img-\"><span class=\"eb-gallery-link-wrapper\"><img decoding=\"async\" class=\"eb-gallery-img\" src=\"https:\/\/spielwiese-werbetechnik.net\/wp-content\/uploads\/2023\/03\/wall-in-werbebanner.jpg\" image-index=\"0\"\/><\/span><\/a><a href=\"https:\/\/spielwiese-werbetechnik.net\/wp-content\/uploads\/2023\/03\/wallon-rauch-werbebanner-spanntuch.jpg\" id=\"eb-gallery-img-content\" data-fslightbox=\"gallery\" data-type=\"image\" class=\"eb-gallery-img-content eb-filter-img-\"><span class=\"eb-gallery-link-wrapper\"><img decoding=\"async\" class=\"eb-gallery-img\" src=\"https:\/\/spielwiese-werbetechnik.net\/wp-content\/uploads\/2023\/03\/wallon-rauch-werbebanner-spanntuch.jpg\" image-index=\"1\"\/><\/span><\/a><a href=\"https:\/\/spielwiese-werbetechnik.net\/wp-content\/uploads\/2023\/03\/werbebanner-300x225-1.jpg\" id=\"eb-gallery-img-content\" data-fslightbox=\"gallery\" data-type=\"image\" class=\"eb-gallery-img-content eb-filter-img-\"><span class=\"eb-gallery-link-wrapper\"><img decoding=\"async\" class=\"eb-gallery-img\" src=\"https:\/\/spielwiese-werbetechnik.net\/wp-content\/uploads\/2023\/03\/werbebanner-300x225-1.jpg\" image-index=\"2\"\/><\/span><\/a><a href=\"https:\/\/spielwiese-werbetechnik.net\/wp-content\/uploads\/2023\/03\/werbebanner-hoexter-expert.jpg\" id=\"eb-gallery-img-content\" data-fslightbox=\"gallery\" data-type=\"image\" class=\"eb-gallery-img-content eb-filter-img-\"><span class=\"eb-gallery-link-wrapper\"><img decoding=\"async\" class=\"eb-gallery-img\" src=\"https:\/\/spielwiese-werbetechnik.net\/wp-content\/uploads\/2023\/03\/werbebanner-hoexter-expert.jpg\" image-index=\"3\"\/><\/span><\/a><a href=\"https:\/\/spielwiese-werbetechnik.net\/wp-content\/uploads\/2023\/03\/werbebanner-hoexter-expert3.jpg\" id=\"eb-gallery-img-content\" data-fslightbox=\"gallery\" data-type=\"image\" class=\"eb-gallery-img-content eb-filter-img-\"><span class=\"eb-gallery-link-wrapper\"><img decoding=\"async\" class=\"eb-gallery-img\" src=\"https:\/\/spielwiese-werbetechnik.net\/wp-content\/uploads\/2023\/03\/werbebanner-hoexter-expert3.jpg\" image-index=\"4\"\/><\/span><\/a><a href=\"https:\/\/spielwiese-werbetechnik.net\/wp-content\/uploads\/2023\/03\/werbebanner-hoexter-expert4.jpg\" id=\"eb-gallery-img-content\" data-fslightbox=\"gallery\" data-type=\"image\" class=\"eb-gallery-img-content eb-filter-img-\"><span class=\"eb-gallery-link-wrapper\"><img decoding=\"async\" class=\"eb-gallery-img\" src=\"https:\/\/spielwiese-werbetechnik.net\/wp-content\/uploads\/2023\/03\/werbebanner-hoexter-expert4.jpg\" image-index=\"5\"\/><\/span><\/a><\/div><\/div><\/div>\n","protected":false},"excerpt":{"rendered":"<p>Preis\u00fcbersicht Banner-Wechselrahmen (1-seitig wirkend)silber eloxiert f\u00fcr \u00d6senabstand 500 mmKeine zus\u00e4tzlichen Haken und Seile notwendigVon einer Person zu wechselnFast jede Bannergr\u00f6\u00dfe m\u00f6glichBannerma\u00df umlaufend 130 mm kleinerFrachtkosten auf Anfrage. Die Lieferung erfolgt vormontiert\/teilzerlegt. Preisbeispiel f\u00fcr Rahmengr\u00f6\u00dfe 3000 x 2000 mm:3 x 2 lfm + 2,5 x 2 lfm (Rohr), + 1 VE (Ecken), +1 VE (Halter) =&hellip;&nbsp;<a href=\"https:\/\/spielwiese-werbetechnik.net\/index.php\/drag-drop\/\" rel=\"bookmark\">Weiterlesen &raquo;<span class=\"screen-reader-text\">Drag &#038; Drop<\/span><\/a><\/p>\n","protected":false},"author":2,"featured_media":0,"parent":0,"menu_order":0,"comment_status":"closed","ping_status":"closed","template":"","meta":{"_coblocks_attr":"","_coblocks_dimensions":"","_coblocks_responsive_height":"","_coblocks_accordion_ie_support":"","_eb_attr":"","neve_meta_sidebar":"","neve_meta_container":"","neve_meta_enable_content_width":"","neve_meta_content_width":0,"neve_meta_title_alignment":"","neve_meta_author_avatar":"","neve_post_elements_order":"","neve_meta_disable_header":"off","neve_meta_disable_footer":"","neve_meta_disable_title":"on","_themeisle_gutenberg_block_has_review":false,"footnotes":""},"class_list":["post-296","page","type-page","status-publish","hentry"],"yoast_head":"<!-- This site is optimized with the Yoast SEO plugin v26.9 - https:\/\/yoast.com\/product\/yoast-seo-wordpress\/ -->\n<title>Drag &amp; Drop - Hoffschmidt Werbeteam<\/title>\n<meta name=\"description\" content=\"Das Montagesystem Drag &amp; Drop ist f\u00fcr jedermann einfach bedienbar. Erst am Platz angebracht, l\u00e4sst sich der Banner jederzeit einfach auswechseln!\" \/>\n<meta name=\"robots\" content=\"noindex, follow, max-snippet:-1, max-image-preview:large, max-video-preview:-1\" \/>\n<meta property=\"og:locale\" content=\"de_DE\" \/>\n<meta property=\"og:type\" content=\"article\" \/>\n<meta property=\"og:title\" content=\"Drag &amp; Drop - Hoffschmidt Werbeteam\" \/>\n<meta property=\"og:description\" content=\"Das Montagesystem Drag &amp; Drop ist f\u00fcr jedermann einfach bedienbar. Erst am Platz angebracht, l\u00e4sst sich der Banner jederzeit einfach auswechseln!\" \/>\n<meta property=\"og:url\" content=\"https:\/\/spielwiese-werbetechnik.net\/index.php\/drag-drop\/\" \/>\n<meta property=\"og:site_name\" content=\"Hoffschmidt Werbeteam\" \/>\n<meta property=\"article:publisher\" content=\"https:\/\/www.facebook.com\/people\/Hoffschmidt-Werbeteam\" \/>\n<meta property=\"article:modified_time\" content=\"2023-03-06T14:20:27+00:00\" \/>\n<meta property=\"og:image\" content=\"https:\/\/spielwiese-werbetechnik.net\/wp-content\/uploads\/2023\/03\/Drag-Drop-1024x598.png\" \/>\n<meta name=\"twitter:card\" content=\"summary_large_image\" \/>\n<meta name=\"twitter:label1\" content=\"Gesch\u00e4tzte Lesezeit\" \/>\n\t<meta name=\"twitter:data1\" content=\"2\u00a0Minuten\" \/>\n<script type=\"application\/ld+json\" class=\"yoast-schema-graph\">{\"@context\":\"https:\/\/schema.org\",\"@graph\":[{\"@type\":\"WebPage\",\"@id\":\"https:\/\/spielwiese-werbetechnik.net\/index.php\/drag-drop\/\",\"url\":\"https:\/\/spielwiese-werbetechnik.net\/index.php\/drag-drop\/\",\"name\":\"Drag & Drop - Hoffschmidt Werbeteam\",\"isPartOf\":{\"@id\":\"https:\/\/spielwiese-werbetechnik.net\/#website\"},\"primaryImageOfPage\":{\"@id\":\"https:\/\/spielwiese-werbetechnik.net\/index.php\/drag-drop\/#primaryimage\"},\"image\":{\"@id\":\"https:\/\/spielwiese-werbetechnik.net\/index.php\/drag-drop\/#primaryimage\"},\"thumbnailUrl\":\"https:\/\/spielwiese-werbetechnik.net\/wp-content\/uploads\/2023\/03\/Drag-Drop-1024x598.png\",\"datePublished\":\"2023-02-09T09:23:04+00:00\",\"dateModified\":\"2023-03-06T14:20:27+00:00\",\"description\":\"Das Montagesystem Drag & Drop ist f\u00fcr jedermann einfach bedienbar. Erst am Platz angebracht, l\u00e4sst sich der Banner jederzeit einfach auswechseln!\",\"breadcrumb\":{\"@id\":\"https:\/\/spielwiese-werbetechnik.net\/index.php\/drag-drop\/#breadcrumb\"},\"inLanguage\":\"de\",\"potentialAction\":[{\"@type\":\"ReadAction\",\"target\":[\"https:\/\/spielwiese-werbetechnik.net\/index.php\/drag-drop\/\"]}]},{\"@type\":\"ImageObject\",\"inLanguage\":\"de\",\"@id\":\"https:\/\/spielwiese-werbetechnik.net\/index.php\/drag-drop\/#primaryimage\",\"url\":\"https:\/\/spielwiese-werbetechnik.net\/wp-content\/uploads\/2023\/03\/Drag-Drop.png\",\"contentUrl\":\"https:\/\/spielwiese-werbetechnik.net\/wp-content\/uploads\/2023\/03\/Drag-Drop.png\",\"width\":2183,\"height\":1274},{\"@type\":\"BreadcrumbList\",\"@id\":\"https:\/\/spielwiese-werbetechnik.net\/index.php\/drag-drop\/#breadcrumb\",\"itemListElement\":[{\"@type\":\"ListItem\",\"position\":1,\"name\":\"Startseite\",\"item\":\"https:\/\/spielwiese-werbetechnik.net\/\"},{\"@type\":\"ListItem\",\"position\":2,\"name\":\"Drag &#038; Drop\"}]},{\"@type\":\"WebSite\",\"@id\":\"https:\/\/spielwiese-werbetechnik.net\/#website\",\"url\":\"https:\/\/spielwiese-werbetechnik.net\/\",\"name\":\"Hoffschmidt Werbeteam\",\"description\":\"sichtbar bessere Werbung!\",\"potentialAction\":[{\"@type\":\"SearchAction\",\"target\":{\"@type\":\"EntryPoint\",\"urlTemplate\":\"https:\/\/spielwiese-werbetechnik.net\/?s={search_term_string}\"},\"query-input\":{\"@type\":\"PropertyValueSpecification\",\"valueRequired\":true,\"valueName\":\"search_term_string\"}}],\"inLanguage\":\"de\"}]}<\/script>\n<!-- \/ Yoast SEO plugin. -->","yoast_head_json":{"title":"Drag & Drop - Hoffschmidt Werbeteam","description":"Das Montagesystem Drag & Drop ist f\u00fcr jedermann einfach bedienbar. Erst am Platz angebracht, l\u00e4sst sich der Banner jederzeit einfach auswechseln!","robots":{"index":"noindex","follow":"follow","max-snippet":"max-snippet:-1","max-image-preview":"max-image-preview:large","max-video-preview":"max-video-preview:-1"},"og_locale":"de_DE","og_type":"article","og_title":"Drag & Drop - Hoffschmidt Werbeteam","og_description":"Das Montagesystem Drag & Drop ist f\u00fcr jedermann einfach bedienbar. Erst am Platz angebracht, l\u00e4sst sich der Banner jederzeit einfach auswechseln!","og_url":"https:\/\/spielwiese-werbetechnik.net\/index.php\/drag-drop\/","og_site_name":"Hoffschmidt Werbeteam","article_publisher":"https:\/\/www.facebook.com\/people\/Hoffschmidt-Werbeteam","article_modified_time":"2023-03-06T14:20:27+00:00","og_image":[{"url":"https:\/\/spielwiese-werbetechnik.net\/wp-content\/uploads\/2023\/03\/Drag-Drop-1024x598.png","type":"","width":"","height":""}],"twitter_card":"summary_large_image","twitter_misc":{"Gesch\u00e4tzte Lesezeit":"2\u00a0Minuten"},"schema":{"@context":"https:\/\/schema.org","@graph":[{"@type":"WebPage","@id":"https:\/\/spielwiese-werbetechnik.net\/index.php\/drag-drop\/","url":"https:\/\/spielwiese-werbetechnik.net\/index.php\/drag-drop\/","name":"Drag & Drop - Hoffschmidt Werbeteam","isPartOf":{"@id":"https:\/\/spielwiese-werbetechnik.net\/#website"},"primaryImageOfPage":{"@id":"https:\/\/spielwiese-werbetechnik.net\/index.php\/drag-drop\/#primaryimage"},"image":{"@id":"https:\/\/spielwiese-werbetechnik.net\/index.php\/drag-drop\/#primaryimage"},"thumbnailUrl":"https:\/\/spielwiese-werbetechnik.net\/wp-content\/uploads\/2023\/03\/Drag-Drop-1024x598.png","datePublished":"2023-02-09T09:23:04+00:00","dateModified":"2023-03-06T14:20:27+00:00","description":"Das Montagesystem Drag & Drop ist f\u00fcr jedermann einfach bedienbar. Erst am Platz angebracht, l\u00e4sst sich der Banner jederzeit einfach auswechseln!","breadcrumb":{"@id":"https:\/\/spielwiese-werbetechnik.net\/index.php\/drag-drop\/#breadcrumb"},"inLanguage":"de","potentialAction":[{"@type":"ReadAction","target":["https:\/\/spielwiese-werbetechnik.net\/index.php\/drag-drop\/"]}]},{"@type":"ImageObject","inLanguage":"de","@id":"https:\/\/spielwiese-werbetechnik.net\/index.php\/drag-drop\/#primaryimage","url":"https:\/\/spielwiese-werbetechnik.net\/wp-content\/uploads\/2023\/03\/Drag-Drop.png","contentUrl":"https:\/\/spielwiese-werbetechnik.net\/wp-content\/uploads\/2023\/03\/Drag-Drop.png","width":2183,"height":1274},{"@type":"BreadcrumbList","@id":"https:\/\/spielwiese-werbetechnik.net\/index.php\/drag-drop\/#breadcrumb","itemListElement":[{"@type":"ListItem","position":1,"name":"Startseite","item":"https:\/\/spielwiese-werbetechnik.net\/"},{"@type":"ListItem","position":2,"name":"Drag &#038; Drop"}]},{"@type":"WebSite","@id":"https:\/\/spielwiese-werbetechnik.net\/#website","url":"https:\/\/spielwiese-werbetechnik.net\/","name":"Hoffschmidt Werbeteam","description":"sichtbar bessere Werbung!","potentialAction":[{"@type":"SearchAction","target":{"@type":"EntryPoint","urlTemplate":"https:\/\/spielwiese-werbetechnik.net\/?s={search_term_string}"},"query-input":{"@type":"PropertyValueSpecification","valueRequired":true,"valueName":"search_term_string"}}],"inLanguage":"de"}]}},"_links":{"self":[{"href":"https:\/\/spielwiese-werbetechnik.net\/index.php\/wp-json\/wp\/v2\/pages\/296","targetHints":{"allow":["GET"]}}],"collection":[{"href":"https:\/\/spielwiese-werbetechnik.net\/index.php\/wp-json\/wp\/v2\/pages"}],"about":[{"href":"https:\/\/spielwiese-werbetechnik.net\/index.php\/wp-json\/wp\/v2\/types\/page"}],"author":[{"embeddable":true,"href":"https:\/\/spielwiese-werbetechnik.net\/index.php\/wp-json\/wp\/v2\/users\/2"}],"replies":[{"embeddable":true,"href":"https:\/\/spielwiese-werbetechnik.net\/index.php\/wp-json\/wp\/v2\/comments?post=296"}],"version-history":[{"count":21,"href":"https:\/\/spielwiese-werbetechnik.net\/index.php\/wp-json\/wp\/v2\/pages\/296\/revisions"}],"predecessor-version":[{"id":1432,"href":"https:\/\/spielwiese-werbetechnik.net\/index.php\/wp-json\/wp\/v2\/pages\/296\/revisions\/1432"}],"wp:attachment":[{"href":"https:\/\/spielwiese-werbetechnik.net\/index.php\/wp-json\/wp\/v2\/media?parent=296"}],"curies":[{"name":"wp","href":"https:\/\/api.w.org\/{rel}","templated":true}]}}