{"id":301,"date":"2023-02-09T09:23:32","date_gmt":"2023-02-09T09:23:32","guid":{"rendered":"https:\/\/spielwiese-werbetechnik.net\/?page_id=301"},"modified":"2023-03-03T07:50:33","modified_gmt":"2023-03-03T07:50:33","slug":"wallout","status":"publish","type":"page","link":"https:\/\/spielwiese-werbetechnik.net\/index.php\/wallout\/","title":{"rendered":"WallOut"},"content":{"rendered":"\n<div id=\"wp-block-themeisle-blocks-advanced-columns-a2946a77\" class=\"wp-block-themeisle-blocks-advanced-columns alignfull has-2-columns has-desktop-equal-layout has-tablet-equal-layout has-mobile-collapsedRows-layout has-vertical-center ticss-a2946a77 has-dark-bg coblocks-animate\" data-coblocks-animation=\"slideInBottom\"><div class=\"wp-block-themeisle-blocks-advanced-columns-overlay\"><\/div><div class=\"innerblocks-wrap\">\n<div id=\"wp-block-themeisle-blocks-advanced-column-bbddf55b\" class=\"wp-block-themeisle-blocks-advanced-column\"><div class=\"wp-block-image\">\n<figure class=\"aligncenter size-large is-resized\"><img loading=\"lazy\" decoding=\"async\" src=\"https:\/\/spielwiese-werbetechnik.net\/wp-content\/uploads\/2023\/03\/WallOut-367x1024.png\" alt=\"Banner-Wechselrahmen des Typs WallOut ben\u00f6tigt keinerlei Haken\u00a0und Seile. Der Banner wird direkt in den Rahmen gespannt!\" class=\"wp-image-1185\" width=\"275\" height=\"768\" srcset=\"https:\/\/spielwiese-werbetechnik.net\/wp-content\/uploads\/2023\/03\/WallOut-367x1024.png 367w, https:\/\/spielwiese-werbetechnik.net\/wp-content\/uploads\/2023\/03\/WallOut-551x1536.png 551w, https:\/\/spielwiese-werbetechnik.net\/wp-content\/uploads\/2023\/03\/WallOut.png 728w\" sizes=\"auto, (max-width: 275px) 100vw, 275px\" \/><\/figure>\n<\/div><\/div>\n\n\n\n<div id=\"wp-block-themeisle-blocks-advanced-column-92b2db05\" class=\"wp-block-themeisle-blocks-advanced-column\">\n<h2 id=\"wp-block-themeisle-blocks-advanced-heading-8f1f2647\" class=\"wp-block-themeisle-blocks-advanced-heading wp-block-themeisle-blocks-advanced-heading-8f1f2647\">WallOut<\/h2>\n\n\n\n<p class=\"has-white-color has-text-color\">Banner-Wechselrahmen des Typs WallOut ben\u00f6tigt keinerlei Haken&nbsp;und Seile. Der Banner wird direkt in den Rahmen gespannt!<\/p>\n<\/div>\n<\/div><\/div>\n\n\n\n<div style=\"height:30px\" aria-hidden=\"true\" class=\"wp-block-spacer\"><\/div>\n\n\n\n<div class=\"wp-block-columns coblocks-animate is-layout-flex wp-container-core-columns-is-layout-9d6595d7 wp-block-columns-is-layout-flex\" data-coblocks-animation=\"slideInBottom\">\n<div class=\"wp-block-column is-layout-flow wp-block-column-is-layout-flow\">\n<p class=\"has-text-align-center has-large-font-size has-custom-weight\" style=\"font-weight:bold\">Preis\u00fcbersicht<\/p>\n\n\n\n<table id=\"tablepress-22\" class=\"tablepress tablepress-id-22\">\n<tbody class=\"row-striping row-hover\">\n<tr class=\"row-1\">\n\t<td class=\"column-1\"><strong>Wallout Edelstahl<\/strong><\/td><td class=\"column-2\"><\/td><td class=\"column-3\"><\/td>\n<\/tr>\n<tr class=\"row-2\">\n\t<td class=\"column-1\"><strong>Art.-Nr.<\/strong><\/td><td class=\"column-2\"><strong>Komponente<\/strong><\/td><td class=\"column-3\"><strong>Preis<\/strong><\/td>\n<\/tr>\n<tr class=\"row-3\">\n\t<td class=\"column-1\"><strong>3702<\/strong><\/td><td class=\"column-2\">500 mm<\/td><td class=\"column-3\">298,75\u00a0\u20ac<\/td>\n<\/tr>\n<tr class=\"row-4\">\n\t<td class=\"column-1\"><strong>3703<\/strong><\/td><td class=\"column-2\">600 mm<\/td><td class=\"column-3\">311,25\u00a0\u20ac<\/td>\n<\/tr>\n<tr class=\"row-5\">\n\t<td class=\"column-1\"><strong>3704<\/strong><\/td><td class=\"column-2\">800 mm<\/td><td class=\"column-3\">348,75\u00a0\u20ac<\/td>\n<\/tr>\n<tr class=\"row-6\">\n\t<td class=\"column-1\"><strong>3705<\/strong><\/td><td class=\"column-2\">1000 mm<\/td><td class=\"column-3\">373,75\u00a0\u20ac<\/td>\n<\/tr>\n<tr class=\"row-7\">\n\t<td class=\"column-1\"><strong>5560<\/strong><\/td><td class=\"column-2\">Doppelstrahler<\/td><td class=\"column-3\">273,75\u00a0\u20ac<\/td>\n<\/tr>\n<tr class=\"row-8\">\n\t<td class=\"column-1\"><strong>Wallout Aluminium<\/strong><\/td><td class=\"column-2\"><\/td><td class=\"column-3\"><\/td>\n<\/tr>\n<tr class=\"row-9\">\n\t<td class=\"column-1\"><strong>Art.-Nr.<\/strong><\/td><td class=\"column-2\"><strong>Komponente<\/strong><\/td><td class=\"column-3\"><strong>Preis<\/strong><\/td>\n<\/tr>\n<tr class=\"row-10\">\n\t<td class=\"column-1\"><strong>3702 A<\/strong><\/td><td class=\"column-2\">500 mm<\/td><td class=\"column-3\">218,75\u00a0\u20ac<\/td>\n<\/tr>\n<tr class=\"row-11\">\n\t<td class=\"column-1\"><strong>3703 A<\/strong><\/td><td class=\"column-2\">600 mm<\/td><td class=\"column-3\">243,75\u00a0\u20ac<\/td>\n<\/tr>\n<tr class=\"row-12\">\n\t<td class=\"column-1\"><strong>5560<\/strong><\/td><td class=\"column-2\">Doppelstrahler<\/td><td class=\"column-3\">273,75\u00a0\u20ac<\/td>\n<\/tr>\n<\/tbody>\n<\/table>\n<!-- #tablepress-22 from cache -->\n\n\n<p class=\"has-text-align-center has-small-font-size\">Banner-Wechselrahmen (beidseitig wirkend).<br>in Edelstahl oder in Aluminium nach RAL beschichtet erh\u00e4ltlich<br>Keine zus\u00e4tzlichen Haken und Seile notwendig<br>Von einer Person zu wechseln<br>Bis zu Bannergr\u00f6\u00dfen von ca. H = 3000 mm sinnvoll<br>(evtl. zus\u00e4tzliche Sicherungen\/Abspannungen notwenig)<br>Frachtkosten auf Anfrage. Die Lieferung erfolgt vormontiert\/teilzerlegt.<br>Preis gilt f\u00fcr 2 Halterungen (1 VE)<\/p>\n<\/div>\n<\/div>\n\n\n\n<div style=\"height:31px\" aria-hidden=\"true\" class=\"wp-block-spacer\"><\/div>\n\n\n\n<div class=\"wp-block-columns coblocks-animate is-layout-flex wp-container-core-columns-is-layout-9d6595d7 wp-block-columns-is-layout-flex\" data-coblocks-animation=\"slideInBottom\">\n<div class=\"wp-block-column is-layout-flow wp-block-column-is-layout-flow\">\n<p class=\"has-text-align-center has-large-font-size has-custom-weight\" style=\"font-weight:bold\">Bestellen Sie bitte auch gleich den passenden Banner dazu<\/p>\n\n\n\n<p class=\"has-text-align-center has-small-font-size\">Banner wahlweise PVC-Plane (600g\/m\u00b3) oder Mesh (350g\/m\u00b3) komplett beidseitig 4-farbig digital bedruckt und konfektioniert<\/p>\n\n\n\n<table id=\"tablepress-23\" class=\"tablepress tablepress-id-23\">\n<tbody class=\"row-striping row-hover\">\n<tr class=\"row-1\">\n\t<td class=\"column-1\"><strong>Art.-Nr.<\/strong><\/td><td class=\"column-2\"><strong>Ma\u00dfe in Breite x H\u00f6he<\/strong><\/td><td class=\"column-3\"><strong>Preis<\/strong><\/td>\n<\/tr>\n<tr class=\"row-2\">\n\t<td class=\"column-1\"><strong>Artikelnummer\u00a056001<br \/>\n+ Gr\u00f6\u00dfe des Banners angeben<\/strong><\/td><td class=\"column-2\">50 x 100 cm<\/td><td class=\"column-3\">25,00\u00a0\u20ac<\/td>\n<\/tr>\n<tr class=\"row-3\">\n\t<td class=\"column-1\"><\/td><td class=\"column-2\">50 x 200 cm<\/td><td class=\"column-3\">50,00\u00a0\u20ac<\/td>\n<\/tr>\n<tr class=\"row-4\">\n\t<td class=\"column-1\"><\/td><td class=\"column-2\">50 x 300 cm<\/td><td class=\"column-3\">75,00\u00a0\u20ac<\/td>\n<\/tr>\n<tr class=\"row-5\">\n\t<td class=\"column-1\"><\/td><td class=\"column-2\">60 x 100 cm<\/td><td class=\"column-3\">30,00\u00a0\u20ac<\/td>\n<\/tr>\n<tr class=\"row-6\">\n\t<td class=\"column-1\"><\/td><td class=\"column-2\">60 x 200 cm<\/td><td class=\"column-3\">60,00\u00a0\u20ac<\/td>\n<\/tr>\n<tr class=\"row-7\">\n\t<td class=\"column-1\"><\/td><td class=\"column-2\">60 x 300 cm<\/td><td class=\"column-3\">96,25\u00a0\u20ac<\/td>\n<\/tr>\n<tr class=\"row-8\">\n\t<td class=\"column-1\"><\/td><td class=\"column-2\">80 x 200 cm<\/td><td class=\"column-3\">80,00\u00a0\u20ac<\/td>\n<\/tr>\n<tr class=\"row-9\">\n\t<td class=\"column-1\"><\/td><td class=\"column-2\">80 x 300 cm<\/td><td class=\"column-3\">120,00\u00a0\u20ac<\/td>\n<\/tr>\n<tr class=\"row-10\">\n\t<td class=\"column-1\"><\/td><td class=\"column-2\">100 x 200 cm<\/td><td class=\"column-3\">100,00\u00a0\u20ac<\/td>\n<\/tr>\n<tr class=\"row-11\">\n\t<td class=\"column-1\"><\/td><td class=\"column-2\">100 x 300 cm<\/td><td class=\"column-3\">150,00\u00a0\u20ac<\/td>\n<\/tr>\n<tr class=\"row-12\">\n\t<td class=\"column-1\"><\/td><td class=\"column-2\">100 x 400 cm<\/td><td class=\"column-3\">200,00\u00a0\u20ac<\/td>\n<\/tr>\n<\/tbody>\n<\/table>\n<!-- #tablepress-23 from cache -->\n\n\n<p class=\"has-text-align-center has-small-font-size\">Bitte w\u00e4hlen Sie aus statischen Gr\u00fcnden das richtige WallOut\/Meterial f\u00fcr die richtige Gr\u00f6\u00dfe und achten Sie bitte auf einwandfreie Montage. <br>Wir \u00fcbernehmen keinerlei Haftung f\u00fcr unsachgem\u00e4\u00dfe Auswahl und Handhabung.<br>Datenpauschale 28,00 \u20ac\/Motiv.<br>Preise + MWSt., Verpackt, Versand.<\/p>\n<\/div>\n<\/div>\n","protected":false},"excerpt":{"rendered":"<p>Preis\u00fcbersicht Banner-Wechselrahmen (beidseitig wirkend).in Edelstahl oder in Aluminium nach RAL beschichtet erh\u00e4ltlichKeine zus\u00e4tzlichen Haken und Seile notwendigVon einer Person zu wechselnBis zu Bannergr\u00f6\u00dfen von ca. H = 3000 mm sinnvoll(evtl. zus\u00e4tzliche Sicherungen\/Abspannungen notwenig)Frachtkosten auf Anfrage. Die Lieferung erfolgt vormontiert\/teilzerlegt.Preis gilt f\u00fcr 2 Halterungen (1 VE) Bestellen Sie bitte auch gleich den passenden Banner dazu Banner&hellip;&nbsp;<a href=\"https:\/\/spielwiese-werbetechnik.net\/index.php\/wallout\/\" rel=\"bookmark\">Weiterlesen &raquo;<span class=\"screen-reader-text\">WallOut<\/span><\/a><\/p>\n","protected":false},"author":2,"featured_media":0,"parent":0,"menu_order":0,"comment_status":"closed","ping_status":"closed","template":"","meta":{"_coblocks_attr":"","_coblocks_dimensions":"","_coblocks_responsive_height":"","_coblocks_accordion_ie_support":"","_eb_attr":"","neve_meta_sidebar":"","neve_meta_container":"","neve_meta_enable_content_width":"","neve_meta_content_width":0,"neve_meta_title_alignment":"","neve_meta_author_avatar":"","neve_post_elements_order":"","neve_meta_disable_header":"","neve_meta_disable_footer":"","neve_meta_disable_title":"","_themeisle_gutenberg_block_has_review":false,"footnotes":""},"class_list":["post-301","page","type-page","status-publish","hentry"],"yoast_head":"<!-- This site is optimized with the Yoast SEO plugin v26.9 - https:\/\/yoast.com\/product\/yoast-seo-wordpress\/ -->\n<title>WallOut - Hoffschmidt Werbeteam<\/title>\n<meta name=\"description\" content=\"Banner-Wechselrahmen des Typs WallOut ben\u00f6tigt keinerlei Haken\u00a0und Seile. Der Banner wird direkt in den Rahmen gespannt!\" \/>\n<meta name=\"robots\" content=\"noindex, follow, max-snippet:-1, max-image-preview:large, max-video-preview:-1\" \/>\n<meta property=\"og:locale\" content=\"de_DE\" \/>\n<meta property=\"og:type\" content=\"article\" \/>\n<meta property=\"og:title\" content=\"WallOut - Hoffschmidt Werbeteam\" \/>\n<meta property=\"og:description\" content=\"Banner-Wechselrahmen des Typs WallOut ben\u00f6tigt keinerlei Haken\u00a0und Seile. Der Banner wird direkt in den Rahmen gespannt!\" \/>\n<meta property=\"og:url\" content=\"https:\/\/spielwiese-werbetechnik.net\/index.php\/wallout\/\" \/>\n<meta property=\"og:site_name\" content=\"Hoffschmidt Werbeteam\" \/>\n<meta property=\"article:publisher\" content=\"https:\/\/www.facebook.com\/people\/Hoffschmidt-Werbeteam\" \/>\n<meta property=\"article:modified_time\" content=\"2023-03-03T07:50:33+00:00\" \/>\n<meta property=\"og:image\" content=\"https:\/\/spielwiese-werbetechnik.net\/wp-content\/uploads\/2023\/03\/WallOut-367x1024.png\" \/>\n<meta name=\"twitter:card\" content=\"summary_large_image\" \/>\n<meta name=\"twitter:label1\" content=\"Gesch\u00e4tzte Lesezeit\" \/>\n\t<meta name=\"twitter:data1\" content=\"1\u00a0Minute\" \/>\n<script type=\"application\/ld+json\" class=\"yoast-schema-graph\">{\"@context\":\"https:\/\/schema.org\",\"@graph\":[{\"@type\":\"WebPage\",\"@id\":\"https:\/\/spielwiese-werbetechnik.net\/index.php\/wallout\/\",\"url\":\"https:\/\/spielwiese-werbetechnik.net\/index.php\/wallout\/\",\"name\":\"WallOut - Hoffschmidt Werbeteam\",\"isPartOf\":{\"@id\":\"https:\/\/spielwiese-werbetechnik.net\/#website\"},\"primaryImageOfPage\":{\"@id\":\"https:\/\/spielwiese-werbetechnik.net\/index.php\/wallout\/#primaryimage\"},\"image\":{\"@id\":\"https:\/\/spielwiese-werbetechnik.net\/index.php\/wallout\/#primaryimage\"},\"thumbnailUrl\":\"https:\/\/spielwiese-werbetechnik.net\/wp-content\/uploads\/2023\/03\/WallOut-367x1024.png\",\"datePublished\":\"2023-02-09T09:23:32+00:00\",\"dateModified\":\"2023-03-03T07:50:33+00:00\",\"description\":\"Banner-Wechselrahmen des Typs WallOut ben\u00f6tigt keinerlei Haken\u00a0und Seile. Der Banner wird direkt in den Rahmen gespannt!\",\"breadcrumb\":{\"@id\":\"https:\/\/spielwiese-werbetechnik.net\/index.php\/wallout\/#breadcrumb\"},\"inLanguage\":\"de\",\"potentialAction\":[{\"@type\":\"ReadAction\",\"target\":[\"https:\/\/spielwiese-werbetechnik.net\/index.php\/wallout\/\"]}]},{\"@type\":\"ImageObject\",\"inLanguage\":\"de\",\"@id\":\"https:\/\/spielwiese-werbetechnik.net\/index.php\/wallout\/#primaryimage\",\"url\":\"https:\/\/spielwiese-werbetechnik.net\/wp-content\/uploads\/2023\/03\/WallOut.png\",\"contentUrl\":\"https:\/\/spielwiese-werbetechnik.net\/wp-content\/uploads\/2023\/03\/WallOut.png\",\"width\":728,\"height\":2031},{\"@type\":\"BreadcrumbList\",\"@id\":\"https:\/\/spielwiese-werbetechnik.net\/index.php\/wallout\/#breadcrumb\",\"itemListElement\":[{\"@type\":\"ListItem\",\"position\":1,\"name\":\"Startseite\",\"item\":\"https:\/\/spielwiese-werbetechnik.net\/\"},{\"@type\":\"ListItem\",\"position\":2,\"name\":\"WallOut\"}]},{\"@type\":\"WebSite\",\"@id\":\"https:\/\/spielwiese-werbetechnik.net\/#website\",\"url\":\"https:\/\/spielwiese-werbetechnik.net\/\",\"name\":\"Hoffschmidt Werbeteam\",\"description\":\"sichtbar bessere Werbung!\",\"potentialAction\":[{\"@type\":\"SearchAction\",\"target\":{\"@type\":\"EntryPoint\",\"urlTemplate\":\"https:\/\/spielwiese-werbetechnik.net\/?s={search_term_string}\"},\"query-input\":{\"@type\":\"PropertyValueSpecification\",\"valueRequired\":true,\"valueName\":\"search_term_string\"}}],\"inLanguage\":\"de\"}]}<\/script>\n<!-- \/ Yoast SEO plugin. -->","yoast_head_json":{"title":"WallOut - Hoffschmidt Werbeteam","description":"Banner-Wechselrahmen des Typs WallOut ben\u00f6tigt keinerlei Haken\u00a0und Seile. Der Banner wird direkt in den Rahmen gespannt!","robots":{"index":"noindex","follow":"follow","max-snippet":"max-snippet:-1","max-image-preview":"max-image-preview:large","max-video-preview":"max-video-preview:-1"},"og_locale":"de_DE","og_type":"article","og_title":"WallOut - Hoffschmidt Werbeteam","og_description":"Banner-Wechselrahmen des Typs WallOut ben\u00f6tigt keinerlei Haken\u00a0und Seile. Der Banner wird direkt in den Rahmen gespannt!","og_url":"https:\/\/spielwiese-werbetechnik.net\/index.php\/wallout\/","og_site_name":"Hoffschmidt Werbeteam","article_publisher":"https:\/\/www.facebook.com\/people\/Hoffschmidt-Werbeteam","article_modified_time":"2023-03-03T07:50:33+00:00","og_image":[{"url":"https:\/\/spielwiese-werbetechnik.net\/wp-content\/uploads\/2023\/03\/WallOut-367x1024.png","type":"","width":"","height":""}],"twitter_card":"summary_large_image","twitter_misc":{"Gesch\u00e4tzte Lesezeit":"1\u00a0Minute"},"schema":{"@context":"https:\/\/schema.org","@graph":[{"@type":"WebPage","@id":"https:\/\/spielwiese-werbetechnik.net\/index.php\/wallout\/","url":"https:\/\/spielwiese-werbetechnik.net\/index.php\/wallout\/","name":"WallOut - Hoffschmidt Werbeteam","isPartOf":{"@id":"https:\/\/spielwiese-werbetechnik.net\/#website"},"primaryImageOfPage":{"@id":"https:\/\/spielwiese-werbetechnik.net\/index.php\/wallout\/#primaryimage"},"image":{"@id":"https:\/\/spielwiese-werbetechnik.net\/index.php\/wallout\/#primaryimage"},"thumbnailUrl":"https:\/\/spielwiese-werbetechnik.net\/wp-content\/uploads\/2023\/03\/WallOut-367x1024.png","datePublished":"2023-02-09T09:23:32+00:00","dateModified":"2023-03-03T07:50:33+00:00","description":"Banner-Wechselrahmen des Typs WallOut ben\u00f6tigt keinerlei Haken\u00a0und Seile. Der Banner wird direkt in den Rahmen gespannt!","breadcrumb":{"@id":"https:\/\/spielwiese-werbetechnik.net\/index.php\/wallout\/#breadcrumb"},"inLanguage":"de","potentialAction":[{"@type":"ReadAction","target":["https:\/\/spielwiese-werbetechnik.net\/index.php\/wallout\/"]}]},{"@type":"ImageObject","inLanguage":"de","@id":"https:\/\/spielwiese-werbetechnik.net\/index.php\/wallout\/#primaryimage","url":"https:\/\/spielwiese-werbetechnik.net\/wp-content\/uploads\/2023\/03\/WallOut.png","contentUrl":"https:\/\/spielwiese-werbetechnik.net\/wp-content\/uploads\/2023\/03\/WallOut.png","width":728,"height":2031},{"@type":"BreadcrumbList","@id":"https:\/\/spielwiese-werbetechnik.net\/index.php\/wallout\/#breadcrumb","itemListElement":[{"@type":"ListItem","position":1,"name":"Startseite","item":"https:\/\/spielwiese-werbetechnik.net\/"},{"@type":"ListItem","position":2,"name":"WallOut"}]},{"@type":"WebSite","@id":"https:\/\/spielwiese-werbetechnik.net\/#website","url":"https:\/\/spielwiese-werbetechnik.net\/","name":"Hoffschmidt Werbeteam","description":"sichtbar bessere Werbung!","potentialAction":[{"@type":"SearchAction","target":{"@type":"EntryPoint","urlTemplate":"https:\/\/spielwiese-werbetechnik.net\/?s={search_term_string}"},"query-input":{"@type":"PropertyValueSpecification","valueRequired":true,"valueName":"search_term_string"}}],"inLanguage":"de"}]}},"_links":{"self":[{"href":"https:\/\/spielwiese-werbetechnik.net\/index.php\/wp-json\/wp\/v2\/pages\/301","targetHints":{"allow":["GET"]}}],"collection":[{"href":"https:\/\/spielwiese-werbetechnik.net\/index.php\/wp-json\/wp\/v2\/pages"}],"about":[{"href":"https:\/\/spielwiese-werbetechnik.net\/index.php\/wp-json\/wp\/v2\/types\/page"}],"author":[{"embeddable":true,"href":"https:\/\/spielwiese-werbetechnik.net\/index.php\/wp-json\/wp\/v2\/users\/2"}],"replies":[{"embeddable":true,"href":"https:\/\/spielwiese-werbetechnik.net\/index.php\/wp-json\/wp\/v2\/comments?post=301"}],"version-history":[{"count":7,"href":"https:\/\/spielwiese-werbetechnik.net\/index.php\/wp-json\/wp\/v2\/pages\/301\/revisions"}],"predecessor-version":[{"id":1273,"href":"https:\/\/spielwiese-werbetechnik.net\/index.php\/wp-json\/wp\/v2\/pages\/301\/revisions\/1273"}],"wp:attachment":[{"href":"https:\/\/spielwiese-werbetechnik.net\/index.php\/wp-json\/wp\/v2\/media?parent=301"}],"curies":[{"name":"wp","href":"https:\/\/api.w.org\/{rel}","templated":true}]}}