{"id":321,"date":"2023-02-09T09:26:43","date_gmt":"2023-02-09T09:26:43","guid":{"rendered":"https:\/\/spielwiese-werbetechnik.net\/?page_id=321"},"modified":"2023-03-06T07:45:34","modified_gmt":"2023-03-06T07:45:34","slug":"laserschnitt","status":"publish","type":"page","link":"https:\/\/spielwiese-werbetechnik.net\/index.php\/laserschnitt\/","title":{"rendered":"Laserschnitt"},"content":{"rendered":"\n<p><\/p>\n\n\n\n<p class=\"coblocks-animate has-custom-weight\" style=\"font-weight:bold;font-size:35px\" data-coblocks-animation=\"slideInBottom\">Lasergravur und Laserschnitt<\/p>\n\n\n\n<p class=\"coblocks-animate\" data-coblocks-animation=\"slideInBottom\">Mit einer Lasergravur lassen sich verschiedene Materialien wie Holz, Acrylglas und Natursandstein bearbeiten, beschriften und mit Bildern versehen.<br>Diese Hingucker eignen sich auch hervorragend als Geschenkidee oder als individuelle Dekoration f\u00fcr Ihre Gesch\u00e4ftsr\u00e4ume.<\/p>\n\n\n\n<div aria-label=\"Carousel Gallery\" class=\"wp-block-coblocks-gallery-carousel alignwide coblocks-animate\" data-coblocks-animation=\"slideInBottom\"><div class=\"coblocks-gallery-carousel-swiper-container is-cropped coblocks-gallery has-border-radius-4 has-caption-style-dark has-horizontal-gutter has-lightbox has-no-thumbnails\"><div class=\"has-carousel has-carousel-med swiper-container has-aligned-cells has-responsive-height\" data-swiper=\"{&quot;alignCells&quot;:true,&quot;autoPlay&quot;:true,&quot;autoPlaySpeed&quot;:3000,&quot;draggable&quot;:false,&quot;freeMode&quot;:false,&quot;loop&quot;:true,&quot;navigation&quot;:false,&quot;pageDots&quot;:false,&quot;pauseHover&quot;:true,&quot;responsiveHeight&quot;:true,&quot;slidesPerView&quot;:4,&quot;thumbnails&quot;:false,&quot;uuid&quot;:&quot;12345&quot;}\" style=\"height:400px\"><div class=\"swiper-wrapper\"><div class=\"swiper-slide\"><div class=\"coblocks-gallery--item\" role=\"button\" tabindex=\"0\"><figure class=\"coblocks-gallery--figure has-margin-left-5 has-margin-left-mobile-5 has-margin-right-5 has-margin-right-mobile-5\"><img loading=\"lazy\" decoding=\"async\" width=\"1024\" height=\"768\" alt=\"\" class=\"wp-image-861\" data-id=\"861\" data-link=\"https:\/\/spielwiese-werbetechnik.net\/index.php\/laserschnitt\/lasergravur-auf-sandstein\/\" src=\"https:\/\/spielwiese-werbetechnik.net\/wp-content\/uploads\/2023\/02\/lasergravur-auf-sandstein-1024x768.jpg\" srcset=\"https:\/\/spielwiese-werbetechnik.net\/wp-content\/uploads\/2023\/02\/lasergravur-auf-sandstein-1024x768.jpg 1024w, https:\/\/spielwiese-werbetechnik.net\/wp-content\/uploads\/2023\/02\/lasergravur-auf-sandstein-300x225.jpg 300w, https:\/\/spielwiese-werbetechnik.net\/wp-content\/uploads\/2023\/02\/lasergravur-auf-sandstein-768x576.jpg 768w, https:\/\/spielwiese-werbetechnik.net\/wp-content\/uploads\/2023\/02\/lasergravur-auf-sandstein-1536x1152.jpg 1536w, https:\/\/spielwiese-werbetechnik.net\/wp-content\/uploads\/2023\/02\/lasergravur-auf-sandstein-2048x1536.jpg 2048w\" sizes=\"auto, (max-width: 1024px) 100vw, 1024px\" \/><\/figure><figcaption class=\"coblocks-gallery--caption coblocks-gallery--primary-caption\"><\/figcaption><\/div><\/div><div class=\"swiper-slide\"><div class=\"coblocks-gallery--item\" role=\"button\" tabindex=\"1\"><figure class=\"coblocks-gallery--figure has-margin-left-5 has-margin-left-mobile-5 has-margin-right-5 has-margin-right-mobile-5\"><img loading=\"lazy\" decoding=\"async\" width=\"768\" height=\"1024\" alt=\"\" class=\"wp-image-860\" data-id=\"860\" data-link=\"https:\/\/spielwiese-werbetechnik.net\/index.php\/laserschnitt\/dsc_7486\/\" src=\"https:\/\/spielwiese-werbetechnik.net\/wp-content\/uploads\/2023\/02\/DSC_7486-768x1024.jpg\" srcset=\"https:\/\/spielwiese-werbetechnik.net\/wp-content\/uploads\/2023\/02\/DSC_7486-768x1024.jpg 768w, https:\/\/spielwiese-werbetechnik.net\/wp-content\/uploads\/2023\/02\/DSC_7486-225x300.jpg 225w, https:\/\/spielwiese-werbetechnik.net\/wp-content\/uploads\/2023\/02\/DSC_7486-1152x1536.jpg 1152w, https:\/\/spielwiese-werbetechnik.net\/wp-content\/uploads\/2023\/02\/DSC_7486-1536x2048.jpg 1536w, https:\/\/spielwiese-werbetechnik.net\/wp-content\/uploads\/2023\/02\/DSC_7486-scaled.jpg 1920w\" sizes=\"auto, (max-width: 768px) 100vw, 768px\" \/><\/figure><figcaption class=\"coblocks-gallery--caption coblocks-gallery--primary-caption\"><\/figcaption><\/div><\/div><div class=\"swiper-slide\"><div class=\"coblocks-gallery--item\" role=\"button\" tabindex=\"2\"><figure class=\"coblocks-gallery--figure has-margin-left-5 has-margin-left-mobile-5 has-margin-right-5 has-margin-right-mobile-5\"><img loading=\"lazy\" decoding=\"async\" width=\"1024\" height=\"495\" alt=\"\" class=\"wp-image-859\" data-id=\"859\" data-link=\"https:\/\/spielwiese-werbetechnik.net\/index.php\/laserschnitt\/lasergravur_plexi_5mm-1024x495-1\/\" src=\"https:\/\/spielwiese-werbetechnik.net\/wp-content\/uploads\/2023\/02\/Lasergravur_Plexi_5mm-1024x495-1.png\" srcset=\"https:\/\/spielwiese-werbetechnik.net\/wp-content\/uploads\/2023\/02\/Lasergravur_Plexi_5mm-1024x495-1.png 1024w, https:\/\/spielwiese-werbetechnik.net\/wp-content\/uploads\/2023\/02\/Lasergravur_Plexi_5mm-1024x495-1-300x145.png 300w, https:\/\/spielwiese-werbetechnik.net\/wp-content\/uploads\/2023\/02\/Lasergravur_Plexi_5mm-1024x495-1-768x371.png 768w\" sizes=\"auto, (max-width: 1024px) 100vw, 1024px\" \/><\/figure><figcaption class=\"coblocks-gallery--caption coblocks-gallery--primary-caption\"><\/figcaption><\/div><\/div><div class=\"swiper-slide\"><div class=\"coblocks-gallery--item\" role=\"button\" tabindex=\"3\"><figure class=\"coblocks-gallery--figure has-margin-left-5 has-margin-left-mobile-5 has-margin-right-5 has-margin-right-mobile-5\"><img loading=\"lazy\" decoding=\"async\" width=\"1024\" height=\"681\" alt=\"\" class=\"wp-image-858\" data-id=\"858\" data-link=\"https:\/\/spielwiese-werbetechnik.net\/index.php\/laserschnitt\/bild-gelasert_1\/\" src=\"https:\/\/spielwiese-werbetechnik.net\/wp-content\/uploads\/2023\/02\/Bild-Gelasert_1-1024x681.jpg\" srcset=\"https:\/\/spielwiese-werbetechnik.net\/wp-content\/uploads\/2023\/02\/Bild-Gelasert_1-1024x681.jpg 1024w, https:\/\/spielwiese-werbetechnik.net\/wp-content\/uploads\/2023\/02\/Bild-Gelasert_1-300x200.jpg 300w, https:\/\/spielwiese-werbetechnik.net\/wp-content\/uploads\/2023\/02\/Bild-Gelasert_1-768x511.jpg 768w, https:\/\/spielwiese-werbetechnik.net\/wp-content\/uploads\/2023\/02\/Bild-Gelasert_1-1536x1022.jpg 1536w, https:\/\/spielwiese-werbetechnik.net\/wp-content\/uploads\/2023\/02\/Bild-Gelasert_1-2048x1363.jpg 2048w\" sizes=\"auto, (max-width: 1024px) 100vw, 1024px\" \/><\/figure><figcaption class=\"coblocks-gallery--caption coblocks-gallery--primary-caption\"><\/figcaption><\/div><\/div><div class=\"swiper-slide\"><div class=\"coblocks-gallery--item\" role=\"button\" tabindex=\"4\"><figure class=\"coblocks-gallery--figure has-margin-left-5 has-margin-left-mobile-5 has-margin-right-5 has-margin-right-mobile-5\"><img loading=\"lazy\" decoding=\"async\" width=\"768\" height=\"1024\" alt=\"\" class=\"wp-image-857\" data-id=\"857\" data-link=\"https:\/\/spielwiese-werbetechnik.net\/index.php\/laserschnitt\/laserschnitt-2\/\" src=\"https:\/\/spielwiese-werbetechnik.net\/wp-content\/uploads\/2023\/02\/laserschnitt-768x1024.jpg\" srcset=\"https:\/\/spielwiese-werbetechnik.net\/wp-content\/uploads\/2023\/02\/laserschnitt-768x1024.jpg 768w, https:\/\/spielwiese-werbetechnik.net\/wp-content\/uploads\/2023\/02\/laserschnitt-225x300.jpg 225w, https:\/\/spielwiese-werbetechnik.net\/wp-content\/uploads\/2023\/02\/laserschnitt-1152x1536.jpg 1152w, https:\/\/spielwiese-werbetechnik.net\/wp-content\/uploads\/2023\/02\/laserschnitt-1536x2048.jpg 1536w, https:\/\/spielwiese-werbetechnik.net\/wp-content\/uploads\/2023\/02\/laserschnitt-scaled.jpg 1920w\" sizes=\"auto, (max-width: 768px) 100vw, 768px\" \/><\/figure><figcaption class=\"coblocks-gallery--caption coblocks-gallery--primary-caption\"><\/figcaption><\/div><\/div><div class=\"swiper-slide\"><div class=\"coblocks-gallery--item\" role=\"button\" tabindex=\"5\"><figure class=\"coblocks-gallery--figure has-margin-left-5 has-margin-left-mobile-5 has-margin-right-5 has-margin-right-mobile-5\"><img loading=\"lazy\" decoding=\"async\" width=\"1024\" height=\"768\" alt=\"\" class=\"wp-image-849\" data-id=\"849\" data-link=\"https:\/\/spielwiese-werbetechnik.net\/index.php\/gelagerte-buchstaben\/gelaserte-buchstaben\/\" src=\"https:\/\/spielwiese-werbetechnik.net\/wp-content\/uploads\/2023\/02\/Gelaserte-Buchstaben-1024x768.jpg\" srcset=\"https:\/\/spielwiese-werbetechnik.net\/wp-content\/uploads\/2023\/02\/Gelaserte-Buchstaben-1024x768.jpg 1024w, https:\/\/spielwiese-werbetechnik.net\/wp-content\/uploads\/2023\/02\/Gelaserte-Buchstaben-300x225.jpg 300w, https:\/\/spielwiese-werbetechnik.net\/wp-content\/uploads\/2023\/02\/Gelaserte-Buchstaben-768x576.jpg 768w, https:\/\/spielwiese-werbetechnik.net\/wp-content\/uploads\/2023\/02\/Gelaserte-Buchstaben-1536x1152.jpg 1536w, https:\/\/spielwiese-werbetechnik.net\/wp-content\/uploads\/2023\/02\/Gelaserte-Buchstaben-2048x1536.jpg 2048w\" sizes=\"auto, (max-width: 1024px) 100vw, 1024px\" \/><\/figure><figcaption class=\"coblocks-gallery--caption coblocks-gallery--primary-caption\"><\/figcaption><\/div><\/div><\/div><\/div><\/div><\/div>\n\n\n\n<div style=\"height:30px\" aria-hidden=\"true\" class=\"wp-block-spacer\"><\/div>\n\n\n\n<div class=\"wp-block-columns coblocks-animate is-layout-flex wp-container-core-columns-is-layout-9d6595d7 wp-block-columns-is-layout-flex\" data-coblocks-animation=\"slideInBottom\">\n<div class=\"wp-block-column is-layout-flow wp-block-column-is-layout-flow\">\n<p class=\"has-text-align-center has-large-font-size has-custom-weight\" style=\"font-weight:bold\">Preis\u00fcbersicht<\/p>\n\n\n\n<p class=\"has-text-align-center has-small-font-size\">Serifenschriften + 15%<br>Schreibschriften auf Anfrage<br>Auf einer Schiene vormontiert + 60.00 Euro.<br>auf Ger\u00e4ten vormontiert ab + 120 Euro \/ Lfm<\/p>\n\n\n\n<table id=\"tablepress-7\" class=\"tablepress tablepress-id-7\">\n<tbody class=\"row-striping row-hover\">\n<tr class=\"row-1\">\n\t<td class=\"column-1\"><\/td><td class=\"column-2\"><strong>Acryl klar<\/strong><\/td><td class=\"column-3\"><\/td><td class=\"column-4\"><\/td><td class=\"column-5\"><\/td><td class=\"column-6\"><\/td><td class=\"column-7\"><\/td>\n<\/tr>\n<tr class=\"row-2\">\n\t<td class=\"column-1\"><strong>[mm]<\/strong><\/td><td class=\"column-2\"><strong>3mm<\/strong><\/td><td class=\"column-3\"><strong>5mm<\/strong><\/td><td class=\"column-4\"><strong>8mm<\/strong><\/td><td class=\"column-5\"><strong>10mm<\/strong><\/td><td class=\"column-6\"><strong>15mm<\/strong><\/td><td class=\"column-7\"><strong>20mm<\/strong><\/td>\n<\/tr>\n<tr class=\"row-3\">\n\t<td class=\"column-1\"><strong>100<\/strong><\/td><td class=\"column-2\">7,98\u00a0\u20ac<\/td><td class=\"column-3\">9,43\u00a0\u20ac<\/td><td class=\"column-4\">17,40\u00a0\u20ac<\/td><td class=\"column-5\">19,58\u00a0\u20ac<\/td><td class=\"column-6\">24,65\u00a0\u20ac<\/td><td class=\"column-7\">29,73\u00a0\u20ac<\/td>\n<\/tr>\n<tr class=\"row-4\">\n\t<td class=\"column-1\"><strong>200<\/strong><\/td><td class=\"column-2\">12,33\u00a0\u20ac<\/td><td class=\"column-3\">14,50\u00a0\u20ac<\/td><td class=\"column-4\">25,38\u00a0\u20ac<\/td><td class=\"column-5\">29,73\u00a0\u20ac<\/td><td class=\"column-6\">36,25\u00a0\u20ac<\/td><td class=\"column-7\">45,68\u00a0\u20ac<\/td>\n<\/tr>\n<tr class=\"row-5\">\n\t<td class=\"column-1\"><strong>250<\/strong><\/td><td class=\"column-2\">14,50\u00a0\u20ac<\/td><td class=\"column-3\">15,95\u00a0\u20ac<\/td><td class=\"column-4\">30,45\u00a0\u20ac<\/td><td class=\"column-5\">34,80\u00a0\u20ac<\/td><td class=\"column-6\">43,50\u00a0\u20ac<\/td><td class=\"column-7\">55,10\u00a0\u20ac<\/td>\n<\/tr>\n<tr class=\"row-6\">\n\t<td class=\"column-1\"><strong>300<\/strong><\/td><td class=\"column-2\">15,23\u00a0\u20ac<\/td><td class=\"column-3\">19,58\u00a0\u20ac<\/td><td class=\"column-4\">34,80\u00a0\u20ac<\/td><td class=\"column-5\">39,88\u00a0\u20ac<\/td><td class=\"column-6\">51,48\u00a0\u20ac<\/td><td class=\"column-7\">60,90\u00a0\u20ac<\/td>\n<\/tr>\n<tr class=\"row-7\">\n\t<td class=\"column-1\"><strong>350<\/strong><\/td><td class=\"column-2\">17,40\u00a0\u20ac<\/td><td class=\"column-3\">22,48\u00a0\u20ac<\/td><td class=\"column-4\">39,88\u00a0\u20ac<\/td><td class=\"column-5\">45,68\u00a0\u20ac<\/td><td class=\"column-6\">60,90\u00a0\u20ac<\/td><td class=\"column-7\">71,05\u00a0\u20ac<\/td>\n<\/tr>\n<tr class=\"row-8\">\n\t<td class=\"column-1\"><strong>400<\/strong><\/td><td class=\"column-2\">20,30\u00a0\u20ac<\/td><td class=\"column-3\">25,38\u00a0\u20ac<\/td><td class=\"column-4\">44,95\u00a0\u20ac<\/td><td class=\"column-5\">52,93\u00a0\u20ac<\/td><td class=\"column-6\">68,15\u00a0\u20ac<\/td><td class=\"column-7\">79,03\u00a0\u20ac<\/td>\n<\/tr>\n<tr class=\"row-9\">\n\t<td class=\"column-1\"><strong>500<\/strong><\/td><td class=\"column-2\">30,45\u00a0\u20ac<\/td><td class=\"column-3\">37,70\u00a0\u20ac<\/td><td class=\"column-4\">56,55\u00a0\u20ac<\/td><td class=\"column-5\">65,98\u00a0\u20ac<\/td><td class=\"column-6\">88,45\u00a0\u20ac<\/td><td class=\"column-7\">106,58\u00a0\u20ac<\/td>\n<\/tr>\n<tr class=\"row-10\">\n\t<td class=\"column-1\"><strong>600<\/strong><\/td><td class=\"column-2\">36,25\u00a0\u20ac<\/td><td class=\"column-3\">45,68\u00a0\u20ac<\/td><td class=\"column-4\">68,88\u00a0\u20ac<\/td><td class=\"column-5\">81,93\u00a0\u20ac<\/td><td class=\"column-6\">108,75\u00a0\u20ac<\/td><td class=\"column-7\">132,68\u00a0\u20ac<\/td>\n<\/tr>\n<tr class=\"row-11\">\n\t<td class=\"column-1\"><strong>700<\/strong><\/td><td class=\"column-2\">55,10\u00a0\u20ac<\/td><td class=\"column-3\">68,15\u00a0\u20ac<\/td><td class=\"column-4\">96,43\u00a0\u20ac<\/td><td class=\"column-5\">113,83\u00a0\u20ac<\/td><td class=\"column-6\">152,25\u00a0\u20ac<\/td><td class=\"column-7\">184,88\u00a0\u20ac<\/td>\n<\/tr>\n<tr class=\"row-12\">\n\t<td class=\"column-1\"><strong>800<\/strong><\/td><td class=\"column-2\">61,63\u00a0\u20ac<\/td><td class=\"column-3\">78,30\u00a0\u20ac<\/td><td class=\"column-4\">113,83\u00a0\u20ac<\/td><td class=\"column-5\">134,85\u00a0\u20ac<\/td><td class=\"column-6\">179,80\u00a0\u20ac<\/td><td class=\"column-7\">220,40\u00a0\u20ac<\/td>\n<\/tr>\n<tr class=\"row-13\">\n\t<td class=\"column-1\"><strong>900<\/strong><\/td><td class=\"column-2\">70,33\u00a0\u20ac<\/td><td class=\"column-3\">89,18\u00a0\u20ac<\/td><td class=\"column-4\">129,05\u00a0\u20ac<\/td><td class=\"column-5\">155,15\u00a0\u20ac<\/td><td class=\"column-6\">210,25\u00a0\u20ac<\/td><td class=\"column-7\">258,83\u00a0\u20ac<\/td>\n<\/tr>\n<tr class=\"row-14\">\n\t<td class=\"column-1\"><strong>1000<\/strong><\/td><td class=\"column-2\">76,85\u00a0\u20ac<\/td><td class=\"column-3\">98,60\u00a0\u20ac<\/td><td class=\"column-4\">146,45\u00a0\u20ac<\/td><td class=\"column-5\">175,45\u00a0\u20ac<\/td><td class=\"column-6\">240,70\u00a0\u20ac<\/td><td class=\"column-7\">299,43\u00a0\u20ac<\/td>\n<\/tr>\n<tr class=\"row-15\">\n\t<td class=\"column-1\"><strong>1100<\/strong><\/td><td class=\"column-2\">&#8212;<\/td><td class=\"column-3\">&#8212;<\/td><td class=\"column-4\">&#8212;<\/td><td class=\"column-5\">&#8212;<\/td><td class=\"column-6\">&#8212;<\/td><td class=\"column-7\">&#8212;<\/td>\n<\/tr>\n<tr class=\"row-16\">\n\t<td class=\"column-1\"><strong>1200<\/strong><\/td><td class=\"column-2\">&#8212;<\/td><td class=\"column-3\">&#8212;<\/td><td class=\"column-4\">&#8212;<\/td><td class=\"column-5\">&#8212;<\/td><td class=\"column-6\">&#8212;<\/td><td class=\"column-7\">&#8212;<\/td>\n<\/tr>\n<\/tbody>\n<\/table>\n<!-- #tablepress-7 from cache --><\/div>\n<\/div>\n","protected":false},"excerpt":{"rendered":"<p>Lasergravur und Laserschnitt Mit einer Lasergravur lassen sich verschiedene Materialien wie Holz, Acrylglas und Natursandstein bearbeiten, beschriften und mit Bildern versehen.Diese Hingucker eignen sich auch hervorragend als Geschenkidee oder als individuelle Dekoration f\u00fcr Ihre Gesch\u00e4ftsr\u00e4ume. Preis\u00fcbersicht Serifenschriften + 15%Schreibschriften auf AnfrageAuf einer Schiene vormontiert + 60.00 Euro.auf Ger\u00e4ten vormontiert ab + 120 Euro \/ Lfm<\/p>\n","protected":false},"author":2,"featured_media":0,"parent":0,"menu_order":0,"comment_status":"closed","ping_status":"closed","template":"","meta":{"_coblocks_attr":"","_coblocks_dimensions":"","_coblocks_responsive_height":"","_coblocks_accordion_ie_support":"","_eb_attr":"","neve_meta_sidebar":"","neve_meta_container":"","neve_meta_enable_content_width":"","neve_meta_content_width":0,"neve_meta_title_alignment":"","neve_meta_author_avatar":"","neve_post_elements_order":"","neve_meta_disable_header":"","neve_meta_disable_footer":"","neve_meta_disable_title":"","_themeisle_gutenberg_block_has_review":false,"footnotes":""},"class_list":["post-321","page","type-page","status-publish","hentry"],"yoast_head":"<!-- This site is optimized with the Yoast SEO plugin v26.9 - https:\/\/yoast.com\/product\/yoast-seo-wordpress\/ -->\n<title>Laserschnitt - Hoffschmidt Werbeteam<\/title>\n<meta name=\"description\" content=\"Mit einer Lasergravur lassen sich verschiedene Materialien wie Holz, Acrylglas und Natursandstein bearbeiten, beschriften und mit Bildern versehen.Diese Hingucker eignen sich auch hervorragend als Geschenkidee oder als individuelle Dekoration f\u00fcr Ihre Gesch\u00e4ftsr\u00e4ume.\" \/>\n<meta name=\"robots\" content=\"noindex, follow, max-snippet:-1, max-image-preview:large, max-video-preview:-1\" \/>\n<meta property=\"og:locale\" content=\"de_DE\" \/>\n<meta property=\"og:type\" content=\"article\" \/>\n<meta property=\"og:title\" content=\"Laserschnitt - Hoffschmidt Werbeteam\" \/>\n<meta property=\"og:description\" content=\"Mit einer Lasergravur lassen sich verschiedene Materialien wie Holz, Acrylglas und Natursandstein bearbeiten, beschriften und mit Bildern versehen.Diese Hingucker eignen sich auch hervorragend als Geschenkidee oder als individuelle Dekoration f\u00fcr Ihre Gesch\u00e4ftsr\u00e4ume.\" \/>\n<meta property=\"og:url\" content=\"https:\/\/spielwiese-werbetechnik.net\/index.php\/laserschnitt\/\" \/>\n<meta property=\"og:site_name\" content=\"Hoffschmidt Werbeteam\" \/>\n<meta property=\"article:publisher\" content=\"https:\/\/www.facebook.com\/people\/Hoffschmidt-Werbeteam\" \/>\n<meta property=\"article:modified_time\" content=\"2023-03-06T07:45:34+00:00\" \/>\n<meta property=\"og:image\" content=\"https:\/\/spielwiese-werbetechnik.net\/wp-content\/uploads\/2023\/02\/lasergravur-auf-sandstein-1024x768.jpg\" \/>\n<meta name=\"twitter:card\" content=\"summary_large_image\" \/>\n<meta name=\"twitter:label1\" content=\"Gesch\u00e4tzte Lesezeit\" \/>\n\t<meta name=\"twitter:data1\" content=\"2\u00a0Minuten\" \/>\n<script type=\"application\/ld+json\" class=\"yoast-schema-graph\">{\"@context\":\"https:\/\/schema.org\",\"@graph\":[{\"@type\":\"WebPage\",\"@id\":\"https:\/\/spielwiese-werbetechnik.net\/index.php\/laserschnitt\/\",\"url\":\"https:\/\/spielwiese-werbetechnik.net\/index.php\/laserschnitt\/\",\"name\":\"Laserschnitt - Hoffschmidt Werbeteam\",\"isPartOf\":{\"@id\":\"https:\/\/spielwiese-werbetechnik.net\/#website\"},\"primaryImageOfPage\":{\"@id\":\"https:\/\/spielwiese-werbetechnik.net\/index.php\/laserschnitt\/#primaryimage\"},\"image\":{\"@id\":\"https:\/\/spielwiese-werbetechnik.net\/index.php\/laserschnitt\/#primaryimage\"},\"thumbnailUrl\":\"https:\/\/spielwiese-werbetechnik.net\/wp-content\/uploads\/2023\/02\/lasergravur-auf-sandstein-1024x768.jpg\",\"datePublished\":\"2023-02-09T09:26:43+00:00\",\"dateModified\":\"2023-03-06T07:45:34+00:00\",\"description\":\"Mit einer Lasergravur lassen sich verschiedene Materialien wie Holz, Acrylglas und Natursandstein bearbeiten, beschriften und mit Bildern versehen.Diese Hingucker eignen sich auch hervorragend als Geschenkidee oder als individuelle Dekoration f\u00fcr Ihre Gesch\u00e4ftsr\u00e4ume.\",\"breadcrumb\":{\"@id\":\"https:\/\/spielwiese-werbetechnik.net\/index.php\/laserschnitt\/#breadcrumb\"},\"inLanguage\":\"de\",\"potentialAction\":[{\"@type\":\"ReadAction\",\"target\":[\"https:\/\/spielwiese-werbetechnik.net\/index.php\/laserschnitt\/\"]}]},{\"@type\":\"ImageObject\",\"inLanguage\":\"de\",\"@id\":\"https:\/\/spielwiese-werbetechnik.net\/index.php\/laserschnitt\/#primaryimage\",\"url\":\"https:\/\/spielwiese-werbetechnik.net\/wp-content\/uploads\/2023\/02\/lasergravur-auf-sandstein-scaled.jpg\",\"contentUrl\":\"https:\/\/spielwiese-werbetechnik.net\/wp-content\/uploads\/2023\/02\/lasergravur-auf-sandstein-scaled.jpg\",\"width\":2560,\"height\":1920},{\"@type\":\"BreadcrumbList\",\"@id\":\"https:\/\/spielwiese-werbetechnik.net\/index.php\/laserschnitt\/#breadcrumb\",\"itemListElement\":[{\"@type\":\"ListItem\",\"position\":1,\"name\":\"Startseite\",\"item\":\"https:\/\/spielwiese-werbetechnik.net\/\"},{\"@type\":\"ListItem\",\"position\":2,\"name\":\"Laserschnitt\"}]},{\"@type\":\"WebSite\",\"@id\":\"https:\/\/spielwiese-werbetechnik.net\/#website\",\"url\":\"https:\/\/spielwiese-werbetechnik.net\/\",\"name\":\"Hoffschmidt Werbeteam\",\"description\":\"sichtbar bessere Werbung!\",\"potentialAction\":[{\"@type\":\"SearchAction\",\"target\":{\"@type\":\"EntryPoint\",\"urlTemplate\":\"https:\/\/spielwiese-werbetechnik.net\/?s={search_term_string}\"},\"query-input\":{\"@type\":\"PropertyValueSpecification\",\"valueRequired\":true,\"valueName\":\"search_term_string\"}}],\"inLanguage\":\"de\"}]}<\/script>\n<!-- \/ Yoast SEO plugin. -->","yoast_head_json":{"title":"Laserschnitt - Hoffschmidt Werbeteam","description":"Mit einer Lasergravur lassen sich verschiedene Materialien wie Holz, Acrylglas und Natursandstein bearbeiten, beschriften und mit Bildern versehen.Diese Hingucker eignen sich auch hervorragend als Geschenkidee oder als individuelle Dekoration f\u00fcr Ihre Gesch\u00e4ftsr\u00e4ume.","robots":{"index":"noindex","follow":"follow","max-snippet":"max-snippet:-1","max-image-preview":"max-image-preview:large","max-video-preview":"max-video-preview:-1"},"og_locale":"de_DE","og_type":"article","og_title":"Laserschnitt - Hoffschmidt Werbeteam","og_description":"Mit einer Lasergravur lassen sich verschiedene Materialien wie Holz, Acrylglas und Natursandstein bearbeiten, beschriften und mit Bildern versehen.Diese Hingucker eignen sich auch hervorragend als Geschenkidee oder als individuelle Dekoration f\u00fcr Ihre Gesch\u00e4ftsr\u00e4ume.","og_url":"https:\/\/spielwiese-werbetechnik.net\/index.php\/laserschnitt\/","og_site_name":"Hoffschmidt Werbeteam","article_publisher":"https:\/\/www.facebook.com\/people\/Hoffschmidt-Werbeteam","article_modified_time":"2023-03-06T07:45:34+00:00","og_image":[{"url":"https:\/\/spielwiese-werbetechnik.net\/wp-content\/uploads\/2023\/02\/lasergravur-auf-sandstein-1024x768.jpg","type":"","width":"","height":""}],"twitter_card":"summary_large_image","twitter_misc":{"Gesch\u00e4tzte Lesezeit":"2\u00a0Minuten"},"schema":{"@context":"https:\/\/schema.org","@graph":[{"@type":"WebPage","@id":"https:\/\/spielwiese-werbetechnik.net\/index.php\/laserschnitt\/","url":"https:\/\/spielwiese-werbetechnik.net\/index.php\/laserschnitt\/","name":"Laserschnitt - Hoffschmidt Werbeteam","isPartOf":{"@id":"https:\/\/spielwiese-werbetechnik.net\/#website"},"primaryImageOfPage":{"@id":"https:\/\/spielwiese-werbetechnik.net\/index.php\/laserschnitt\/#primaryimage"},"image":{"@id":"https:\/\/spielwiese-werbetechnik.net\/index.php\/laserschnitt\/#primaryimage"},"thumbnailUrl":"https:\/\/spielwiese-werbetechnik.net\/wp-content\/uploads\/2023\/02\/lasergravur-auf-sandstein-1024x768.jpg","datePublished":"2023-02-09T09:26:43+00:00","dateModified":"2023-03-06T07:45:34+00:00","description":"Mit einer Lasergravur lassen sich verschiedene Materialien wie Holz, Acrylglas und Natursandstein bearbeiten, beschriften und mit Bildern versehen.Diese Hingucker eignen sich auch hervorragend als Geschenkidee oder als individuelle Dekoration f\u00fcr Ihre Gesch\u00e4ftsr\u00e4ume.","breadcrumb":{"@id":"https:\/\/spielwiese-werbetechnik.net\/index.php\/laserschnitt\/#breadcrumb"},"inLanguage":"de","potentialAction":[{"@type":"ReadAction","target":["https:\/\/spielwiese-werbetechnik.net\/index.php\/laserschnitt\/"]}]},{"@type":"ImageObject","inLanguage":"de","@id":"https:\/\/spielwiese-werbetechnik.net\/index.php\/laserschnitt\/#primaryimage","url":"https:\/\/spielwiese-werbetechnik.net\/wp-content\/uploads\/2023\/02\/lasergravur-auf-sandstein-scaled.jpg","contentUrl":"https:\/\/spielwiese-werbetechnik.net\/wp-content\/uploads\/2023\/02\/lasergravur-auf-sandstein-scaled.jpg","width":2560,"height":1920},{"@type":"BreadcrumbList","@id":"https:\/\/spielwiese-werbetechnik.net\/index.php\/laserschnitt\/#breadcrumb","itemListElement":[{"@type":"ListItem","position":1,"name":"Startseite","item":"https:\/\/spielwiese-werbetechnik.net\/"},{"@type":"ListItem","position":2,"name":"Laserschnitt"}]},{"@type":"WebSite","@id":"https:\/\/spielwiese-werbetechnik.net\/#website","url":"https:\/\/spielwiese-werbetechnik.net\/","name":"Hoffschmidt Werbeteam","description":"sichtbar bessere Werbung!","potentialAction":[{"@type":"SearchAction","target":{"@type":"EntryPoint","urlTemplate":"https:\/\/spielwiese-werbetechnik.net\/?s={search_term_string}"},"query-input":{"@type":"PropertyValueSpecification","valueRequired":true,"valueName":"search_term_string"}}],"inLanguage":"de"}]}},"_links":{"self":[{"href":"https:\/\/spielwiese-werbetechnik.net\/index.php\/wp-json\/wp\/v2\/pages\/321","targetHints":{"allow":["GET"]}}],"collection":[{"href":"https:\/\/spielwiese-werbetechnik.net\/index.php\/wp-json\/wp\/v2\/pages"}],"about":[{"href":"https:\/\/spielwiese-werbetechnik.net\/index.php\/wp-json\/wp\/v2\/types\/page"}],"author":[{"embeddable":true,"href":"https:\/\/spielwiese-werbetechnik.net\/index.php\/wp-json\/wp\/v2\/users\/2"}],"replies":[{"embeddable":true,"href":"https:\/\/spielwiese-werbetechnik.net\/index.php\/wp-json\/wp\/v2\/comments?post=321"}],"version-history":[{"count":19,"href":"https:\/\/spielwiese-werbetechnik.net\/index.php\/wp-json\/wp\/v2\/pages\/321\/revisions"}],"predecessor-version":[{"id":1307,"href":"https:\/\/spielwiese-werbetechnik.net\/index.php\/wp-json\/wp\/v2\/pages\/321\/revisions\/1307"}],"wp:attachment":[{"href":"https:\/\/spielwiese-werbetechnik.net\/index.php\/wp-json\/wp\/v2\/media?parent=321"}],"curies":[{"name":"wp","href":"https:\/\/api.w.org\/{rel}","templated":true}]}}