{"id":326,"date":"2023-02-09T09:27:02","date_gmt":"2023-02-09T09:27:02","guid":{"rendered":"https:\/\/spielwiese-werbetechnik.net\/?page_id=326"},"modified":"2023-03-03T07:56:30","modified_gmt":"2023-03-03T07:56:30","slug":"sonderanfertigung","status":"publish","type":"page","link":"https:\/\/spielwiese-werbetechnik.net\/index.php\/sonderanfertigung\/","title":{"rendered":"Sonderanfertigung"},"content":{"rendered":"\n<div id=\"wp-block-themeisle-blocks-advanced-columns-2c60bc77\" class=\"wp-block-themeisle-blocks-advanced-columns alignfull has-1-columns has-desktop-equal-layout has-tablet-equal-layout has-mobile-collapsedRows-layout has-reverse-columns-mobile has-vertical-center ticss-c00aadba\"><div class=\"wp-block-themeisle-blocks-advanced-columns-overlay\"><\/div><div class=\"innerblocks-wrap\">\n<div id=\"wp-block-themeisle-blocks-advanced-column-75b9263d\" class=\"wp-block-themeisle-blocks-advanced-column\">\n<div style=\"height:100px\" aria-hidden=\"true\" class=\"wp-block-spacer\"><\/div>\n\n\n\n<h1 id=\"wp-block-themeisle-blocks-advanced-heading-5d5675df\" class=\"wp-block-themeisle-blocks-advanced-heading wp-block-themeisle-blocks-advanced-heading-5d5675df\">Wir entwerfen, planen und produzieren<\/h1>\n\n\n\n<p id=\"wp-block-themeisle-blocks-advanced-heading-40ecd43d\" class=\"wp-block-themeisle-blocks-advanced-heading wp-block-themeisle-blocks-advanced-heading-40ecd43d\">Individuell auf Ihre Bed\u00fcrfnisse angepasste Pr\u00e4sentationssysteme, sowie Prospekthalter, Serviettenhalter, Tischst\u00e4nder und vieles mehr.<\/p>\n\n\n\n<div style=\"height:100px\" aria-hidden=\"true\" class=\"wp-block-spacer\"><\/div>\n<\/div>\n<\/div><\/div>\n\n\n\n<div style=\"height:30px\" aria-hidden=\"true\" class=\"wp-block-spacer\"><\/div>\n\n\n\n<div aria-label=\"Carousel Gallery\" class=\"wp-block-coblocks-gallery-carousel alignfull\"><div class=\"coblocks-gallery-carousel-swiper-container is-cropped coblocks-gallery has-caption-style-dark has-horizontal-gutter has-lightbox has-no-thumbnails\"><div class=\"has-carousel has-carousel-med swiper-container has-aligned-cells has-responsive-height\" data-swiper=\"{&quot;alignCells&quot;:true,&quot;autoPlay&quot;:true,&quot;autoPlaySpeed&quot;:&quot;2000&quot;,&quot;draggable&quot;:true,&quot;freeMode&quot;:false,&quot;loop&quot;:true,&quot;navigation&quot;:false,&quot;pageDots&quot;:false,&quot;pauseHover&quot;:true,&quot;responsiveHeight&quot;:true,&quot;slidesPerView&quot;:4,&quot;thumbnails&quot;:false,&quot;uuid&quot;:&quot;12345&quot;}\" style=\"height:400px\"><div class=\"swiper-wrapper\"><div class=\"swiper-slide\"><div class=\"coblocks-gallery--item\" role=\"button\" tabindex=\"0\"><figure class=\"coblocks-gallery--figure has-margin-left-5 has-margin-left-mobile-5 has-margin-right-5 has-margin-right-mobile-5\"><img loading=\"lazy\" decoding=\"async\" width=\"1024\" height=\"768\" alt=\"\" class=\"wp-image-861\" data-id=\"861\" data-link=\"https:\/\/spielwiese-werbetechnik.net\/index.php\/laserschnitt\/lasergravur-auf-sandstein\/\" src=\"https:\/\/spielwiese-werbetechnik.net\/wp-content\/uploads\/2023\/02\/lasergravur-auf-sandstein-1024x768.jpg\" srcset=\"https:\/\/spielwiese-werbetechnik.net\/wp-content\/uploads\/2023\/02\/lasergravur-auf-sandstein-1024x768.jpg 1024w, https:\/\/spielwiese-werbetechnik.net\/wp-content\/uploads\/2023\/02\/lasergravur-auf-sandstein-300x225.jpg 300w, https:\/\/spielwiese-werbetechnik.net\/wp-content\/uploads\/2023\/02\/lasergravur-auf-sandstein-768x576.jpg 768w, https:\/\/spielwiese-werbetechnik.net\/wp-content\/uploads\/2023\/02\/lasergravur-auf-sandstein-1536x1152.jpg 1536w, https:\/\/spielwiese-werbetechnik.net\/wp-content\/uploads\/2023\/02\/lasergravur-auf-sandstein-2048x1536.jpg 2048w\" sizes=\"auto, (max-width: 1024px) 100vw, 1024px\" \/><\/figure><figcaption class=\"coblocks-gallery--caption coblocks-gallery--primary-caption\"><\/figcaption><\/div><\/div><div class=\"swiper-slide\"><div class=\"coblocks-gallery--item\" role=\"button\" tabindex=\"1\"><figure class=\"coblocks-gallery--figure has-margin-left-5 has-margin-left-mobile-5 has-margin-right-5 has-margin-right-mobile-5\"><img loading=\"lazy\" decoding=\"async\" width=\"768\" height=\"1024\" alt=\"\" class=\"wp-image-860\" data-id=\"860\" data-link=\"https:\/\/spielwiese-werbetechnik.net\/index.php\/laserschnitt\/dsc_7486\/\" src=\"https:\/\/spielwiese-werbetechnik.net\/wp-content\/uploads\/2023\/02\/DSC_7486-768x1024.jpg\" srcset=\"https:\/\/spielwiese-werbetechnik.net\/wp-content\/uploads\/2023\/02\/DSC_7486-768x1024.jpg 768w, https:\/\/spielwiese-werbetechnik.net\/wp-content\/uploads\/2023\/02\/DSC_7486-225x300.jpg 225w, https:\/\/spielwiese-werbetechnik.net\/wp-content\/uploads\/2023\/02\/DSC_7486-1152x1536.jpg 1152w, https:\/\/spielwiese-werbetechnik.net\/wp-content\/uploads\/2023\/02\/DSC_7486-1536x2048.jpg 1536w, https:\/\/spielwiese-werbetechnik.net\/wp-content\/uploads\/2023\/02\/DSC_7486-scaled.jpg 1920w\" sizes=\"auto, (max-width: 768px) 100vw, 768px\" \/><\/figure><figcaption class=\"coblocks-gallery--caption coblocks-gallery--primary-caption\"><\/figcaption><\/div><\/div><div class=\"swiper-slide\"><div class=\"coblocks-gallery--item\" role=\"button\" tabindex=\"2\"><figure class=\"coblocks-gallery--figure has-margin-left-5 has-margin-left-mobile-5 has-margin-right-5 has-margin-right-mobile-5\"><img loading=\"lazy\" decoding=\"async\" width=\"1024\" height=\"681\" alt=\"\" class=\"wp-image-858\" data-id=\"858\" data-link=\"https:\/\/spielwiese-werbetechnik.net\/index.php\/laserschnitt\/bild-gelasert_1\/\" src=\"https:\/\/spielwiese-werbetechnik.net\/wp-content\/uploads\/2023\/02\/Bild-Gelasert_1-1024x681.jpg\" srcset=\"https:\/\/spielwiese-werbetechnik.net\/wp-content\/uploads\/2023\/02\/Bild-Gelasert_1-1024x681.jpg 1024w, https:\/\/spielwiese-werbetechnik.net\/wp-content\/uploads\/2023\/02\/Bild-Gelasert_1-300x200.jpg 300w, https:\/\/spielwiese-werbetechnik.net\/wp-content\/uploads\/2023\/02\/Bild-Gelasert_1-768x511.jpg 768w, https:\/\/spielwiese-werbetechnik.net\/wp-content\/uploads\/2023\/02\/Bild-Gelasert_1-1536x1022.jpg 1536w, https:\/\/spielwiese-werbetechnik.net\/wp-content\/uploads\/2023\/02\/Bild-Gelasert_1-2048x1363.jpg 2048w\" sizes=\"auto, (max-width: 1024px) 100vw, 1024px\" \/><\/figure><figcaption class=\"coblocks-gallery--caption coblocks-gallery--primary-caption\"><\/figcaption><\/div><\/div><div class=\"swiper-slide\"><div class=\"coblocks-gallery--item\" role=\"button\" tabindex=\"3\"><figure class=\"coblocks-gallery--figure has-margin-left-5 has-margin-left-mobile-5 has-margin-right-5 has-margin-right-mobile-5\"><img loading=\"lazy\" decoding=\"async\" width=\"768\" height=\"1024\" alt=\"\" class=\"wp-image-857\" data-id=\"857\" data-link=\"https:\/\/spielwiese-werbetechnik.net\/index.php\/laserschnitt\/laserschnitt-2\/\" src=\"https:\/\/spielwiese-werbetechnik.net\/wp-content\/uploads\/2023\/02\/laserschnitt-768x1024.jpg\" srcset=\"https:\/\/spielwiese-werbetechnik.net\/wp-content\/uploads\/2023\/02\/laserschnitt-768x1024.jpg 768w, https:\/\/spielwiese-werbetechnik.net\/wp-content\/uploads\/2023\/02\/laserschnitt-225x300.jpg 225w, https:\/\/spielwiese-werbetechnik.net\/wp-content\/uploads\/2023\/02\/laserschnitt-1152x1536.jpg 1152w, https:\/\/spielwiese-werbetechnik.net\/wp-content\/uploads\/2023\/02\/laserschnitt-1536x2048.jpg 1536w, https:\/\/spielwiese-werbetechnik.net\/wp-content\/uploads\/2023\/02\/laserschnitt-scaled.jpg 1920w\" sizes=\"auto, (max-width: 768px) 100vw, 768px\" \/><\/figure><figcaption class=\"coblocks-gallery--caption coblocks-gallery--primary-caption\"><\/figcaption><\/div><\/div><div class=\"swiper-slide\"><div class=\"coblocks-gallery--item\" role=\"button\" tabindex=\"4\"><figure class=\"coblocks-gallery--figure has-margin-left-5 has-margin-left-mobile-5 has-margin-right-5 has-margin-right-mobile-5\"><img loading=\"lazy\" decoding=\"async\" width=\"1024\" height=\"834\" alt=\"\" class=\"wp-image-431\" data-id=\"431\" data-link=\"https:\/\/spielwiese-werbetechnik.net\/index.php\/ausstecktransparente-2\/servettenhalter_schmeckwerk\/\" src=\"https:\/\/spielwiese-werbetechnik.net\/wp-content\/uploads\/2023\/02\/Servettenhalter_Schmeckwerk-1024x834.jpg\" srcset=\"https:\/\/spielwiese-werbetechnik.net\/wp-content\/uploads\/2023\/02\/Servettenhalter_Schmeckwerk-1024x834.jpg 1024w, https:\/\/spielwiese-werbetechnik.net\/wp-content\/uploads\/2023\/02\/Servettenhalter_Schmeckwerk-300x244.jpg 300w, https:\/\/spielwiese-werbetechnik.net\/wp-content\/uploads\/2023\/02\/Servettenhalter_Schmeckwerk-768x626.jpg 768w, https:\/\/spielwiese-werbetechnik.net\/wp-content\/uploads\/2023\/02\/Servettenhalter_Schmeckwerk-1536x1252.jpg 1536w, https:\/\/spielwiese-werbetechnik.net\/wp-content\/uploads\/2023\/02\/Servettenhalter_Schmeckwerk-2048x1669.jpg 2048w\" sizes=\"auto, (max-width: 1024px) 100vw, 1024px\" \/><\/figure><figcaption class=\"coblocks-gallery--caption coblocks-gallery--primary-caption\"><\/figcaption><\/div><\/div><div class=\"swiper-slide\"><div class=\"coblocks-gallery--item\" role=\"button\" tabindex=\"5\"><figure class=\"coblocks-gallery--figure has-margin-left-5 has-margin-left-mobile-5 has-margin-right-5 has-margin-right-mobile-5\"><img loading=\"lazy\" decoding=\"async\" width=\"1024\" height=\"699\" alt=\"\" class=\"wp-image-430\" data-id=\"430\" data-link=\"https:\/\/spielwiese-werbetechnik.net\/index.php\/ausstecktransparente-2\/servettenhalter_panter\/\" src=\"https:\/\/spielwiese-werbetechnik.net\/wp-content\/uploads\/2023\/02\/Servettenhalter_Panter-1024x699.jpg\" srcset=\"https:\/\/spielwiese-werbetechnik.net\/wp-content\/uploads\/2023\/02\/Servettenhalter_Panter-1024x699.jpg 1024w, https:\/\/spielwiese-werbetechnik.net\/wp-content\/uploads\/2023\/02\/Servettenhalter_Panter-300x205.jpg 300w, https:\/\/spielwiese-werbetechnik.net\/wp-content\/uploads\/2023\/02\/Servettenhalter_Panter-768x524.jpg 768w, https:\/\/spielwiese-werbetechnik.net\/wp-content\/uploads\/2023\/02\/Servettenhalter_Panter-1536x1048.jpg 1536w, https:\/\/spielwiese-werbetechnik.net\/wp-content\/uploads\/2023\/02\/Servettenhalter_Panter-2048x1397.jpg 2048w\" sizes=\"auto, (max-width: 1024px) 100vw, 1024px\" \/><\/figure><figcaption class=\"coblocks-gallery--caption coblocks-gallery--primary-caption\"><\/figcaption><\/div><\/div><div class=\"swiper-slide\"><div class=\"coblocks-gallery--item\" role=\"button\" tabindex=\"6\"><figure class=\"coblocks-gallery--figure has-margin-left-5 has-margin-left-mobile-5 has-margin-right-5 has-margin-right-mobile-5\"><img loading=\"lazy\" decoding=\"async\" width=\"1024\" height=\"834\" alt=\"\" class=\"wp-image-413\" data-id=\"413\" data-link=\"https:\/\/spielwiese-werbetechnik.net\/index.php\/ausstecktransparente-2\/jubeleumsgeschenk_isg\/\" src=\"https:\/\/spielwiese-werbetechnik.net\/wp-content\/uploads\/2023\/02\/Jubeleumsgeschenk_ISG-1024x834.jpg\" srcset=\"https:\/\/spielwiese-werbetechnik.net\/wp-content\/uploads\/2023\/02\/Jubeleumsgeschenk_ISG-1024x834.jpg 1024w, https:\/\/spielwiese-werbetechnik.net\/wp-content\/uploads\/2023\/02\/Jubeleumsgeschenk_ISG-300x244.jpg 300w, https:\/\/spielwiese-werbetechnik.net\/wp-content\/uploads\/2023\/02\/Jubeleumsgeschenk_ISG-768x626.jpg 768w, https:\/\/spielwiese-werbetechnik.net\/wp-content\/uploads\/2023\/02\/Jubeleumsgeschenk_ISG-1536x1252.jpg 1536w, https:\/\/spielwiese-werbetechnik.net\/wp-content\/uploads\/2023\/02\/Jubeleumsgeschenk_ISG-2048x1669.jpg 2048w\" sizes=\"auto, (max-width: 1024px) 100vw, 1024px\" \/><\/figure><figcaption class=\"coblocks-gallery--caption coblocks-gallery--primary-caption\"><\/figcaption><\/div><\/div><div class=\"swiper-slide\"><div class=\"coblocks-gallery--item\" role=\"button\" tabindex=\"7\"><figure class=\"coblocks-gallery--figure has-margin-left-5 has-margin-left-mobile-5 has-margin-right-5 has-margin-right-mobile-5\"><img loading=\"lazy\" decoding=\"async\" width=\"1024\" height=\"576\" alt=\"\" class=\"wp-image-386\" data-id=\"386\" data-link=\"https:\/\/spielwiese-werbetechnik.net\/index.php\/ausstecktransparente-2\/dsc_0437\/\" src=\"https:\/\/spielwiese-werbetechnik.net\/wp-content\/uploads\/2023\/02\/DSC_0437-1024x576.jpg\" srcset=\"https:\/\/spielwiese-werbetechnik.net\/wp-content\/uploads\/2023\/02\/DSC_0437-1024x576.jpg 1024w, https:\/\/spielwiese-werbetechnik.net\/wp-content\/uploads\/2023\/02\/DSC_0437-300x169.jpg 300w, https:\/\/spielwiese-werbetechnik.net\/wp-content\/uploads\/2023\/02\/DSC_0437-768x432.jpg 768w, https:\/\/spielwiese-werbetechnik.net\/wp-content\/uploads\/2023\/02\/DSC_0437-1536x864.jpg 1536w, https:\/\/spielwiese-werbetechnik.net\/wp-content\/uploads\/2023\/02\/DSC_0437-2048x1152.jpg 2048w\" sizes=\"auto, (max-width: 1024px) 100vw, 1024px\" \/><\/figure><figcaption class=\"coblocks-gallery--caption coblocks-gallery--primary-caption\"><\/figcaption><\/div><\/div><div class=\"swiper-slide\"><div class=\"coblocks-gallery--item\" role=\"button\" tabindex=\"8\"><figure class=\"coblocks-gallery--figure has-margin-left-5 has-margin-left-mobile-5 has-margin-right-5 has-margin-right-mobile-5\"><img loading=\"lazy\" decoding=\"async\" width=\"1024\" height=\"576\" alt=\"\" class=\"wp-image-385\" data-id=\"385\" data-link=\"https:\/\/spielwiese-werbetechnik.net\/index.php\/ausstecktransparente-2\/dsc_0436\/\" src=\"https:\/\/spielwiese-werbetechnik.net\/wp-content\/uploads\/2023\/02\/DSC_0436-1024x576.jpg\" srcset=\"https:\/\/spielwiese-werbetechnik.net\/wp-content\/uploads\/2023\/02\/DSC_0436-1024x576.jpg 1024w, https:\/\/spielwiese-werbetechnik.net\/wp-content\/uploads\/2023\/02\/DSC_0436-300x169.jpg 300w, https:\/\/spielwiese-werbetechnik.net\/wp-content\/uploads\/2023\/02\/DSC_0436-768x432.jpg 768w, https:\/\/spielwiese-werbetechnik.net\/wp-content\/uploads\/2023\/02\/DSC_0436-1536x864.jpg 1536w, https:\/\/spielwiese-werbetechnik.net\/wp-content\/uploads\/2023\/02\/DSC_0436-2048x1152.jpg 2048w\" sizes=\"auto, (max-width: 1024px) 100vw, 1024px\" \/><\/figure><figcaption class=\"coblocks-gallery--caption coblocks-gallery--primary-caption\"><\/figcaption><\/div><\/div><\/div><\/div><\/div><\/div>\n","protected":false},"excerpt":{"rendered":"","protected":false},"author":2,"featured_media":0,"parent":0,"menu_order":0,"comment_status":"closed","ping_status":"closed","template":"","meta":{"_coblocks_attr":"","_coblocks_dimensions":"","_coblocks_responsive_height":"","_coblocks_accordion_ie_support":"","_eb_attr":"","neve_meta_sidebar":"","neve_meta_container":"","neve_meta_enable_content_width":"","neve_meta_content_width":0,"neve_meta_title_alignment":"","neve_meta_author_avatar":"","neve_post_elements_order":"","neve_meta_disable_header":"","neve_meta_disable_footer":"","neve_meta_disable_title":"","_themeisle_gutenberg_block_has_review":false,"footnotes":""},"class_list":["post-326","page","type-page","status-publish","hentry"],"yoast_head":"<!-- This site is optimized with the Yoast SEO plugin v26.9 - https:\/\/yoast.com\/product\/yoast-seo-wordpress\/ -->\n<title>Sonderanfertigung - Hoffschmidt Werbeteam<\/title>\n<meta name=\"description\" content=\"Mit einer Lasergravur lassen sich verschiedene Materialien wie Holz, Acrylglas und Natursandstein bearbeiten, beschriften und mit Bildern versehen.Diese Hingucker eignen sich auch hervorragend als Geschenkidee oder als individuelle Dekoration f\u00fcr Ihre Gesch\u00e4ftsr\u00e4ume.\" \/>\n<meta name=\"robots\" content=\"noindex, follow, max-snippet:-1, max-image-preview:large, max-video-preview:-1\" \/>\n<meta property=\"og:locale\" content=\"de_DE\" \/>\n<meta property=\"og:type\" content=\"article\" \/>\n<meta property=\"og:title\" content=\"Sonderanfertigung - Hoffschmidt Werbeteam\" \/>\n<meta property=\"og:description\" content=\"Mit einer Lasergravur lassen sich verschiedene Materialien wie Holz, Acrylglas und Natursandstein bearbeiten, beschriften und mit Bildern versehen.Diese Hingucker eignen sich auch hervorragend als Geschenkidee oder als individuelle Dekoration f\u00fcr Ihre Gesch\u00e4ftsr\u00e4ume.\" \/>\n<meta property=\"og:url\" content=\"https:\/\/spielwiese-werbetechnik.net\/index.php\/sonderanfertigung\/\" \/>\n<meta property=\"og:site_name\" content=\"Hoffschmidt Werbeteam\" \/>\n<meta property=\"article:publisher\" content=\"https:\/\/www.facebook.com\/people\/Hoffschmidt-Werbeteam\" \/>\n<meta property=\"article:modified_time\" content=\"2023-03-03T07:56:30+00:00\" \/>\n<meta property=\"og:image\" content=\"https:\/\/spielwiese-werbetechnik.net\/wp-content\/uploads\/2023\/02\/lasergravur-auf-sandstein-1024x768.jpg\" \/>\n<meta name=\"twitter:card\" content=\"summary_large_image\" \/>\n<meta name=\"twitter:label1\" content=\"Gesch\u00e4tzte Lesezeit\" \/>\n\t<meta name=\"twitter:data1\" content=\"2\u00a0Minuten\" \/>\n<script type=\"application\/ld+json\" class=\"yoast-schema-graph\">{\"@context\":\"https:\/\/schema.org\",\"@graph\":[{\"@type\":\"WebPage\",\"@id\":\"https:\/\/spielwiese-werbetechnik.net\/index.php\/sonderanfertigung\/\",\"url\":\"https:\/\/spielwiese-werbetechnik.net\/index.php\/sonderanfertigung\/\",\"name\":\"Sonderanfertigung - Hoffschmidt Werbeteam\",\"isPartOf\":{\"@id\":\"https:\/\/spielwiese-werbetechnik.net\/#website\"},\"primaryImageOfPage\":{\"@id\":\"https:\/\/spielwiese-werbetechnik.net\/index.php\/sonderanfertigung\/#primaryimage\"},\"image\":{\"@id\":\"https:\/\/spielwiese-werbetechnik.net\/index.php\/sonderanfertigung\/#primaryimage\"},\"thumbnailUrl\":\"https:\/\/spielwiese-werbetechnik.net\/wp-content\/uploads\/2023\/02\/lasergravur-auf-sandstein-1024x768.jpg\",\"datePublished\":\"2023-02-09T09:27:02+00:00\",\"dateModified\":\"2023-03-03T07:56:30+00:00\",\"description\":\"Mit einer Lasergravur lassen sich verschiedene Materialien wie Holz, Acrylglas und Natursandstein bearbeiten, beschriften und mit Bildern versehen.Diese Hingucker eignen sich auch hervorragend als Geschenkidee oder als individuelle Dekoration f\u00fcr Ihre Gesch\u00e4ftsr\u00e4ume.\",\"breadcrumb\":{\"@id\":\"https:\/\/spielwiese-werbetechnik.net\/index.php\/sonderanfertigung\/#breadcrumb\"},\"inLanguage\":\"de\",\"potentialAction\":[{\"@type\":\"ReadAction\",\"target\":[\"https:\/\/spielwiese-werbetechnik.net\/index.php\/sonderanfertigung\/\"]}]},{\"@type\":\"ImageObject\",\"inLanguage\":\"de\",\"@id\":\"https:\/\/spielwiese-werbetechnik.net\/index.php\/sonderanfertigung\/#primaryimage\",\"url\":\"https:\/\/spielwiese-werbetechnik.net\/wp-content\/uploads\/2023\/02\/lasergravur-auf-sandstein-scaled.jpg\",\"contentUrl\":\"https:\/\/spielwiese-werbetechnik.net\/wp-content\/uploads\/2023\/02\/lasergravur-auf-sandstein-scaled.jpg\",\"width\":2560,\"height\":1920},{\"@type\":\"BreadcrumbList\",\"@id\":\"https:\/\/spielwiese-werbetechnik.net\/index.php\/sonderanfertigung\/#breadcrumb\",\"itemListElement\":[{\"@type\":\"ListItem\",\"position\":1,\"name\":\"Startseite\",\"item\":\"https:\/\/spielwiese-werbetechnik.net\/\"},{\"@type\":\"ListItem\",\"position\":2,\"name\":\"Sonderanfertigung\"}]},{\"@type\":\"WebSite\",\"@id\":\"https:\/\/spielwiese-werbetechnik.net\/#website\",\"url\":\"https:\/\/spielwiese-werbetechnik.net\/\",\"name\":\"Hoffschmidt Werbeteam\",\"description\":\"sichtbar bessere Werbung!\",\"potentialAction\":[{\"@type\":\"SearchAction\",\"target\":{\"@type\":\"EntryPoint\",\"urlTemplate\":\"https:\/\/spielwiese-werbetechnik.net\/?s={search_term_string}\"},\"query-input\":{\"@type\":\"PropertyValueSpecification\",\"valueRequired\":true,\"valueName\":\"search_term_string\"}}],\"inLanguage\":\"de\"}]}<\/script>\n<!-- \/ Yoast SEO plugin. -->","yoast_head_json":{"title":"Sonderanfertigung - Hoffschmidt Werbeteam","description":"Mit einer Lasergravur lassen sich verschiedene Materialien wie Holz, Acrylglas und Natursandstein bearbeiten, beschriften und mit Bildern versehen.Diese Hingucker eignen sich auch hervorragend als Geschenkidee oder als individuelle Dekoration f\u00fcr Ihre Gesch\u00e4ftsr\u00e4ume.","robots":{"index":"noindex","follow":"follow","max-snippet":"max-snippet:-1","max-image-preview":"max-image-preview:large","max-video-preview":"max-video-preview:-1"},"og_locale":"de_DE","og_type":"article","og_title":"Sonderanfertigung - Hoffschmidt Werbeteam","og_description":"Mit einer Lasergravur lassen sich verschiedene Materialien wie Holz, Acrylglas und Natursandstein bearbeiten, beschriften und mit Bildern versehen.Diese Hingucker eignen sich auch hervorragend als Geschenkidee oder als individuelle Dekoration f\u00fcr Ihre Gesch\u00e4ftsr\u00e4ume.","og_url":"https:\/\/spielwiese-werbetechnik.net\/index.php\/sonderanfertigung\/","og_site_name":"Hoffschmidt Werbeteam","article_publisher":"https:\/\/www.facebook.com\/people\/Hoffschmidt-Werbeteam","article_modified_time":"2023-03-03T07:56:30+00:00","og_image":[{"url":"https:\/\/spielwiese-werbetechnik.net\/wp-content\/uploads\/2023\/02\/lasergravur-auf-sandstein-1024x768.jpg","type":"","width":"","height":""}],"twitter_card":"summary_large_image","twitter_misc":{"Gesch\u00e4tzte Lesezeit":"2\u00a0Minuten"},"schema":{"@context":"https:\/\/schema.org","@graph":[{"@type":"WebPage","@id":"https:\/\/spielwiese-werbetechnik.net\/index.php\/sonderanfertigung\/","url":"https:\/\/spielwiese-werbetechnik.net\/index.php\/sonderanfertigung\/","name":"Sonderanfertigung - Hoffschmidt Werbeteam","isPartOf":{"@id":"https:\/\/spielwiese-werbetechnik.net\/#website"},"primaryImageOfPage":{"@id":"https:\/\/spielwiese-werbetechnik.net\/index.php\/sonderanfertigung\/#primaryimage"},"image":{"@id":"https:\/\/spielwiese-werbetechnik.net\/index.php\/sonderanfertigung\/#primaryimage"},"thumbnailUrl":"https:\/\/spielwiese-werbetechnik.net\/wp-content\/uploads\/2023\/02\/lasergravur-auf-sandstein-1024x768.jpg","datePublished":"2023-02-09T09:27:02+00:00","dateModified":"2023-03-03T07:56:30+00:00","description":"Mit einer Lasergravur lassen sich verschiedene Materialien wie Holz, Acrylglas und Natursandstein bearbeiten, beschriften und mit Bildern versehen.Diese Hingucker eignen sich auch hervorragend als Geschenkidee oder als individuelle Dekoration f\u00fcr Ihre Gesch\u00e4ftsr\u00e4ume.","breadcrumb":{"@id":"https:\/\/spielwiese-werbetechnik.net\/index.php\/sonderanfertigung\/#breadcrumb"},"inLanguage":"de","potentialAction":[{"@type":"ReadAction","target":["https:\/\/spielwiese-werbetechnik.net\/index.php\/sonderanfertigung\/"]}]},{"@type":"ImageObject","inLanguage":"de","@id":"https:\/\/spielwiese-werbetechnik.net\/index.php\/sonderanfertigung\/#primaryimage","url":"https:\/\/spielwiese-werbetechnik.net\/wp-content\/uploads\/2023\/02\/lasergravur-auf-sandstein-scaled.jpg","contentUrl":"https:\/\/spielwiese-werbetechnik.net\/wp-content\/uploads\/2023\/02\/lasergravur-auf-sandstein-scaled.jpg","width":2560,"height":1920},{"@type":"BreadcrumbList","@id":"https:\/\/spielwiese-werbetechnik.net\/index.php\/sonderanfertigung\/#breadcrumb","itemListElement":[{"@type":"ListItem","position":1,"name":"Startseite","item":"https:\/\/spielwiese-werbetechnik.net\/"},{"@type":"ListItem","position":2,"name":"Sonderanfertigung"}]},{"@type":"WebSite","@id":"https:\/\/spielwiese-werbetechnik.net\/#website","url":"https:\/\/spielwiese-werbetechnik.net\/","name":"Hoffschmidt Werbeteam","description":"sichtbar bessere Werbung!","potentialAction":[{"@type":"SearchAction","target":{"@type":"EntryPoint","urlTemplate":"https:\/\/spielwiese-werbetechnik.net\/?s={search_term_string}"},"query-input":{"@type":"PropertyValueSpecification","valueRequired":true,"valueName":"search_term_string"}}],"inLanguage":"de"}]}},"_links":{"self":[{"href":"https:\/\/spielwiese-werbetechnik.net\/index.php\/wp-json\/wp\/v2\/pages\/326","targetHints":{"allow":["GET"]}}],"collection":[{"href":"https:\/\/spielwiese-werbetechnik.net\/index.php\/wp-json\/wp\/v2\/pages"}],"about":[{"href":"https:\/\/spielwiese-werbetechnik.net\/index.php\/wp-json\/wp\/v2\/types\/page"}],"author":[{"embeddable":true,"href":"https:\/\/spielwiese-werbetechnik.net\/index.php\/wp-json\/wp\/v2\/users\/2"}],"replies":[{"embeddable":true,"href":"https:\/\/spielwiese-werbetechnik.net\/index.php\/wp-json\/wp\/v2\/comments?post=326"}],"version-history":[{"count":9,"href":"https:\/\/spielwiese-werbetechnik.net\/index.php\/wp-json\/wp\/v2\/pages\/326\/revisions"}],"predecessor-version":[{"id":915,"href":"https:\/\/spielwiese-werbetechnik.net\/index.php\/wp-json\/wp\/v2\/pages\/326\/revisions\/915"}],"wp:attachment":[{"href":"https:\/\/spielwiese-werbetechnik.net\/index.php\/wp-json\/wp\/v2\/media?parent=326"}],"curies":[{"name":"wp","href":"https:\/\/api.w.org\/{rel}","templated":true}]}}